{"id":1900,"date":"2024-03-01T22:07:33","date_gmt":"2024-03-02T03:07:33","guid":{"rendered":"https:\/\/disciplesdeyahushua.com\/?page_id=1900"},"modified":"2024-12-28T19:28:17","modified_gmt":"2024-12-29T00:28:17","slug":"messages-dexhortation-et-davertissements-de-yahushua-aux-sept-assemblees-de-lasie-mineure","status":"publish","type":"page","link":"https:\/\/disciplesdeyahushua.com\/index.php\/messages-dexhortation-et-davertissements-de-yahushua-aux-sept-assemblees-de-lasie-mineure\/","title":{"rendered":"Messages d&rsquo;exhortation et d&rsquo;avertissements de Yahushua aux sept Assembl\u00e9es de l&rsquo;Asie mineure"},"content":{"rendered":"<p><strong>NB\u00a0:<\/strong> Dans les bibles courantes incluant la version Louis segond le nom majestueux d\u2019Elohim supr\u00eame (Dieu supr\u00eame), l&rsquo;Elohim (Dieu) de tous les elohim (dieux), ce nom precieux le t\u00e9tragramme\u00a0<strong>YHWH<\/strong>\u00a0(En h\u00e9breu\u00a0 <strong>\u05d9\u05d4\u05d5<\/strong><strong>\u05d4<\/strong>)\u00a0se pronon\u00e7ant\u00a0<strong>Yahweh<\/strong>\u00a0a \u00e9t\u00e9 substitu\u00e9 par\u00a0<strong>l\u2019\u00c9ternel<\/strong>\u00a0 dans l\u2019ancien testament et parfois\u00a0 par <strong>Dieu<\/strong>\u00a0ou <strong>Seigneur<\/strong> dans le nouveau Testament. Egalement le nom majestueux de son fils en h\u00e9breu\u00a0<strong>\u05d9\u05d4\u05d5\u05e9\u05d5\u05e2<\/strong>\u00a0se pronon\u00e7ant\u00a0<strong>Yahushua<\/strong>\u00a0a \u00e9t\u00e9 substitu\u00e9\u00a0par\u00a0<strong>J\u00e9sus<\/strong>\u00a0dans le nouveau testament.<\/p>\n<hr \/>\n<h2><strong>\u00c0 l&rsquo;assembl\u00e9e de la ville d&rsquo;\u00c9ph\u00e8se\/Ephesos<\/strong><\/h2>\n<p>\u00a0\u00bb <span style=\"color: #ff0000;\"><strong>1<\/strong>&#8211;<strong>\u00c0 l&rsquo;ange (messager) de l&rsquo;assembl\u00e9e qui est \u00e0 \u00c9ph\u00e8se, \u00e9cris<\/strong>: Voici ce que dit celui qui tient les septs \u00e9toiles dans sa droite, qui marche au milieu des sept lampes d&rsquo;or: <strong>2-Je connais tes oeuvres, et ton travail, et ta patience, et que tu ne peux supporter les m\u00e9chants; et tu as \u00e9prouv\u00e9 ceux qui se disent ap\u00f4tres et ne le sont pas, et tu les as trouv\u00e9s menteurs; 3-et tu as de la patience, et tu as support\u00e9 des afflictions\u00a0 pour mon nom, et tu\u00a0 ne t&rsquo;es pas lass\u00e9, 4-mais j&rsquo;ai contre toi\u00a0 que tu as abandonn\u00e9 ton premier amour. 5-Souviens toi donc d&rsquo;o\u00f9 tu es d\u00e9chu, et r\u00e9pens-toi, et fais les premi\u00e8res oeuvres, autrement, je viens \u00e0 toi et j&rsquo;\u00f4terai ta lampe de son lieu, \u00e0 moins que tu ne te r\u00e9pentes.<\/strong> 6-Mais tu as ceci, que tu hais les oeuvres des Nicolaites, lesquelles moi aussi\u00a0 je hais. <strong>7-Que celui qui a des oreilles \u00e9coute ce que l&rsquo;Esprit dit aux Assembl\u00e9es. \u00c0 bient\u00f4t celui aui vaincra, je lui donnerai de manger de l&rsquo;arbre de vie qui est dans le paradis d&rsquo;Elohim<\/strong><\/span>\u00a0\u00bb\u00a0 (Apocalypse 2:1-7)<\/p>\n<h2><strong>\u00c0 l&rsquo;assembl\u00e9e de la ville de Smyrne\/Smurna<\/strong><\/h2>\n<p>\u00a0\u00bb <span style=\"color: #ff0000;\"><strong>8<\/strong><strong><span style=\"color: #ff0000;\">&#8211;<\/span>\u00c0 l&rsquo;ange (messager) de l&rsquo;assembl\u00e9e qui est \u00e0 Smyrne, \u00e9cris<\/strong>: Voici ce que dit le premier et le dernier, qui a \u00e9t\u00e9 mort et qui a repris vie. <strong>9-Je\u00a0 connais ta tribulation, et ta pauvret\u00e9 (mais tu es riche), et l&rsquo;outrage de ceux qui se disent \u00eatre des Juifs\/Yahudim, et ils ne le sont pas, mais ils sont de la Synagogue de Satan.<\/strong> 10-Ne crains en aucune mani\u00e8re les choses que tu vas souffrir. Voici le diable va jeter quelques-uns d&rsquo;entre vous en prison, afin que vous soyez \u00e9prouv\u00e9s, et vous aurez des tribulations de dix jours. Sois fid\u00e8le jusqu&rsquo;\u00e0 la mort et je te donnerai la couronne de vie.<strong> 11-Que celui qui a des oreilles \u00e9coute ce que l&rsquo;Esprit dit aux Assembl\u00e9es. Celui qui vaincra n&rsquo;aura point \u00e0 souffrir la Seconde Mort<\/strong>\u00a0<\/span>\u00a0\u00bb\u00a0 (Apocalypse 2:8-11)<\/p>\n<h2><strong>\u00c0 l&rsquo;assembl\u00e9e de la ville de Pergame\/Pergamos<\/strong><\/h2>\n<p>\u00a0\u00bb <span style=\"color: #ff0000;\"><strong>12<\/strong><strong><span style=\"color: #ff0000;\">&#8211;<\/span>\u00c0 l&rsquo;ange (messager) de l&rsquo;assembl\u00e9e qui est \u00e0 Pergame, \u00e9cris<\/strong>: Voici ce que dit celui qui l&rsquo;\u00e9p\u00e9e aigu\u00eb \u00e0 deux tranchants: <strong>13-Je sais o\u00f9\u00a0 tu habites, l\u00e0 o\u00f9 est le tr\u00f4ne de Satan, et tu tiens ferme mon nom, et tu n&rsquo;as pas r\u00e9ni\u00e9 ma foi, m\u00eame dans les jours dans lesquels Antipas \u00e9tait mon fid\u00e8le t\u00e9moin, qui a \u00e9t\u00e9 mis \u00e0 mort parmi vous, l\u00e0 o\u00f9 Satan habites. 14-Mais j&rsquo;ai quelques choses contre toi: C<\/strong><\/span><strong><span style=\"color: #ff0000;\">est que <\/span><span style=\"color: #ff0000;\">tu as l\u00e0 des gens qui tiennent la doctrine de Balaam, lequel enseignait \u00e0 Balac \u00e0 jeter une pierre d&rsquo;achoppement devant les fils d&rsquo;Israel<\/span><\/strong><span style=\"color: #ff0000;\"><strong>\u00a0pour qu&rsquo;ils mangeassent des choses (aliments) sacrifi\u00e9es aux idoles et qu&rsquo;ils commissent la fornication. 15- Ainsi tu as en, chez toi aussi, ceux qui tiennent la doctrine des Nicolaites pareillement<\/strong>. <strong>R\u00e9pens-toi don<\/strong>c, autrement je viens \u00e0 toi promptement, et je combattrai contre eux par l&rsquo;\u00e9p\u00e9e de ma bouche. <strong>17-Que celui qui a des oreilles \u00e9coute ce que l&rsquo;Esprit dis aux Assembl\u00e9es<\/strong>. <strong>\u00c0 celui qui vaincra, je lui donnerai de la manne cach\u00e9e et je lui donnerai un caillou blanc, et sur le caillou, un nouveau nom\u00a0 \u00e9crit, que nul ne connait, sinon celui qui le re\u00e7oit<\/strong>\u00a0<\/span>\u00a0\u00bb\u00a0 (Apocalypse 2:12-17)<\/p>\n<h2><strong>\u00c0 l&rsquo;assembl\u00e9e de la ville de Thyatire\/Thuateirois<\/strong><\/h2>\n<p>\u00a0\u00bb <span style=\"color: #ff0000;\"><strong>1<\/strong><strong><span style=\"color: #ff0000;\">8<\/span>-\u00c0 l&rsquo;ange (messager) de l&rsquo;assembl\u00e9e qui est \u00e0 Thyatire, \u00e9cris<\/strong>: Voici ce que dit le Fils d&rsquo;Elohim qui a ses yeux comme une flamme de feu, et dont les pieds sont semblables\u00a0 \u00e0 de l&rsquo;airain brillant: <strong>19-Je connais tes oeuvres, et ton amour, et ta foi , et ton service , et ta patience, et tes derni\u00e8res oeuvres qui d\u00e9passent les premi\u00e8res. 20-Mais j&rsquo;ai contre toi , que tu laisses faire la femme Jesabel qui se dit proph\u00e9tesse;\u00a0 et elle enseigne et \u00e9gare mes esclaves en les entrainant \u00e0 commettre la fornication et \u00e0 manger des choses (aliments) sacrifi\u00e9es aux idoles. 21-Et je lui ai donn\u00e9 du temps afin qu&rsquo;elle se repentisses, et elle ne veut pas se repentir de sa fornication. 22-Voici, je la jette sur un lit, et ceux qui commettent l&rsquo;adult\u00e8re avec elle, dans une grande tribulation, \u00e0 moins qu&rsquo;ils ne se repentent de ses oeuvres. 23-et je ferai mourir de mort ses enfants; et toutes les assembl\u00e9es connaitront que c&rsquo;est moi qui sonde les reins et les coeurs; et je vous donnerai \u00e0 chacun selon ses oeuvres<\/strong>.\u00a0<\/span><span style=\"color: #ff0000;\">\u00a024-Mais \u00e0 vous je dis, aux autres qui sont \u00e0 Thyatire, autant qu&rsquo;il y&rsquo;en a qui n&rsquo;ont pas cette doctrine, qui n&rsquo;ont pas connu les profondeurs de Satan, comme ils disent: Je ne vous impose pas d&rsquo;autres charges, 25-mais seulement , ce que vous avez, tenez le ferme jusqu&rsquo;\u00e0 ce que je vienne. <strong>26-Et celui qui vaincra, et celui gardera mes oeuvres jusqu&rsquo;\u00e0 la fin, -je lui donnerai autorit\u00e9 sur les nations, 27-et il les paitra avec une verge de fer, comme sont bris\u00e9es les vases de poterie, selon que moi aussi j&rsquo;ai re\u00e7u de mon P\u00e8re. 28-et je lui donnerai l&rsquo;\u00e9toile du matin. 29-Que celui qui a des oreilles \u00e9coute ce que l&rsquo;Esprit dit aux Assembl\u00e9es<\/strong>\u00a0<\/span>\u00a0\u00bb\u00a0 (Apocalypse 2:18-29)<\/p>\n<h2><strong>\u00c0 l&rsquo;assembl\u00e9e de la ville de Sardes\/Sardeis<\/strong><\/h2>\n<p>\u00a0\u00bb <span style=\"color: #ff0000;\"><strong>1<\/strong><strong>-\u00c0 l&rsquo;ange (messager) de l&rsquo;assembl\u00e9e qui est \u00e0 Sardes, \u00e9cris<\/strong>: Voici ce que dit celui qui a les septs Esprits d&rsquo;Elohim et les sept \u00e9toiles. <strong>Je connais tes oeuvres, -que tu as la r\u00e9putation (le nom) d&rsquo;\u00eatre vivant , et tu es mort. 2-Soit vigilant, et affermis ce qui reste, qui s&rsquo;en va mourir, car je n&rsquo;ai pas trouv\u00e9 tes oeuvres parfaits devant mon Elohim. 3-Souviens-toi, comment tu as re\u00e7u et entendu, et garde, et repens-toi. Si donc tu ne veilles pas, je viendrai \u00e0 toi comme un voleur, et tu ne sauras point \u00e0 quelle heure je viendrai sur toi<\/strong>. 4-Toutefois tu as quelques noms \u00e0 Sardes qui n&rsquo;ont pas souill\u00e9 leurs v\u00eatements, et ils marcheront avec moi en v\u00eatements blancs, car ils en sont dignes. <strong>5-Celui qui vaincra, celui l\u00e0 sera v\u00eatu de v\u00eatements blancs, et je n&rsquo;effacerai point son nom du livre de vie, et je confesserai son nom devant mon P\u00e8re et devant ses anges. 6-Que celui qui a des oreilles \u00e9coute ce que l&rsquo;Esprit dit aux Assembl\u00e9es.<\/strong><\/span>\u00a0\u00bb\u00a0 (Apocalypse 3:1-6)<\/p>\n<h2><strong>\u00c0 l&rsquo;assembl\u00e9e de la ville de Philadelphie\/Philadelpheia<\/strong><\/h2>\n<p>\u00ab\u00a0<span style=\"color: #ff0000;\"><strong> 7<\/strong><strong><span style=\"color: #ff0000;\">-\u00c0<\/span> l&rsquo;ange (messager) de l&rsquo;assembl\u00e9e qui est \u00e0 Philadelphie, \u00e9cris<\/strong>: Voici ce que dit le Saint, le V\u00e9ritable, celui qui a la clef de David, celui qui ouvre et nul ne fermera , et qui ferme et nul n&rsquo;ouvrira. <strong>8-Je connais tes oeuvres. Voici j&rsquo;ai mis devant toi une porte ouverte, que personne ne peut fermer , car tu as peu de force, et tu as gard\u00e9 ma parole, et tu n&rsquo;as pas reni\u00e9 mon nom . 9-Voici, je donne de ceux de la Synagogue de Satan qui se disent \u00eatre des Juifs, -et ils ne le sont pas, mais ils mentent; voici je les ferai venir et se prosterner devant tes pieds, et ils connaitront que moi je t&rsquo;ai aim\u00e9. 10-Parce que tu as gard\u00e9 la parole de ma patience, moi aussi je te garderai de l&rsquo;heure de l&rsquo;\u00e9preuve qui va venir sur la terre habit\u00e9e tout enti\u00e8re , pour \u00e9prouver ceux qui habitent sur la terre..<\/strong> 11-Je viens bient\u00f4t; tiens ferme ce que tu as, afin que personne ne prenne ta couronne. <strong>12-Celui qui vaincra, je lui ferai une colonne dans le temple de mon Elohim, et il ne sortira plus jamais dehors, et j&rsquo;\u00e9crirai sur lui le nom de mon Elohim, et le nom de la cit\u00e9 de mon Elohim, de la nouvelle Yerushalayim\/J\u00e9rusalem qui descend du ciel d&rsquo;aupr\u00e8s de mon Elohim, et mon nouveau nom. 13-Que celui qui a des oreilles \u00e9coute ce que l&rsquo;Esprit dit aux Assembl\u00e9e<\/strong>s.<\/span>\u00a0\u00bb\u00a0 (Apocalypse 3:7-13)<\/p>\n<h2><strong>\u00c0 l&rsquo;assembl\u00e9e de la ville de Laodic\u00e9e\/Laodikeia<\/strong><\/h2>\n<p>\u00ab\u00a0<span style=\"color: #ff0000;\"><strong> 14<\/strong><strong><span style=\"color: #ff0000;\">&#8211;<\/span>\u00c0 l&rsquo;ange (messager) de l&rsquo;assembl\u00e9e qui est \u00e0 Laodic\u00e9e, \u00e9cris<\/strong>: Voici ce que dit l&rsquo;Amen, le t\u00e9moin fid\u00e8le et V\u00e9ritable,le commencement de la cr\u00e9ation d&rsquo;Elohim. <strong>15-Je connais tes oeuvres, -que tu n&rsquo;es ni froid ni bouillant. Je voudrais que tu fusses ou froid ou bouillant! 16+Ainsi, parce que tu es ti\u00e8de et qe tu n&rsquo;es ni froid ni bouillant, je vais te vomir de ma bouche. 17-Parce que tu dis: Je suis riche, et je me suis enrichi, et je n&rsquo;es besoin de rien, et que tu ne connais pas que toi, tu es malheureux et mis\u00e9rable, et pauvre, et aveugle, et nu 18-je te conseille d&rsquo;acheter de moi de l&rsquo;or pass\u00e9 au feu, afin que tu deviennes riche, et des v\u00eatements blancs, afin que tu sois v\u00eatu et que la honte de ta nudit\u00e9 ne parraisse pas, et un collyre pour oindre tes yeux afin que tu voies. 19-Moi, je reprends et je chatie tous ceux que j&rsquo;aime, aies donc du z\u00e8le et repens-toi.<\/strong> 20-Voici, je me tiens \u00e0 la porte et je frappe, si quelqu&rsquo;un entend ma voix et qu&rsquo;il ouvre la porte, j&rsquo;entrerai chez lui et je souperai avec lui, et lui avec moi. <strong>21-Celui qui vaincra, je le ferai s&rsquo;asseoir avec moi sur mon tr\u00f4ne, comme moi aussi j&rsquo;ai vaincu et je me suis avec mon P\u00e8re sur son tr\u00f4ne. 22-Que celui qui a des oreilles \u00e9coute ce que l&rsquo;Esprit dit aux Assembl\u00e9es<\/strong>\u00a0\u00a0<\/span>\u00a0\u00bb\u00a0 (Apocalypse 3:14-22)<\/p>\n<div style=\"width: 640px;\" class=\"wp-video\"><video class=\"wp-video-shortcode\" id=\"video-1900-1\" width=\"640\" height=\"360\" preload=\"metadata\" controls=\"controls\"><source type=\"video\/mp4\" src=\"https:\/\/disciplesdeyahushua.com\/wp-content\/uploads\/2024\/04\/First-Love-James-Block.mp4?_=1\" \/><a href=\"https:\/\/disciplesdeyahushua.com\/wp-content\/uploads\/2024\/04\/First-Love-James-Block.mp4\">https:\/\/disciplesdeyahushua.com\/wp-content\/uploads\/2024\/04\/First-Love-James-Block.mp4<\/a><\/video><\/div>\n","protected":false},"excerpt":{"rendered":"<p>NB\u00a0: Dans les bibles courantes incluant la version Louis segond le nom majestueux d\u2019Elohim supr\u00eame (Dieu supr\u00eame), l&rsquo;Elohim (Dieu) de tous les elohim (dieux), ce nom precieux le t\u00e9tragramme\u00a0YHWH\u00a0(En h\u00e9breu\u00a0 \u05d9\u05d4\u05d5\u05d4)\u00a0se pronon\u00e7ant\u00a0Yahweh\u00a0a \u00e9t\u00e9 substitu\u00e9 par\u00a0l\u2019\u00c9ternel\u00a0 dans l\u2019ancien testament et parfois\u00a0 par Dieu\u00a0ou Seigneur dans le nouveau Testament. Egalement le nom majestueux de son fils en [&hellip;]<\/p>\n","protected":false},"author":1,"featured_media":0,"parent":0,"menu_order":0,"comment_status":"closed","ping_status":"closed","template":"","meta":{"footnotes":""},"class_list":["post-1900","page","type-page","status-publish","hentry"],"_links":{"self":[{"href":"https:\/\/disciplesdeyahushua.com\/index.php\/wp-json\/wp\/v2\/pages\/1900","targetHints":{"allow":["GET"]}}],"collection":[{"href":"https:\/\/disciplesdeyahushua.com\/index.php\/wp-json\/wp\/v2\/pages"}],"about":[{"href":"https:\/\/disciplesdeyahushua.com\/index.php\/wp-json\/wp\/v2\/types\/page"}],"author":[{"embeddable":true,"href":"https:\/\/disciplesdeyahushua.com\/index.php\/wp-json\/wp\/v2\/users\/1"}],"replies":[{"embeddable":true,"href":"https:\/\/disciplesdeyahushua.com\/index.php\/wp-json\/wp\/v2\/comments?post=1900"}],"version-history":[{"count":20,"href":"https:\/\/disciplesdeyahushua.com\/index.php\/wp-json\/wp\/v2\/pages\/1900\/revisions"}],"predecessor-version":[{"id":2108,"href":"https:\/\/disciplesdeyahushua.com\/index.php\/wp-json\/wp\/v2\/pages\/1900\/revisions\/2108"}],"wp:attachment":[{"href":"https:\/\/disciplesdeyahushua.com\/index.php\/wp-json\/wp\/v2\/media?parent=1900"}],"curies":[{"name":"wp","href":"https:\/\/api.w.org\/{rel}","templated":true}]}}