{"id":2183,"date":"2025-08-30T00:53:46","date_gmt":"2025-08-30T04:53:46","guid":{"rendered":"https:\/\/disciplesdeyahushua.com\/?page_id=2183"},"modified":"2026-04-18T17:12:52","modified_gmt":"2026-04-18T21:12:52","slug":"les-prieres","status":"publish","type":"page","link":"https:\/\/disciplesdeyahushua.com\/index.php\/les-prieres\/","title":{"rendered":"Les pri\u00e8res"},"content":{"rendered":"\n<p>Les pri\u00e8res de d\u00e9livrance exigent que nous reconnaissions et acceptions le sacrifice ultime de notre &nbsp;notre Ma\u00eetre Yahushua le Messie comme ran\u00e7on pour nous. Le sang de ce sacrifice couvre nos transgressions et nous donne AUTORIT\u00c9 et POUVOIR sur tous les D\u00e9mons et Forces Mal\u00e9fiques. Satan et ses d\u00e9mons CRAIGNENT le POUVOIR DU SANG DE YAHUSHUA. &nbsp;Si nous nous repentons (d\u00e9tournons) de nos p\u00e9ch\u00e9s, nous pouvons revendiquer le pouvoir et la domination sur les forces obscures et mal\u00e9fiques (Matthieu 10 : 1). Satan et ses d\u00e9mons sont des puissantes forces des t\u00e9n\u00e8bres que nous ne pouvons vaincre par nous-m\u00eames. Seul le gouvernement juste de Yahweh, auquel nous avons acc\u00e8s \u00e0 travers Yahushua le Fils de Yahweh, peut vaincre la puissance de Satan et de ses d\u00e9mons.<\/p>\n\n\n<p>Cette pri\u00e8re de d\u00e9livrance contient une liste de p\u00e9ch\u00e9s exhaustifs auxquels le nouveau converti ou le croyant peut \u00eatre confront\u00e9 dans sa vie courante. Si donc il s&rsquo;y trouve des p\u00e9ch\u00e9s qui ne dominent pas sur toi alors tu n&rsquo;a pas besoin de les prononc\u00e9s dans la pri\u00e8re. Et si par contre tu es confront\u00e9 \u00e0 des p\u00e9ch\u00e9s dans ta vie qui ont \u00e9t\u00e9 omises dans cette liste, n&rsquo;oublie pas de les confesser dans la pri\u00e8re.<br \/>Que la gr\u00e2ce de notre ma\u00eetre et seigneur Yahushua Le Messie, l&rsquo;amour du p\u00e8re c\u00e9leste Yahweh et la communion du Saint Esprit soient avec toi.<\/p>\n<ul>\n<li>\n<h2><strong><u>Pri\u00e8re \u00a0de d\u00e9livrance<\/u><\/strong><\/h2>\n<p>\u201c\u00a0<strong>Yahushua le Messie Je crois que tu es le Fils de Yahweh et le seul chemin vers Yahweh<\/strong><em>\u00a0(Jean 14:6)<\/em>.\u00a0<strong>Que tu es mort sur le bois pour mes p\u00e9ch\u00e9s et ressuscit\u00e9 afin que je puisse \u00eatre pardonn\u00e9 et recevoir la vie \u00e9ternelle<\/strong>\u00a0<em>(Matthieu 26:26-28; Jean 3:16; Jean 17:1-3; 1 Corinthiens 1:3-4)<\/em>. Je renonce \u00e0 tout\u00a0<strong>orgueil<\/strong>\u00a0et \u00e0 toute\u00a0<strong>auto-justice<\/strong>\u00a0qui ne vienne pas de toi. Je n&rsquo;ai aucun droit \u00e0 ta mis\u00e9ricorde si ce n&rsquo;est que tu es mort \u00e0 ma place.\u00a0<strong>Je confesse et j\u2019avoue tous mes p\u00e9ch\u00e9s devant toi<\/strong>\u00a0et je ne retiens rien \u00a0\u00e0 savoir: &#8211;\u00a0<strong>l\u2019idol\u00e2trie <\/strong>(<em>culte d&rsquo;adoration des id\u00f4les et faux elohim\/dieux autres que Yahweh (Exode 20:2-6; Deut\u00e9ronome 4:15-19) , les sacril\u00e8ges\/rituels\u00a0 avec la consommation des aliments sacrifi\u00e9s aux morts\/id\u00f4les\/d\u00e9mons (Psaumes 106:28; Psaumes 106:36-39; 1 Corinthiens 10:20; Apocalypse 2:14; Apocalypse 2:20)<\/em>) &#8211; <strong>l\u2019impuret\u00e9 de mon corps<\/strong> <em>(consommation des animaux impurs (L\u00e9vitique 11; Deut\u00e9ronome 14:3-20)<\/em>) &#8211; <strong>la souillure de mon corps<\/strong> <em>(le tatouage, l&rsquo;incision dans la chair pour les morts (L\u00e9vitique 19:28), le rasage de ma barbe (L\u00e9vitique 19:27), souillure avec les morts (Nombres19-11, Agg\u00e9e 2:13), souillure avec des objets occultes (Deut\u00e9ronome 7:25-26))<\/em>, &#8211;\u00a0<strong>la sorcellerie<\/strong>\u00a0 &#8211; <strong>l&rsquo;astrologie &#8211; la n\u00e9cromancie &#8211; la divination &#8211;<\/strong> <strong>la magie<\/strong> <em>(\u00e0 travers les films d\u2019horreur, les livres, les rituels et les pratiques occultes (Deut\u00e9ronome 18:9-14))<\/em>, &#8211; <strong>la m\u00e9disance<\/strong>\u00a0envers mon prochain, &#8211;\u00a0<strong>la calomnie<\/strong>\u00a0<em>(fausses accusations \u00e0 l&rsquo;\u00e9gard du prochain)<\/em>, &#8211;\u00a0<strong>la violation de ton Saint jour de Sabbat\/Repos<\/strong>\u00a0ainsi que de\u00a0<strong>tes jours de f\u00eates solennelles<\/strong>\u00a0d\u00e9crits dans L\u00e9vitique 23, &#8211;\u00a0<strong>l\u2019adult\u00e8re<\/strong>\u00a0, &#8211;\u00a0<strong>l\u2019immoralit\u00e9 sexuelle<\/strong>\u00a0commise en pens\u00e9e ou en action, &#8211;\u00a0<strong>le manque de respect envers mes parents<\/strong>\u00a0, &#8211;\u00a0<strong>le blasph\u00e8me contre ton saint nom Yahweh<\/strong>\u00a0par ma vie p\u00e9cheresse et par l\u2019usage de faux nom pour t\u2019invoquer, &#8211;\u00a0<strong>l\u2019amertume et la haine dans mon c\u0153ur<\/strong>\u00a0envers mon prochain, &#8211;\u00a0<strong>la cupidit\u00e9<\/strong>\u00a0, &#8211;\u00a0<strong>l\u2019avarice<\/strong>, &#8211;\u00a0<strong>la convoitise<\/strong> , &#8211; <strong>le m\u00e9pris envers le pauvre<\/strong>\u00a0, &#8211;\u00a0<strong>les injures<\/strong>\u00a0, &#8211;\u00a0<strong>l\u2019ivrognerie<\/strong>\u00a0, &#8211;\u00a0<strong>le vol<\/strong>\u00a0, &#8211; l<strong>a fraude<\/strong>\u00a0, &#8211;\u00a0<strong>l&rsquo;escroquerie<\/strong>\u00a0&#8211;\u00a0<strong>l\u2019usage des fausses balances et mesures<\/strong>\u00a0pour acqu\u00e9rir des profits, &#8211;\u00a0<strong>les disputes<\/strong>\u00a0, &#8211;<strong>les animosit\u00e9s<\/strong>\u00a0, &#8211;\u00a0<strong>l\u2019effusion de sang innocent<\/strong>\u00a0&#8211;\u00a0<strong>l&rsquo;exc\u00e8s de col\u00e8re<\/strong>,\u00a0<strong>les plaisanteries<\/strong>, &#8211;\u00a0<strong>le mensonge<\/strong>, &#8211;\u00a0<strong>l\u2019hypocrisie<\/strong>, &#8211;\u00a0<strong>l\u2019\u00e9go\u00efsme<\/strong>, &#8211;\u00a0<strong>la trahison<\/strong>\u00a0\u00e0 l\u2019\u00e9gard de mon prochain, &#8211;\u00a0<strong>la paresse<\/strong>\u00a0, &#8211;\u00a0<strong>l\u2019omission de mettre la parole de Yahweh en priorit\u00e9 dans ma vie<\/strong>\u00a0et d\u2019autres p\u00e9ch\u00e9s volontaires ou involontaires donc j\u2019ai oubli\u00e9s. \u00a0<br \/>\u00a0<strong>Je me repens de tous ces p\u00e9ch\u00e9s, je me d\u00e9tourne d&rsquo;eux et me tourne maintenant vers to<\/strong>i pour la mis\u00e9ricorde et le pardon <em>(Luc 5:22-23)<\/em>.\u00a0<strong>Je pardonne \u00e0 tous ceux qui m&rsquo;ont fait du mal et m\u2019ont demand\u00e9 le pardon<\/strong>\u00a0<em>(Matthieu 6:14-15; Matt. 18:21-22)<\/em>.\u00a0<strong>Je pardonne aussi \u00e0 mes ennemis pour leurs offenses \u00e0 mon \u00e9gard<\/strong>. J\u2019\u00e9loigne de mon c\u0153ur\u00a0<strong>toute amertume<\/strong>\u00a0et\u00a0<strong>toute haine<\/strong>. Je rejette tout contact avec\u00a0<strong>l&rsquo;occultisme, l\u2019humanisme, l\u2019ath\u00e9isme et les fausses religions fond\u00e9s par Satan et je m&rsquo;engage \u00e0 me d\u00e9barrasser et \u00e0 d\u00e9truire tout instrument provenant d\u2019eux qui peux \u00eatre sous mon pouvoir<\/strong>\u00a0<em>(Deut\u00e9ronome 12:2-3; 18:9-12; Actes 19:19)<\/em>. Je te remercie Yahushua d&rsquo;avoir \u00e9t\u00e9 volontairement maudit \u00a0pour moi afin Que je puisse consid\u00e9rer cette mal\u00e9diction et recevoir les b\u00e9n\u00e9dictions de Yahweh <em>(Deut\u00e9ronome 21:22-23; Galates 3:13)<\/em>. Sur cette base, j<strong>e te demande Yahushua de me lib\u00e9rer du p\u00e9ch\u00e9 par le Saint Esprit et de me permettre de recevoir la d\u00e9livrance dont j&rsquo;ai besoin<\/strong>.\u00a0<strong>Je prends position avec toi Yahushua le Messie contre Satan et tous ses d\u00e9mons. Je prends position et autorit\u00e9 avec toi contre les forces sombres et mal\u00e9fiques sur la terre comme dans l\u2019espace spirituel<\/strong> , contre toute chose abominable qui veut entrer de quelque mani\u00e8re que ce soit dans mon esprit et aussi dans mon corps et contre tout obstacle quelconque, soit d\u2019esprit humain ou d\u2019esprit d\u00e9moniaque voulant me s\u00e9parer de toi et de l\u2019amour que je veux manifester pour toi <em>(Matthieu 10:1-8 ; Marc 16:17-18)<\/em>. <strong>Je me soumets totalement \u00e0 toi Yahushua et je r\u00e9siste au diable Satan<\/strong>.\u00a0<strong>Je renverse enfin tout raisonnement et toute hauteur qui s&rsquo;\u00e9l\u00e8ve contre la connaissance de Yahweh, notre Elohim et j\u2019am\u00e8ne toute pens\u00e9e captive \u00e0 l&rsquo;ob\u00e9issance du Messie Yahushua.<\/strong> Je serai pr\u00eat aussi \u00e0 punir toute d\u00e9sob\u00e9issance lorsque mon ob\u00e9issance sera compl\u00e8te <em>(2 Corinthiens 10:5-6).<\/em>\u00a0\u00a0<br \/>Amein &#8212; Qu&rsquo;il \u00a0soit ainsi\u2026\u201d\u00a0<\/p>\n<\/li>\n<\/ul>\n<h1>Autres Types de pri\u00e8res<\/h1>\n<ul>\n<li>\n<h2><strong><u>Pri\u00e8re pour rompre les liens de mal\u00e9diction due aux p\u00e9ch\u00e9s ancestraux<\/u><\/strong><\/h2>\n<\/li>\n<\/ul>\n<p style=\"padding-left: 40px;\">\u201d Yahweh Avinu (Yahweh notre p\u00e8re), Elohim d&rsquo;Abraham, Elohim d&rsquo;Yitzchak (Isaac), Elohim de Ya&rsquo;aqov (Jacob), Elohim d&rsquo;Yisrael (Isra\u00ebl).\u00a0 Oh Yahweh, Elohim des cieux , grand et redoutable. Toi l&rsquo;Elohim misericordieux et compatissant, lent \u00e0 la col\u00e8re et riche en bont\u00e9 et en v\u00e9rit\u00e9. Toi qui pardonnes l&rsquo;iniquit\u00e9, la transgression et le p\u00e9ch\u00e9 mais qui ne tiens point le coupable pour innocent. Toi qui punis l&rsquo;iniquit\u00e9 des p\u00e8res sur les enfants et sur les enfants des enfants jusqu&rsquo;\u00e0 la troisi\u00e8me et \u00e0 la quatri\u00e8me g\u00e9n\u00e9ration de ceux qui te ha\u00efssent! mais qui accordes ta mis\u00e9ricorde jusqu&rsquo;\u00e0 mille g\u00e9n\u00e9rations \u00e0 ceux qui t&rsquo;aiment et qui observent tes commandements. Je viens aupr\u00e8s de toi te demander pardon pour les p\u00e9ch\u00e9s commis par mes anc\u00eatres \u00e0 ton \u00e9gard. Je renonce maintenant \u00e0 tous ces p\u00e9ch\u00e9s qu&rsquo;ils ont commis et ne voudrais point \u00eatre meler \u00e0 cela. Je me r\u00e9pens aussi maintenant de mes propres p\u00e9ch\u00e9s qui me tiennent en captivit\u00e9 et m&rsquo;\u00e9loignent de toi. Daignes imputer tous ces p\u00e9ch\u00e9s sur le sang pr\u00e9cieux de ton Fils Yahushua et en retour imputes la justice de Yahushua sur moi et ma descendance. Je te prie de briser les cha\u00eenes qui me lient \u00e0 la mal\u00e9diction ancestrale due aux iniquit\u00e9s que mes parents ou grands-parents ont commis devant ta face. S&rsquo;il te pla\u00eet intervient dans la vie de ma famille, assures nous ta protection divine et apportes nous la d\u00e9livrance au p\u00e9ch\u00e9 donc nous avons tant besoin. Affermis ma foi en ton Fils Yahushua qui est mort pour moi et transformes mon coeur par ton Saint-Esprit afin que je continue \u00e0 me soumettre \u00e0 tes commandements. B\u00e9ni soit ton saint nom Yahweh. \u00c0 toi qu&rsquo;appartiennent la gloire le r\u00e8gne, la puissance et la majest\u00e9\u00a0 pour toujours et \u00e0 jamais. Au nom de ton Fils Yahushua Le Messie je fais cette pri\u00e8re. Amein \u00ab\u00a0<\/p>\n<ul>\n<li>\n<h2><strong><u>Pri\u00e8re avant de manger<\/u><\/strong><\/h2>\n<\/li>\n<\/ul>\n<p style=\"padding-left: 40px;\"><strong>\u201d Baruch attah Yahweh Eloheinu Melech Ha&rsquo;Olam<\/strong> (B\u00e9ni sois-tu Yahweh notre Elohim roi de l&rsquo;\u00e9ternit\u00e9).<br \/><strong>Yahweh Avinu<\/strong> ( Yahweh notre p\u00e8re), nous te rendons gr\u00e2ce pour les besoins quotidiens que tu procures pour nous et nous te reconnaissons comme \u00e9tant notre seul et unique pourvoyeur. Nous te remercions pour cette nourriture qui est devant nous maintenant. Et comme tu as eu de la compassion envers nous en nous procurant cette nourriture, nous voudrons en retour aussi penser \u00e0 ceux qui ont faim et partager notre nourriture avec eux. <strong>Nous te prions de b\u00e9nir le sol du pays o\u00f9 nous vivons afin qu&rsquo;elle continue \u00e0 faire fructifier de la nourriture<\/strong> et qu&rsquo;elle soit en abondance non seulement pour nous mais aussi pour <strong>le pauvre, l&rsquo;\u00e9tranger, la veuve et l&rsquo;orphelin <\/strong>qui demeurent parmi nous. <strong>B\u00e9ni soit ton saint nom Yahweh<\/strong>, \u00e0 toi qu&rsquo;appartiennent la puissance la gloire et la majest\u00e9 pour toujours et \u00e0 jamais. Au nom de ton Fils Yahushua Ha Mashiach nous te prions. Amein\u201d<\/p>\n<ul>\n<li>\n<h2><strong><u>Pri\u00e8re de notre redempteur et sauveur Yahushua<\/u><\/strong><\/h2>\n<\/li>\n<\/ul>\n<p style=\"padding-left: 40px;\"><span style=\"color: #ff0000;\"><span style=\"color: #000000;\">\u00ab\u00a09-Voici donc comment vous devez prier: Notre P\u00e8re qui est aux cieux! <\/span><\/span><span style=\"color: #000000;\">Que ton nom soit sanctifi\u00e9;<\/span><br \/><span style=\"color: #000000;\">10-Que ton r\u00e8gne vienne; <\/span><span style=\"color: #000000;\">Que ta volont\u00e9 soit faite sur la terre comme au ciel.<\/span><br \/><span style=\"color: #000000;\">11-Donne-nous aujourd&rsquo;hui notre pain quotidien;\u00a0 \u00a0 \u00a0 \u00a0 \u00a0 \u00a0 \u00a0 \u00a0 \u00a0 \u00a0 \u00a0 \u00a0 \u00a0 \u00a0 \u00a0 \u00a0 \u00a0 \u00a0 \u00a0 \u00a0 \u00a0 \u00a0 \u00a0 \u00a0 \u00a0 \u00a0 \u00a0 \u00a0 \u00a0<\/span><span style=\"color: #000000;\">12-Pardonne-nous nos offenses, comme nous aussi nous pardonnons \u00e0 ceux qui\u00a0 \u00a0 nous ont offens\u00e9s;\u00a0 \u00a0 \u00a0 \u00a0 \u00a0 \u00a0 \u00a0 \u00a0 \u00a0 \u00a0 \u00a0 \u00a0 \u00a0 \u00a0 \u00a0 \u00a0 \u00a0 \u00a0 \u00a0<\/span><span style=\"color: #000000;\">13-Ne nous induis pas \u00e0 la tentation, mais d\u00e9livre-nous du m\u00e9chant. <\/span><span style=\"color: #000000;\">Car c&rsquo;est \u00e0 toi qu&rsquo;appartiennent, dans tous les si\u00e8cles, le r\u00e8gne, la puissance et la gloire. Amein!\u00a0\u00bb (MatthitYahu\/Matthieu 6:9-13)<\/span><\/p>\n<ul>\n<li>\n<h2><strong><u>Pri\u00e8re de b\u00e9n\u00e9diction pour le Messie Yahushua avec traduction<\/u><\/strong><\/h2>\n<\/li>\n<\/ul>\n<p>\u00a0 \u00a0 \u00a0 \u00a0 \u00a0<strong>Baruch !!! Baruch Attah Yahweh Eloheinu<\/strong><\/p>\n<p>\u00a0 \u00a0 \u00a0 \u00a0 \u00a0<em>B\u00e9ni \u00a0!!! B\u00e9ni soit-tu Yahweh notre Elohim<\/em><\/p>\n<p>\u00a0 \u00a0 \u00a0 \u00a0 \u00a0<strong>Melech Ha&rsquo;Olam<\/strong><\/p>\n<p>\u00a0 \u00a0 \u00a0 \u00a0 \u00a0 <em>Roi de l&rsquo;\u00e9ternit\u00e9<\/em><\/p>\n<p>\u00a0 \u00a0 \u00a0 \u00a0 \u00a0 <strong>Asher Natahn lanu et Dehrech hay&rsquo;shuah<\/strong><\/p>\n<p>\u00a0 \u00a0 \u00a0 \u00a0 \u00a0 <em>Qui nous a donn\u00e9 la voie du salut<\/em><\/p>\n<p>\u00a0 \u00a0 \u00a0 \u00a0 \u00a0 <strong>B&rsquo;mashiach Yahushua\u00a0 Amein<\/strong><\/p>\n<p>\u00a0 \u00a0 \u00a0 \u00a0 \u00a0 en<em>\u00a0ton Messie Yahushua \u00a0Amein<\/em><\/p>\n\n\n<p><\/p>\n\n\n\n<p><\/p>\n","protected":false},"excerpt":{"rendered":"<p>Les pri\u00e8res de d\u00e9livrance exigent que nous reconnaissions et acceptions le sacrifice ultime de notre &nbsp;notre Ma\u00eetre Yahushua le Messie comme ran\u00e7on pour nous. Le sang de ce sacrifice couvre nos transgressions et nous donne AUTORIT\u00c9 et POUVOIR sur tous les D\u00e9mons et Forces Mal\u00e9fiques. Satan et ses d\u00e9mons CRAIGNENT le POUVOIR DU SANG DE [&hellip;]<\/p>\n","protected":false},"author":1,"featured_media":0,"parent":0,"menu_order":0,"comment_status":"closed","ping_status":"closed","template":"","meta":{"footnotes":""},"class_list":["post-2183","page","type-page","status-publish","hentry"],"_links":{"self":[{"href":"https:\/\/disciplesdeyahushua.com\/index.php\/wp-json\/wp\/v2\/pages\/2183","targetHints":{"allow":["GET"]}}],"collection":[{"href":"https:\/\/disciplesdeyahushua.com\/index.php\/wp-json\/wp\/v2\/pages"}],"about":[{"href":"https:\/\/disciplesdeyahushua.com\/index.php\/wp-json\/wp\/v2\/types\/page"}],"author":[{"embeddable":true,"href":"https:\/\/disciplesdeyahushua.com\/index.php\/wp-json\/wp\/v2\/users\/1"}],"replies":[{"embeddable":true,"href":"https:\/\/disciplesdeyahushua.com\/index.php\/wp-json\/wp\/v2\/comments?post=2183"}],"version-history":[{"count":28,"href":"https:\/\/disciplesdeyahushua.com\/index.php\/wp-json\/wp\/v2\/pages\/2183\/revisions"}],"predecessor-version":[{"id":2300,"href":"https:\/\/disciplesdeyahushua.com\/index.php\/wp-json\/wp\/v2\/pages\/2183\/revisions\/2300"}],"wp:attachment":[{"href":"https:\/\/disciplesdeyahushua.com\/index.php\/wp-json\/wp\/v2\/media?parent=2183"}],"curies":[{"name":"wp","href":"https:\/\/api.w.org\/{rel}","templated":true}]}}