{"id":2185,"date":"2025-08-29T23:08:41","date_gmt":"2025-08-30T03:08:41","guid":{"rendered":"https:\/\/disciplesdeyahushua.com\/?page_id=2185"},"modified":"2025-08-29T23:59:12","modified_gmt":"2025-08-30T03:59:12","slug":"comment-obtient-on-la-vie-eternelle","status":"publish","type":"page","link":"https:\/\/disciplesdeyahushua.com\/index.php\/comment-obtient-on-la-vie-eternelle\/","title":{"rendered":"Comment obtient-on la vie \u00e9ternelle?"},"content":{"rendered":"\n<p><\/p>\n\n\n<p><strong>NB\u00a0:<\/strong> Dans les bibles courantes incluant la version Louis segond le nom majestueux d\u2019Elohim supr\u00eame (Dieu supr\u00eame), l&rsquo;Elohim (Dieu) de tous les elohim (dieux), ce nom pr\u00e9cieux le t\u00e9tragramme\u00a0<strong>YHWH<\/strong>\u00a0(en h\u00e9breu\u00a0 <strong>\u05d9\u05d4\u05d5<\/strong><strong>\u05d4<\/strong><strong>)<\/strong>\u00a0se pronon\u00e7ant\u00a0<strong>Yahweh<\/strong>\u00a0a \u00e9t\u00e9 substitu\u00e9 par\u00a0<strong>l\u2019\u00c9ternel<\/strong>\u00a0 dans l\u2019ancien testament et parfois\u00a0 par <strong>Dieu<\/strong>\u00a0ou <strong>Seigneur<\/strong> dans le nouveau Testament. \u00c9galement le nom majestueux de son fils (en h\u00e9breu\u00a0<strong>\u05d9\u05d4\u05d5\u05e9\u05d5\u05e2)<\/strong>\u00a0se pronon\u00e7ant\u00a0<strong>Yahushua<\/strong>\u00a0a \u00e9t\u00e9 substitu\u00e9\u00a0par\u00a0<strong>J\u00e9sus<\/strong>\u00a0dans le nouveau testament.<\/p>\n<hr \/>\n<p>\u00a0<\/p>\n<p>Par\u00a0<strong>la justification<\/strong>\u00a0et la\u00a0<strong>sanctification<\/strong>\u00a0 \u00a0 \u00a0 \u00a0 \u00a0 \u00a0 \u00a0 \u00a0 \u00a0 \u00a0 \u00a0 \u00a0\u00a0<\/p>\n<ul>\n<li><strong><u>LA JUSTIFICATION<\/u><\/strong><strong> \u00e0 travers la foi en Yahushua Ha Mashiach <\/strong>(Yahushua Le Messie) qui est mort pour nos p\u00e9ch\u00e9s et a pay\u00e9 \u00e0 travers sa mort et sa resurrection la ran\u00e7on pour nos transgressions.<\/li>\n<\/ul>\n<p style=\"padding-left: 40px;\">\u00a0\u00bb <span style=\"color: #ff0000;\"><strong>23-Car le salaire du p\u00e9ch\u00e9, c&rsquo;est la mort; <u>mais le don gratuit d&rsquo;Elohim<\/u>, <u>c&rsquo;est la vie \u00e9ternelle en Yahushua Le Messie notre Seigneur<\/u><\/strong>\u00a0<\/span>\u00a0\u00bb \u00a0(Romains 6:23)<\/p>\n<p style=\"padding-left: 40px;\">\u00a0\u00bb <span style=\"color: #ff0000;\"><strong>24-c&rsquo;est encore \u00e0 cause de nous, \u00e0 qui cela sera imput\u00e9, \u00e0 nous qui croyons en celui qui a ressuscit\u00e9 des morts\u00a0<u>Yahushua notre Seigneur<\/u>, 25-lequel a \u00e9t\u00e9 livr\u00e9 pour nos offenses,\u00a0<u>et est ressuscit\u00e9 pour notre justification<\/u>.<\/strong><\/span>\u00a0\u00bb (Romains 4:24-25)<\/p>\n<p style=\"padding-left: 40px;\">\u00a0\u00bb <span style=\"color: #ff0000;\"><strong>5-Mais il \u00e9tait bless\u00e9 pour nos p\u00e9ch\u00e9s, Bris\u00e9 pour nos iniquit\u00e9s; Le ch\u00e2timent qui nous donne la paix est tomb\u00e9 sur lui, Et c&rsquo;est par ses meurtrissures que nous sommes gu\u00e9ris. 6- Nous \u00e9tions tous errants comme des brebis, Chacun suivait sa propre voie;\u00a0<u>Et Yahweh a fait retomber sur lui l&rsquo;iniquit\u00e9 de nous tous.<\/u><\/strong><\/span>\u00a0\u00bb (YeshaYahu\/\u00c9saie 53:5-6)<\/p>\n<p style=\"padding-left: 40px;\">\u00a0\u00bb <strong><span style=\"color: #ff0000;\">16-Car Elohim a tant aim\u00e9 le monde\u00a0<u>qu&rsquo;il a donn\u00e9 son Fils unique, afin que quiconque croit en lui ne p\u00e9risse point, mais qu&rsquo;il ait la vie \u00e9ternelle.<\/u><\/span><\/strong>\u00a0\u00bb (Yahuchanan\/Jean 3:16)<\/p>\n<p style=\"padding-left: 40px;\">\u00a0\u00bb <span style=\"color: #ff0000;\"><strong>27-Et comme il est r\u00e9serv\u00e9 aux hommes de mourir une seule fois, apr\u00e8s quoi vient le jugement,\u00a0<u>28-de m\u00eame Le Messie, qui s&rsquo;est offert une seule fois pour porter les p\u00e9ch\u00e9s de plusieurs, appara\u00eetra sans p\u00e9ch\u00e9 une seconde fois \u00e0 ceux qui l&rsquo;attendent pour leur salut<\/u>.<\/strong><\/span> \u00a0\u00bb (H\u00e9breux 9:27-28)<\/p>\n<p style=\"padding-left: 40px;\">\u00ab\u00a0<strong><span style=\"color: #ff0000;\">3<u>&#8211;\u00a0Or, la vie \u00e9ternelle, c&rsquo;est qu&rsquo;ils te connaissent, toi, le seul vrai Elohim, et\u00a0celui que tu as envoy\u00e9, Yahushua Le Messie.<\/u><\/span>\u00ab\u00a0<\/strong> (Yahuchanan\/Jean 17:3)<\/p>\n<p style=\"padding-left: 40px;\">\u00a0\u00a0\u00bb <span style=\"color: #ff0000;\"><strong>25- Yahushua lui dit: Je suis <u>la resurrection et la vie<\/u>. <u>Celui qui croit en moi vivra<\/u>, quand <u>m\u00eame il serait mort<\/u><\/strong><\/span>\u00a0\u00bb (Yahuchanan\/Jean 11:25)<\/p>\n<ul>\n<li><strong><u>LA SANCTIFICATION<\/u><\/strong><strong> \u00e0 travers la repentance aux p\u00e9ch\u00e9s et l&rsquo;ob\u00e9issance aux Commandements de Yahweh<\/strong>. Ainsi le croyant doit manifester une foi en Yahushua accompagn\u00e9e des \u0153uvres digne de repentance.<\/li>\n<\/ul>\n<p style=\"padding-left: 40px;\">\u00a0\u00bb <span style=\"color: #ff0000;\"><strong>20-A ceux de Damas d&rsquo;abord, puis a Yerushalayim (Jerusalem) , dans toute la Yahudah (Jud\u00e9e) et chez les paiens, j&rsquo;ai pr\u00e9ch\u00e9 la <u>repentance<\/u> et la <u>conversion \u00e0 Elohim<\/u>, avec <u>la pratique des oeuvres dignes de la repentance.<\/u><\/strong><\/span>\u00a0\u00bb (Actes 26:20)<\/p>\n<p style=\"padding-left: 40px;\">La sanctification exige que le croyant se repente de ses p\u00e9ch\u00e9s et se fasse baptiser par immersion au nom de Yahushua.<\/p>\n<p style=\"padding-left: 40px;\">\u00a0\u00bb <span style=\"color: #ff0000;\"><strong>37-Apr\u00e8s avoir entendu ce discours, ils eurent le c\u0153ur vivement touch\u00e9, et ils dirent \u00e0 Kepha (Pierre) et aux autres ap\u00f4tres: Hommes fr\u00e8res, que ferons-nous? 38- Kepha leur dit:\u00a0<u>Repentez-vous<\/u>, et\u00a0<u>que chacun de vous soit baptis\u00e9 au nom de Yahushua Ha Mashiach, pour le pardon de vos p\u00e9ch\u00e9s<\/u>; et\u00a0<u>vous recevrez le don du Saint-Esprit<\/u>.\u00a039-Car <u>la promesse<\/u>\u00a0est pour vous, pour vos enfants, et pour tous ceux qui sont au loin,\u00a0<u>en aussi grand nombre que Yahweh \u00a0notre Elohim les appellera.<\/u><\/strong><\/span>\u00a0\u00bb (Actes 2:37-39)<\/p>\n<p style=\"padding-left: 40px;\">La sanctification exige que le croyant demeure en Yahushua<\/p>\n<p style=\"padding-left: 40px;\">\u00a0\u00bb <span style=\"color: #ff0000;\"><strong>4-\u00a0<u>Demeurez en moi, et\u00a0je demeurerai en vous.\u00a0Comme le sarment (la branche) ne peut de lui-m\u00eame porter du fruit, s&rsquo;il ne demeure attach\u00e9 au cep (l&rsquo;arbre de vigne), ainsi vous ne le pouvez non plus, si vous ne demeurez en moi<\/u>. 5-\u00a0Je suis le cep\u00a0(l&rsquo;arbre de vigne),\u00a0vous \u00eates les sarments\u00a0(les branches).\u00a0Celui qui demeure en moi et en qui je demeure porte beaucoup de fruits, car sans moi vous ne pouvez rien faire. 6-\u00a0Si quelqu&rsquo;un ne demeure pas en moi, il est jet\u00e9 dehors comme le sarment, et il s\u00e8che; puis on ramasse les sarments, ON LES JETTE AU FEU, ET ILS BR\u00dbLENT. 7-\u00a0<u>Si vous demeurez en moi, et que mes paroles demeurent en vous<\/u>, demandez ce que vous voudrez, et cela vous sera accord\u00e9.<\/strong><\/span> \u00a0\u00bb\u00a0(Yahuchanan\/Jean 15:4-7)<\/p>\n<p style=\"padding-left: 40px;\">Comment demeure t on donc en Yahushua en tant que croyant?<\/p>\n<p style=\"padding-left: 40px;\">\u00a0\u00bb\u00a0<span style=\"color: #ff0000;\"><strong>6-<u>Celui qui dit qu&rsquo;il demeure en lui<\/u><\/strong><strong>\u00a0doit\u00a0<u>marcher aussi comme il a march\u00e9 lui-m\u00eame<\/u>.<\/strong><\/span>\u00a0\u00bb (1 Yahuchanan\/Jean 2:6)<\/p>\n<p style=\"padding-left: 40px;\">La sanctification exige que le croyant porte beaucoup de fruits<\/p>\n<p style=\"padding-left: 40px;\">\u00a0\u00a0\u00bb\u00a0<span style=\"color: #ff0000;\"><strong>8-<u>Si vous portez beaucoup de fruits, c&rsquo;est ainsi que mon P\u00e8re sera glorifi\u00e9, et que vous serez mes disciples<\/u><\/strong><strong>. 9-Comme le P\u00e8re m&rsquo;a aim\u00e9, je vous ai aussi aim\u00e9s. Demeurez dans mon amour.<\/strong><\/span>\u00a0\u00bb (Yahuchanan\/Jean 15:8-9)<\/p>\n<p style=\"padding-left: 40px;\">La sanctification exige que le croyant demeure dans l&rsquo;amour de Yahushua et par cons\u00e9quent dans l&rsquo;amour de son p\u00e8re \u00a0Yahweh. Et comment demeure t on dans l&rsquo;amour du Fils et du P\u00e8re?<\/p>\n<p style=\"padding-left: 40px;\">\u00a0\u00bb\u00a0<span style=\"color: #ff0000;\"><strong>10-<u>SI VOUS GARDEZ MES COMMANDEMENTS<\/u>, <u>vous demeurerez dans mon amour<\/u>, de m\u00eame que <u>j&rsquo;ai gard\u00e9 les commandements de mon P\u00e8re<\/u>, et que <u>je demeure dans son amour<\/u>.<\/strong><\/span>\u00a0\u00bb (Yahuchanan\/Jean 15:10)<\/p>\n<p style=\"padding-left: 40px;\">\u00a0\u00bb\u00a0<span style=\"color: #ff0000;\"><strong>3-Car l&rsquo;amour d&rsquo;Elohim consiste \u00e0 <u>GARDER SES COMMANDEMENTS<\/u>.<\/strong><strong>\u00a0Et ses commandements ne sont pas p\u00e9nibles.<\/strong><\/span>\u00a0\u00bb (1 Yahuchanan\/Jean 5:3)<\/p>\n<p style=\"padding-left: 40px;\">\u00a0\u00bb\u00a0<span style=\"color: #ff0000;\"><strong>21<u>-CELUI QUI A MES COMMANDEMENTS ET QUI LES GARDE<\/u>, <u>c&rsquo;est celui qui m&rsquo;aime<\/u><\/strong><strong><u>\u00a0<\/u>; et\u00a0<u>celui qui m&rsquo;aime sera aim\u00e9 de mon P\u00e8re, je l&rsquo;aimerai, et je me ferai conna\u00eetre \u00e0 lui<\/u>. 22-Yahudah (Judas), non pas l&rsquo;Iscariot, lui dit: Seigneur, d&rsquo;o\u00f9 vient que tu te feras conna\u00eetre \u00e0 nous, et non au monde?\u00a023- Yahushua lui r\u00e9pondit: <u>Si quelqu&rsquo;un m&rsquo;aime, il gardera ma parole<\/u><u> et\u00a0mon P\u00e8re l&rsquo;aimera\u00a0;\u00a0nous viendrons \u00e0 lui, et nous ferons notre demeure chez lui. 24-\u00a0Celui qui ne m&rsquo;aime pas ne garde point mes paroles<\/u>. Et la parole que vous entendez n&rsquo;est pas de moi, mais du P\u00e8re qui m&rsquo;a envoy\u00e9.<\/strong><\/span>\u00a0\u00a0\u00bb (Yahuchanan\/Jean 14:21-24)<\/p>\n<p style=\"padding-left: 40px;\">La sanctification exige que Yahushua se fasse conna\u00eetre \u00e0 ses croyants (disciples)<\/p>\n<p style=\"padding-left: 40px;\">\u00a0\u00bb <span style=\"color: #ff0000;\"><strong>21-\u00a0<u>Ce ne sont pas tous ceux qui me disent: Seigneur, Seigneur<\/u>, qui entreront dans le royaume des cieux;\u00a0<u>mais celui qui fait la volont\u00e9 de mon P\u00e8re qui est dans les cieux<\/u>. 22- Plusieurs me diront en ce jour-l\u00e0: Seigneur, Seigneur, n&rsquo;avons-nous pas proph\u00e9tis\u00e9 en ton nom, et n&rsquo;avons-nous pas chass\u00e9 des d\u00e9mons en ton nom, et n&rsquo;avons-nous pas fait beaucoup de miracles en ton nom? 23- Et alors je leur d\u00e9clarerai:\u00a0<u>JE NE VOUS AI JAMAIS CONNUS; retirez-vous de moi, vous qui pratiquez l&rsquo;iniquit\u00e9<\/u>.<\/strong><\/span>\u00a0\u00bb (Yahuchanan\/Jean 7:21-23)<\/p>\n<p style=\"padding-left: 40px;\">Yahushua n&rsquo;a jamais connu ces soient disant croyants durant leur existence. Et eux aussi en retour ne l&rsquo;ont jamais connu. Et pourquoi ils ne l&rsquo;ont jamais connu?<\/p>\n<p style=\"padding-left: 40px;\">\u00a0\u00bb <span style=\"color: #ff0000;\"><strong>3-SI NOUS GARDONS SES COMMANDEMENTS, <u>par l\u00e0 nous savons que NOUS L&rsquo;AVONS CONNU<\/u>. 4-Celui qui dit:\u00a0<u>Je l&rsquo;ai connu, et qui ne garde pas ses commandements, est un menteur, et la v\u00e9rit\u00e9 n&rsquo;est point en lui.<\/u><\/strong><\/span>\u00a0\u00bb \u00a0(1 Yahuchanan\/Jean 2:3-4)<\/p>\n<p style=\"padding-left: 40px;\">La sanctification exige que les croyants acceptent d&rsquo;endurer les tentations (les \u00e9preuves),<\/p>\n<p style=\"padding-left: 40px;\">\u00a0\u00bb\u00a0<span style=\"color: #ff0000;\"><strong>13-<u>Aucune tentation ne vous est survenue qui n&rsquo;ait \u00e9t\u00e9 humaine<\/u><\/strong><strong><u>, et\u00a0Elohim, qui est fid\u00e8le, ne permettra pas que vous soyez tent\u00e9s au del\u00e0 de vos forces<\/u> ; mais avec la tentation il pr\u00e9parera aussi le moyen\u00a0d&rsquo;en sortir, afin que vous puissiez la supporter.<\/strong><\/span>\u00a0\u00bb (1 Corinthiens 10:13)<\/p>\n<p style=\"padding-left: 40px;\">acceptent de souffrir dans la pers\u00e9cution, \u00a0<\/p>\n<p style=\"padding-left: 40px;\">\u00a0\u00a0\u00bb <span style=\"color: #ff0000;\"><strong>20-Souvenez-vous de la parole que je vous ai dite: Le serviteur n&rsquo;est pas plus grand que son ma\u00eetre.\u00a0<u>S&rsquo;ils m&rsquo;ont pers\u00e9cut\u00e9, ils vous pers\u00e9cuteront aussi<\/u>;\u00a0s&rsquo;ils ont gard\u00e9 ma parole, ils garderont aussi la v\u00f4tre<\/strong><\/span>\u00a0\u00bb (Yahuchanan\/Jean 15:20)<\/p>\n<p style=\"padding-left: 40px;\">\u00a0\u00bb <span style=\"color: #ff0000;\"><strong>11-\u00a0Vous \u00eates bienheureux\u00a0quand\u00a0on vous injuriera, et <u>qu&rsquo;on vous pers\u00e9cutera, et qu&rsquo;on dira, en mentant, toute esp\u00e8ce de mal contre vous, \u00e0 cause de moi<\/u><\/strong>.<\/span>\u00a0\u00bb (MatthitYahu\/Matthieu 5:11)<\/p>\n<p style=\"padding-left: 40px;\">\u00a0\u00bb <span style=\"color: #ff0000;\"><strong>19-\u00a0<u>Car c&rsquo;est une gr\u00e2ce que de supporter des afflictions par motif de conscience envers Elohim, quand on souffre injustement<\/u> 20- En effet, quelle gloire y a-t-il \u00e0 supporter de mauvais traitements pour avoir commis des fautes?\u00a0<u>Mais si vous supportez la souffrance lorsque vous faites ce qui est bien.<\/u> C&rsquo;est une gr\u00e2ce devant Elohim. 21-\u00a0<u>Et c&rsquo;est \u00e0 cela que vous avez \u00e9t\u00e9 appel\u00e9s, parce que le messie aussi a souffert pour vous, vous laissant un exemple, afin que vous suiviez ses traces<\/u>, 22- Lui qui n&rsquo;a point commis de p\u00e9ch\u00e9, Et dans la bouche duquel il ne s&rsquo;est point trouv\u00e9 de fraude; 23-<u>lui qui, injuri\u00e9, ne rendait point d&rsquo;injures, maltrait\u00e9, ne faisait point de menaces, mais s&rsquo;en remettait \u00e0 celui qui juge justement<\/u>.<\/strong><\/span>\u00a0\u00bb (1 Kepha\/Pierre 2:19-23)<\/p>\n<p style=\"padding-left: 40px;\">Et qu&rsquo;ils soient pr\u00eat \u00e0 donner leur vie ou \u00e0 mourir pour Yahushua<\/p>\n<p style=\"padding-left: 40px;\">\u00a0\u00bb <span style=\"color: #ff0000;\"><strong>3- Ignorez-vous que nous tous qui avons \u00e9t\u00e9 baptis\u00e9s pour le Messie Yahushua, <u>nous avons \u00e9t\u00e9 baptis\u00e9s pour sa MORT ? 4- Nous avons donc \u00e9t\u00e9 ensevelis avec lui par le bapt\u00eame, pour la MORT<\/u>, afin que comme le messie a \u00e9t\u00e9 ressuscit\u00e9 d&rsquo;entre les morts par la gloire du P\u00e8re, ainsi nous aussi\u00a0<u>nous marchions en nouveaut\u00e9 de vie.<\/u><\/strong><\/span>\u00a0\u00bb\u00a0(Romains 6:3-4)<\/p>\n<p style=\"padding-left: 40px;\">\u00ab\u00a0<span style=\"color: #ff0000;\"> <strong>34- Et ayant appel\u00e9 la foule avec ses disciples, il leur dit:\u00a0<u>Quiconque veut venir apr\u00e8s moi, qu&rsquo;il se renonce soi-m\u00eame, et qu&rsquo;il prenne sa croix, et me suive<\/u>: 35-\u00a0<u>car quiconque voudra sauver sa vie la perdra; et\u00a0quiconque perdra sa propre vie \u00e0 cause de moi et de l&rsquo;\u00e9vangile la sauvera.<\/u> 36-Car que profitera-t-il \u00e0 un homme s&rsquo;il gagne le monde entier, et qu&rsquo;il fasse la perte de son \u00e2me; 37-ou que donnera un homme en \u00e9change de son \u00e2me? 38-\u00a0<u>Car quiconque aura honte de moi et de mes paroles parmi cette g\u00e9n\u00e9ration adult\u00e8re et p\u00e9cheresse, le fils de l&rsquo;homme aura aussi honte de lui, quand il viendra dans la gloire de son P\u00e8re, avec les saints anges.<\/u><\/strong><\/span> \u00a0\u00bb\u00a0(Markos\/Marc 8:34-38)<\/p>\n<p style=\"padding-left: 40px;\">\u00a0\u00bb <span style=\"color: #ff0000;\"><strong>4- Et je vis des tr\u00f4nes, et ils \u00e9taient assis dessus, et le jugement leur fut donn\u00e9; et [je vis] <u>les \u00e2mes de ceux qui avaient \u00e9t\u00e9 d\u00e9capit\u00e9s pour le t\u00e9moignage de Yahushua\u00a0, et\u00a0pour la parole d&rsquo;Elohim\u00a0; et\u00a0de ceux qui n&rsquo;avaient pas adorer la b\u00eate\u00a0ni son image, et\u00a0qui n&rsquo;avaient pas re\u00e7u la marque sur leur front et sur leur main<\/u>\u00a0; et\u00a0<u>ils v\u00e9curent et r\u00e9gn\u00e8rent avec le Messie pendant mille ans<\/u> : 5- le reste des morts ne v\u00e9cut pas jusqu&rsquo;\u00e0 ce que les mille ans fussent accomplis.\u00a0<u>C&rsquo;est ici la PREMI\u00c8RE RESURECTION. 6-\u00a0Bienheureux et saint celui qui a part \u00e0 la PREMI\u00c8RE RESURRECTION: sur eux la SECONDE MORT n&rsquo;a point de pouvoir<\/u>; mais ils seront sacrificateurs d&rsquo;Elohim et du Messie, et\u00a0<u>ils r\u00e9gneront avec lui pendant mille ans<\/u>.<\/strong><\/span>\u00a0\u00bb\u00a0(Apocalypse 20:4-6)<\/p>\n\n\n<p><\/p>\n","protected":false},"excerpt":{"rendered":"<p>NB\u00a0: Dans les bibles courantes incluant la version Louis segond le nom majestueux d\u2019Elohim supr\u00eame (Dieu supr\u00eame), l&rsquo;Elohim (Dieu) de tous les elohim (dieux), ce nom pr\u00e9cieux le t\u00e9tragramme\u00a0YHWH\u00a0(en h\u00e9breu\u00a0 \u05d9\u05d4\u05d5\u05d4)\u00a0se pronon\u00e7ant\u00a0Yahweh\u00a0a \u00e9t\u00e9 substitu\u00e9 par\u00a0l\u2019\u00c9ternel\u00a0 dans l\u2019ancien testament et parfois\u00a0 par Dieu\u00a0ou Seigneur dans le nouveau Testament. \u00c9galement le nom majestueux de son fils (en [&hellip;]<\/p>\n","protected":false},"author":1,"featured_media":0,"parent":0,"menu_order":0,"comment_status":"closed","ping_status":"closed","template":"","meta":{"footnotes":""},"class_list":["post-2185","page","type-page","status-publish","hentry"],"_links":{"self":[{"href":"https:\/\/disciplesdeyahushua.com\/index.php\/wp-json\/wp\/v2\/pages\/2185","targetHints":{"allow":["GET"]}}],"collection":[{"href":"https:\/\/disciplesdeyahushua.com\/index.php\/wp-json\/wp\/v2\/pages"}],"about":[{"href":"https:\/\/disciplesdeyahushua.com\/index.php\/wp-json\/wp\/v2\/types\/page"}],"author":[{"embeddable":true,"href":"https:\/\/disciplesdeyahushua.com\/index.php\/wp-json\/wp\/v2\/users\/1"}],"replies":[{"embeddable":true,"href":"https:\/\/disciplesdeyahushua.com\/index.php\/wp-json\/wp\/v2\/comments?post=2185"}],"version-history":[{"count":13,"href":"https:\/\/disciplesdeyahushua.com\/index.php\/wp-json\/wp\/v2\/pages\/2185\/revisions"}],"predecessor-version":[{"id":2205,"href":"https:\/\/disciplesdeyahushua.com\/index.php\/wp-json\/wp\/v2\/pages\/2185\/revisions\/2205"}],"wp:attachment":[{"href":"https:\/\/disciplesdeyahushua.com\/index.php\/wp-json\/wp\/v2\/media?parent=2185"}],"curies":[{"name":"wp","href":"https:\/\/api.w.org\/{rel}","templated":true}]}}