{"id":222,"date":"2016-03-19T17:03:59","date_gmt":"2016-03-19T21:03:59","guid":{"rendered":"https:\/\/disciplesdeyahushua.com\/?page_id=222"},"modified":"2024-06-29T20:03:08","modified_gmt":"2024-06-30T00:03:08","slug":"limportance-de-la-recherche-de-la-verite","status":"publish","type":"page","link":"https:\/\/disciplesdeyahushua.com\/index.php\/limportance-de-la-recherche-de-la-verite\/","title":{"rendered":"L&rsquo;importance de la recherche de la v\u00e9rit\u00e9"},"content":{"rendered":"<p><strong>NB\u00a0:<\/strong> Dans les bibles courantes incluant la version Louis segond le nom majestueux d\u2019Elohim supr\u00eame (Dieu supr\u00eame), l&rsquo;Elohim (Dieu) de tous les Elohim (dieux), ce nom precieux le t\u00e9tragramme\u00a0<strong>YHWH<\/strong>\u00a0(en h\u00e9breu\u00a0 <strong>\u05d9\u05d4\u05d5<\/strong><strong>\u05d4<\/strong><strong>)<\/strong>\u00a0se pronon\u00e7ant\u00a0<strong>Yahweh<\/strong>\u00a0a \u00e9t\u00e9 substitu\u00e9 par\u00a0<strong>l\u2019Eternel<\/strong>\u00a0 dans l\u2019ancien testament et parfois\u00a0 par <strong>Dieu<\/strong>\u00a0ou <strong>Seigneur<\/strong> dans le nouveau Testament. Egalement le nom majestueux de son fils (en h\u00e9breu\u00a0<strong>\u05d9\u05d4\u05d5\u05e9\u05d5\u05e2)<\/strong>\u00a0se pronon\u00e7ant\u00a0<strong>Yahushua<\/strong>\u00a0a \u00e9t\u00e9 substitu\u00e9\u00a0par\u00a0<strong>J\u00e9sus<\/strong>\u00a0dans le nouveau testament.<\/p>\n<hr \/>\n<p><strong>\u00a0<\/strong><\/p>\n<p>Un aspect important de notre foi sur lequel nos \u00e9tudes bibliques doivent \u00eatre bas\u00e9es est\u00a0: <strong>la recherche de la v\u00e9rit\u00e9<\/strong>. Tout ce que nous trouvons \u00eatre faux comme enseignement, nous devrions l\u2019\u00e9loigner de nous, peu importe si oui ou non ceci\u00a0est populaire \u00a0et embrass\u00e9 par la majorit\u00e9.<\/p>\n<p>L&rsquo;ob\u00e9issance \u00e0 la v\u00e9rit\u00e9 qui nous a \u00e9t\u00e9 r\u00e9v\u00e9l\u00e9e \u00e0 travers les \u00e9critures est la cl\u00e9 pour \u00eatre conduit dans plus de v\u00e9rit\u00e9. Ceci, je crois, est tr\u00e8s important voir m\u00eame capital pour notre foi.<br \/>\nLes yeux de notre Cr\u00e9ateur visent ceux dont le c\u0153ur est tout entier \u00e0 lui. Par exemple Ici, Il s\u2019adresse \u00e0 \u00a0un roi turbulent:<\/p>\n<p>\u00a0\u00bb <span style=\"color: #ff0000;\"><strong>9-<\/strong><b style=\"color: #ff0000;\">Car Yahweh \u00e9tend ses regards sur toute la terre, pour soutenir ceux dont le <\/b><span style=\"color: #ff0000;\"><b>c\u0153ur<\/b><\/span><b style=\"color: #ff0000;\">\u00a0est tout entier \u00e0 lui. Tu as agi en insens\u00e9 dans cette affaire, car d\u00e8s \u00e0 pr\u00e9sent tu auras des guerres.<\/b><\/span> \u00a0\u00bb (2 Chronicles 16:9)<\/p>\n<p>Voici Yahweh dit \u00e0 YirmeYahu\/J\u00e9r\u00e9mie que s&rsquo;il peut trouver une personne \u00e0 Yerushalayim (J\u00e9rusalem) qui cherche vraiment\u00a0 la v\u00e9rit\u00e9, Il pardonnera \u00a0toute la ville!<strong>\u00a0 \u00a0 \u00a0 \u00a0\u00a0<\/strong><\/p>\n<p>\u00a0\u00bb <span style=\"color: #ff0000;\"><strong>1-Parcourez les rues de Yerushalayim (<em>J\u00e9rusalem<\/em>), Regardez, informez-vous, cherchez dans les places, S&rsquo;il s&rsquo;y trouve un homme, <u>s&rsquo;il y en a un qui pratique la justice, qui s&rsquo;attache \u00e0 la v\u00e9rit\u00e9<\/u>, et je pardonnerai\u00a0 Yerushalayim.<\/strong><\/span>\u00a0\u00bb ( J\u00e9r\u00e9mie 5:1)<\/p>\n<p>Ici notre Sauveur, le messie, parle de l&rsquo;importance de conna\u00eetre la v\u00e9rit\u00e9.<\/p>\n<p>\u00a0\u00bb <span style=\"color: #ff0000;\"><strong>23-Mais l&rsquo;heure vient, et elle est d\u00e9j\u00e0 venue, o\u00f9 <u>les vrais adorateurs adoreront le P\u00e8re en esprit et en v\u00e9rit\u00e9<\/u>; car ce sont l\u00e0 les adorateurs que le P\u00e8re demande.<\/strong><\/span> \u00a0\u00bb (Jean 4:23)<\/p>\n<p>L&rsquo;Esprit est ce qui nous guide dans toute la v\u00e9rit\u00e9<\/p>\n<p>\u00a0\u00bb <span style=\"color: #ff0000;\"><strong>17-<u>l&rsquo;Esprit de v\u00e9rit\u00e9<\/u><\/strong><strong>, que le monde ne peut recevoir, parce qu&rsquo;il ne le voit point et ne le conna\u00eet point; mais vous, <u>vous le connaissez, car il demeure avec vous, et il sera en vous<\/u>.<\/strong><\/span> \u00a0\u00bb (Jean\u00a0 14:17)<\/p>\n<p>\u00a0\u00bb <span style=\"color: #ff0000;\"><strong>26-Quand sera venu le consolateur, que je vous enverrai de la part du P\u00e8re, <u>l&rsquo;Esprit de v\u00e9rit\u00e9, qui vient du P\u00e8re, il rendra t\u00e9moignage de moi<\/u>;<\/strong> <\/span>\u00a0\u00bb (Jean 15:26)<\/p>\n<p>\u00a0\u00bb <span style=\"color: #ff0000;\"><strong>13-<u>Quand le consolateur sera venu, l&rsquo;Esprit de v\u00e9rit\u00e9, il vous conduira dans toute la v\u00e9rit\u00e9<\/u><\/strong><strong>; car il ne parlera pas de lui-m\u00eame, mais il dira tout ce qu&rsquo;il aura entendu, et il vous annoncera les choses \u00e0 venir.<\/strong><strong>\u00a014-Il me glorifiera, parce qu&rsquo;il prendra de ce qui est \u00e0 moi, et vous l&rsquo;annoncera.<\/strong><\/span>\u00a0\u00bb (Jean 16:13-14)<\/p>\n<p>L&rsquo;Esprit doit \u00eatre en accord avec la parole de Yahweh en particulier la Loi de Yahweh.<\/p>\n<p>\u00a0\u00bb <span style=\"color: #ff0000;\"><strong>20-<u>A la Loi (<em>la Torah<\/em>) et au t\u00e9moignage (<em>livre des Proph\u00e8tes<\/em>)!<\/u><\/strong><strong> Si l&rsquo;on ne parle pas ainsi, Il n&rsquo;y aura point d&rsquo;aurore (<em>Lumi\u00e8re<\/em>) pour le peuple. <\/strong><\/span>\u00a0\u00bb (Esaie 8:20)<\/p>\n<p>Le chemin qui conduit \u00e0 la v\u00e9rit\u00e9 s&rsquo;arr\u00eatera si nous n&rsquo;ob\u00e9issons pas \u00e0 la v\u00e9rit\u00e9 qu\u2019il nous a donn\u00e9e c&rsquo;est-\u00e0-dire sa parole.<\/p>\n<p>\u00a0\u00bb <span style=\"color: #ff0000;\"><strong>32-Nous sommes t\u00e9moins de ces choses, <u>de m\u00eame que le Saint Esprit, que Elohim\u00a0a donn\u00e9 \u00e0 ceux qui lui ob\u00e9issent<\/u><\/strong><\/span> \u00a0\u00bb (Actes 5:32)<\/p>\n<p>\u00a0\u00bb <span style=\"color: #ff0000;\"><strong>22-<u>Ayant purifi\u00e9 vos \u00e2mes en ob\u00e9issant \u00e0 la v\u00e9rit\u00e9 <\/u><\/strong><strong>pour avoir un amour fraternel sinc\u00e8re, aimez-vous ardemment les uns les autres, de tout votre coeur, 23-puisque vous avez \u00e9t\u00e9 r\u00e9g\u00e9n\u00e9r\u00e9s, non par une semence corruptible, mais <u>par une semence incorruptible<\/u>, <u>par la parole vivante et permanente de Yahweh.<\/u><\/strong><\/span> \u00a0\u00bb (1 Pierre 1:22-23)<\/p>\n<p>Si nous n&rsquo;avons pas l\u2019 amour de la v\u00e9rit\u00e9, nous finirons pas croire au mensonge et ca c\u2019est certain puisque c\u2019est Yahweh, L\u2019Elohim supr\u00eame qui le confirme \u00e0 travers le serviteur Sha&rsquo;ul (Paul)!<\/p>\n<p>\u00a0\u00bb <span style=\"color: #ff0000;\"><strong>7-Car le myst\u00e8re de l&rsquo;iniquit\u00e9 agit d\u00e9j\u00e0; il faut seulement que celui qui le retient encore ait disparu. 8-Et alors para\u00eetra l&rsquo;impie, que le Ma\u00eetre (<i>seigneur)<\/i>\u00a0Yahushua d\u00e9truira par le souffle de sa bouche, et qu&rsquo;il an\u00e9antira par l&rsquo;\u00e9clat de son av\u00e8nement. 9-L&rsquo;apparition de cet impie se fera, par la puissance de Satan, avec toutes sortes de miracles, de signes et de prodiges mensongers, 10-et avec toutes les s\u00e9ductions de l&rsquo;iniquit\u00e9 pour <u>ceux qui p\u00e9rissent parce qu&rsquo;ils n&rsquo;ont pas re\u00e7u l&rsquo;amour de la v\u00e9rit\u00e9 pour \u00eatre sauv\u00e9s.<\/u>\u00a011-Aussi Elohim leur envoie une puissance d&rsquo;\u00e9garement, pour qu&rsquo;ils croient au mensonge, 12-<u>afin que tous ceux qui n&rsquo;ont pas cru \u00e0 la v\u00e9rit\u00e9, mais qui ont pris plaisir \u00e0 l&rsquo;injustice, soient condamn\u00e9s<\/u>.<\/strong><\/span> \u00a0\u00bb (2 Thessaloniciens 2:7-12)<\/p>\n<p>Nous devons avoir l\u2019amour de la v\u00e9rit\u00e9 afin d\u2019\u00eatre sauv\u00e9s. Avoir le plaisir \u00e0 l&rsquo;injustice signifie\u00a0 ne pas ob\u00e9ir \u00e0 la v\u00e9rit\u00e9 qu&rsquo;il nous a donn\u00e9 c-a d <strong>sa parole, ses commandements<\/strong>.<br \/>\nCeux qui ignorent ses voies et ses commandements ne le trouveront jamais, bien qu\u2019ils le cherchent.<\/p>\n<p>\u00a0\u00bb <span style=\"color: #ff0000;\"><strong>22-Jusqu&rsquo;\u00e0 quand, stupides, aimerez-vous la stupidit\u00e9? Jusqu&rsquo;\u00e0 quand les moqueurs se plairont-ils \u00e0 la moquerie, Et les insens\u00e9s ha\u00efront-ils la v\u00e9rit\u00e9 (<em>la science<\/em>)? 23-Tournez-vous pour \u00e9couter mes r\u00e9primandes! Voici, je r\u00e9pandrai sur vous mon esprit, Je vous ferez conna\u00eetre mes paroles&#8230;24-Puisque j&rsquo;appelle et que vous r\u00e9sistez, Puisque j&rsquo;\u00e9tends ma main et que personne n&rsquo;y prend garde, Puisque vous rejetez tous mes conseils, Et que vous n&rsquo;aimez pas mes r\u00e9primandes, 25-Moi aussi, je rirai quand vous serez dans le malheur, Je me moquerai quand la terreur vous saisira, 27-Quand la terreur vous saisira comme une temp\u00eate, Et que le malheur vous enveloppera comme un tourbillon, Quand la d\u00e9tresse et l&rsquo;angoisse fondront sur vous.<u>\u00a028-Alors ils m&rsquo;appelleront, et je ne r\u00e9pondrai pas; Ils me chercheront, et ils ne me trouveront pas<\/u>. Parce qu&rsquo;ils ont ha\u00ef la v\u00e9rit\u00e9 (<em>la science<\/em>), Et qu&rsquo;ils n&rsquo;ont pas choisi la crainte de Yahweh,<\/strong><strong>\u00a029-Parce qu&rsquo;ils n&rsquo;ont point aim\u00e9 mes conseils, 30-Et qu&rsquo;ils ont d\u00e9daign\u00e9 toutes mes r\u00e9primandes,<\/strong> <\/span>\u00a0\u00bb (Proverbes 1:22-30)<\/p>\n<p>\u00a0\u00bb <span style=\"color: #ff0000;\"><strong>17-<\/strong><strong><u>J&rsquo;aime ceux qui m&rsquo;aiment, Et ceux qui me cherchent me trouvent.<\/u><\/strong><\/span> \u00a0\u00bb (Proverbes 8:17)<\/p>\n<p>\u00a0\u00bb <span style=\"color: #ff0000;\"><strong>13-<u>Vous me chercherez, et vous me trouverez, si vous me cherchez de tout votre coeur.<\/u><\/strong><\/span> \u00a0\u00bb (J\u00e9r\u00e9mie 29:13)<\/p>\n<p><strong>\u00a0<\/strong><\/p>\n<p>&nbsp;<\/p>\n<p>&nbsp;<\/p>\n","protected":false},"excerpt":{"rendered":"<p>NB\u00a0: Dans les bibles courantes incluant la version Louis segond le nom majestueux d\u2019Elohim supr\u00eame (Dieu supr\u00eame), l&rsquo;Elohim (Dieu) de tous les Elohim (dieux), ce nom precieux le t\u00e9tragramme\u00a0YHWH\u00a0(en h\u00e9breu\u00a0 \u05d9\u05d4\u05d5\u05d4)\u00a0se pronon\u00e7ant\u00a0Yahweh\u00a0a \u00e9t\u00e9 substitu\u00e9 par\u00a0l\u2019Eternel\u00a0 dans l\u2019ancien testament et parfois\u00a0 par Dieu\u00a0ou Seigneur dans le nouveau Testament. Egalement le nom majestueux de son fils (en [&hellip;]<\/p>\n","protected":false},"author":1,"featured_media":0,"parent":0,"menu_order":0,"comment_status":"closed","ping_status":"closed","template":"","meta":{"footnotes":""},"class_list":["post-222","page","type-page","status-publish","hentry"],"_links":{"self":[{"href":"https:\/\/disciplesdeyahushua.com\/index.php\/wp-json\/wp\/v2\/pages\/222","targetHints":{"allow":["GET"]}}],"collection":[{"href":"https:\/\/disciplesdeyahushua.com\/index.php\/wp-json\/wp\/v2\/pages"}],"about":[{"href":"https:\/\/disciplesdeyahushua.com\/index.php\/wp-json\/wp\/v2\/types\/page"}],"author":[{"embeddable":true,"href":"https:\/\/disciplesdeyahushua.com\/index.php\/wp-json\/wp\/v2\/users\/1"}],"replies":[{"embeddable":true,"href":"https:\/\/disciplesdeyahushua.com\/index.php\/wp-json\/wp\/v2\/comments?post=222"}],"version-history":[{"count":12,"href":"https:\/\/disciplesdeyahushua.com\/index.php\/wp-json\/wp\/v2\/pages\/222\/revisions"}],"predecessor-version":[{"id":1979,"href":"https:\/\/disciplesdeyahushua.com\/index.php\/wp-json\/wp\/v2\/pages\/222\/revisions\/1979"}],"wp:attachment":[{"href":"https:\/\/disciplesdeyahushua.com\/index.php\/wp-json\/wp\/v2\/media?parent=222"}],"curies":[{"name":"wp","href":"https:\/\/api.w.org\/{rel}","templated":true}]}}