{"id":354,"date":"2017-01-11T23:42:53","date_gmt":"2017-01-12T04:42:53","guid":{"rendered":"https:\/\/disciplesdeyahushua.com\/?page_id=354"},"modified":"2025-01-04T15:14:14","modified_gmt":"2025-01-04T20:14:14","slug":"colossiens-2lacte-dont-les-ordonnances","status":"publish","type":"page","link":"https:\/\/disciplesdeyahushua.com\/index.php\/colossiens-2lacte-dont-les-ordonnances\/","title":{"rendered":"COLOSSIENS 2:\u2026l\u2019ACTE DONT LES ORDONNANCES\u2026"},"content":{"rendered":"<p style=\"text-align: justify;\"><strong>NB\u00a0:<\/strong> Dans les bibles courantes incluant la version Louis segond le nom majestueux d\u2019Elohim supr\u00eame (Dieu supr\u00eame), l&rsquo;Elohim (Dieu) de tous les elohim (dieux), ce nom pr\u00e9cieux le t\u00e9tragramme\u00a0<strong>YHWH<\/strong>\u00a0(en h\u00e9breu\u00a0 <strong>\u05d9\u05d4\u05d5<\/strong><strong>\u05d4<\/strong><strong>)<\/strong>\u00a0se pronon\u00e7ant\u00a0<strong>Yahweh<\/strong>\u00a0a \u00e9t\u00e9 substitu\u00e9 par\u00a0<strong>l\u2019\u00c9ternel<\/strong>\u00a0 dans l\u2019ancien testament et parfois\u00a0 par <strong>Dieu<\/strong>\u00a0ou <strong>Seigneur<\/strong> dans le nouveau Testament. \u00c9galement le nom majestueux de son fils (en h\u00e9breu\u00a0<strong>\u05d9\u05d4\u05d5\u05e9\u05d5\u05e2)<\/strong>\u00a0se pronon\u00e7ant\u00a0<strong>Yahushua<\/strong>\u00a0a \u00e9t\u00e9 substitu\u00e9\u00a0par\u00a0<strong>J\u00e9sus<\/strong>\u00a0dans le nouveau testament.<\/p>\n<hr \/>\n<p>&nbsp;<\/p>\n<p>\u00a0\u00bb <strong><span style=\"color: #ff0000;\">8-Prenez garde que personne ne fasse de vous sa proie par la philosophie et par une vaine tromperie, <u>s\u2019appuyant sur la tradition des hommes, sur les rudiments du monde<\/u> , et non sur le <em>Messie<\/em>. <\/span><\/strong>\u00a0\u00bb (Colossiens 2:8)<\/p>\n<p>Ce passage est bien clair sur les \u00e9l\u00e9ments auxquels s\u2019appuient\u00a0 la philosophie et la vaine tromperie des faux enseignants ou pr\u00e9dicateurs. Certains ont essay\u00e9 de chang\u00e9 ces \u00e9l\u00e9ments qui sont la tradition des hommes et rudiments du monde aux commandements de Yahweh. \u00a0Ceci est consistant en fait sur le reste de la section de <u>colossiens chap 2<\/u><\/p>\n<p>\u00a0\u00bb <strong><span style=\"color: #ff0000;\">9-Car en lui habite corporellement toute la pl\u00e9nitude de la divinit\u00e9. 10-Vous avez tout pleinement en lui, qui est le chef de toute domination et de toute autorit\u00e9<\/span> <\/strong>\u00a0\u00bb (Colossiens 2:9-10)<\/p>\n<p>Ainsi nous n\u2019avons besoin d\u2019aucune autre doctrine parce que nous avons pleinement tout en Yahushua qui est le chef de toute autorit\u00e9.<\/p>\n<p>\u00a0\u00bb <strong><span style=\"color: #ff0000;\">11-Et c\u2019est en lui que vous avez \u00e9t\u00e9 circoncis d\u2019une circoncision que la main n\u2019a pas faite, mais de la circoncision du<em> Messie<\/em>, qui consiste dans le d\u00e9pouillement du corps de la chair\u00a0:<\/span> <\/strong>\u00a0\u00bb (Colossiens 2:11)<\/p>\n<p>En Yahushua nous sommes circoncis dans notre c\u0153ur par son sang qui couvre nos p\u00e9ch\u00e9s et donc nous s\u00e9parant ainsi de ceux ci.<\/p>\n<p>\u00a0\u00bb <span style=\"color: #ff0000;\"><strong>12-<\/strong><strong>Ayant \u00e9t\u00e9 ensevelis avec lui par le bapt\u00eame, vous \u00eates aussi ressuscit\u00e9s en lui et avec lui, par la foi en la puissance <em>d&rsquo;Elohim<\/em> qui l\u2019a ressuscit\u00e9 des morts<\/strong><\/span>\u00a0\u00bb (Colossiens 2:12)<\/p>\n<p>Nous avons enterr\u00e9 le vieil homme \u00e0 travers notre bapt\u00eame et nous sommes maintenant une nouvelle cr\u00e9ature, ainsi nous ne devrions plus retourner dans ces traditions des hommes ou rudiments du monde.<\/p>\n<p>\u00a0\u00bb <span style=\"color: #ff0000;\"><strong>13-<\/strong><strong>Vous qui \u00e9tiez morts par vos <em>p\u00e9ch\u00e9s<\/em>\u00a0et par l\u2019incirconcision de votre chair, il vous a rendus \u00e0 la vie avec lui, en nous faisant gr\u00e2ce pour toutes nos offenses; 14-il a effac\u00e9 <u>l\u2019ACTE DONT LES ORDONNANCES<\/u> nous condamnaient et qui subsistait contre nous, et il l\u2019a d\u00e9truit en le clouant sur<em> le bois<\/em><\/strong><\/span>\u00a0\u00bb (Colossiens 2:13-14)<\/p>\n<p>Le sacrifice ou la mort de Yahushua a permis que nos p\u00e9ch\u00e9s ou offenses nous soient pardonn\u00e9s. Ce sacrifice a aussi d\u00e9truit en clouant sur le boix (croix) <strong>les TRADITIONS et ORDONNANCES<\/strong> <strong>des hommes <\/strong>qui nous condamnaient dans la servitude du p\u00e9ch\u00e9 et dont les actes subsistaient contre nous. Ces ordonnances et traditions n\u2019ont plus aucun pouvoir sur nous si nous sommes en Yahushua. Par contre, ont \u2013ils le pouvoir sur ceux qui sont sans Yahushua dans leur vie? <strong>Oui, bien s\u00fbr!<\/strong> Ils rendent ces derniers captifs au p\u00e9ch\u00e9.<\/p>\n<p>\u00a0\u00bb <span style=\"color: #ff0000;\"><strong>16-Ne savez vous pas qu\u2019en vous livrant \u00e0 quelqu\u2019un comme esclaves pour lui ob\u00e9ir, vous \u00eates esclaves de celui \u00e0 qui vous ob\u00e9issez, soit du p\u00e9ch\u00e9 qui conduit \u00e0 la mort, soit de l\u2019ob\u00e9issance qui conduit \u00e0 la justice? 17-Mais gr\u00e2ces soient rendues \u00e0 Elohim<\/strong><strong>\u00a0de ce que, <u>apr\u00e8s avoir \u00e9t\u00e9 esclaves du p\u00e9ch\u00e9<\/u>, vous avez ob\u00e9i de c\u0153ur \u00e0 la r\u00e8gle de la doctrine dans laquelle vous avez \u00e9t\u00e9 instruits. 18-Et <u>ayant \u00e9t\u00e9 affranchis du p\u00e9ch\u00e9, vous \u00eates devenus esclaves de la justice.<\/u><\/strong><\/span>\u00a0\u00bb (Romains 6:16-18)<\/p>\n<p>Cependant le pouvoir que ces ordonnances avaient sur nous \u00e9tait clou\u00e9 sur le bois de m\u00eame que nos p\u00e9ch\u00e9s parce que lorsque nous avions \u00e9t\u00e9 pardonn\u00e9s de nos p\u00e9ch\u00e9s, nous avons aussi \u00e9t\u00e9 lib\u00e9r\u00e9s de la captivit\u00e9 de ces ordonnances sur nous.\u00a0 Quelqu\u2019un qui s\u2019est vraiment repenti et qui a accept\u00e9 Yahushua apr\u00e8s une ancienne vie p\u00e9cheresse peut vous certifier cela.<\/p>\n<p>Maintenant la question est de savoir\u00a0: <strong>de quelles ordonnances des hommes s\u2019agissait- il? <\/strong>Paul expliquera cela en d\u00e9tail dans les versets 18, 19 et 20. Pour l\u2019instant continuons avec le prochain verset<\/p>\n<p>\u00a0\u00bb <span style=\"color: #ff0000;\"><strong>15-<\/strong><strong><u>Il a d\u00e9pouill\u00e9 les dominations et les autorit\u00e9s<\/u>, et les a livr\u00e9es publiquement en spectacle, en triomphant d\u2019elles sur le bois<\/strong><\/span> \u00a0\u00bb (Colossiens 2:15)<\/p>\n<p>Il a vaincu et d\u00e9sarm\u00e9 les dominations, les esprits des t\u00e9n\u00e8bres, les anges d\u00e9chus. Il a triomph\u00e9 sur Satan et sur tous ses pouvoirs. Il les a expos\u00e9s publiquement en triomphant sur eux par sa r\u00e9surrection et son ascension. Maintenant, si le <u>verset 14<\/u>\u00a0parlait des commandements de Yahweh, pourquoi dans ce <u>verset 15<\/u>, il est question de d\u00e9pouiller \u00a0les dominations dirig\u00e9es par Satan? Yahweh est l&rsquo;auteur des vrais commandements. <strong>Satan est l&rsquo;auteur des ordonnnces\u00a0pa\u00efennes dont Paul parle au <u>verset 14<\/u><\/strong>.<\/p>\n<p>\u00a0\u00bb <span style=\"color: #ff0000;\"><strong>16-<\/strong><strong>Que personne donc ne vous juge au sujet du manger ou du boire, ou au<\/strong><strong>\u00a0<\/strong><strong><u>sujet d\u2019une f\u00eate, d\u2019une nouvelle lune, ou des sabbats<\/u><\/strong><strong>:<\/strong><strong>\u00a017-<\/strong><strong><u>c&rsquo;\u00e9tait<\/u><\/strong><strong>\u00a0<\/strong><em><strong>(<\/strong><strong>qui sont<\/strong><strong>)<\/strong><\/em><strong>\u00a0<\/strong><strong><u>l\u2019ombre des choses \u00e0 venir<\/u><\/strong><strong>,<u>mais le CORPS est en<\/u><\/strong><strong>\u00a0<\/strong><em><strong>(du<\/strong><\/em><strong>)<\/strong><strong>\u00a0<\/strong><em><strong><u>MESSIE<\/u><\/strong><\/em><strong>.<\/strong><\/span><strong>\u00a0<\/strong>\u00a0\u00bb (Colossiens 2:16-17)<\/p>\n<p>Notons que la f\u00eate, la nouvelle Lune et les sabbats\u00a0<strong><u>sont l\u2019 ombre des choses \u00e0 venir<\/u><\/strong>\u00a0 et non\u00a0<strong><u>\u00e9taient l\u2019ombre des choses \u00e0 venir<\/u><\/strong>. En effet Le traducteur de la version Louis Segond a commis deux erreurs ici. Premi\u00e8rement, au lieu d\u2019utiliser le mot appropri\u00e9\u00a0\u00a0<span style=\"color: #ff0000;\"><strong><u>qui sont<\/u><\/strong> <\/span>correspondant \u00e0 l\u2019expression \u00a0grec \u00a0de la version originale<strong>\u00a0<\/strong><strong>\u00a0<\/strong><span style=\"color: #ff0000;\"><strong><u>\u1f05<\/u><\/strong>\u00a0<strong><u>\u1f10\u03c3\u03c4\u03b9\u03bd<\/u><\/strong><\/span>\u00a0<strong>,<\/strong>\u00a0il a plut\u00f4t employ\u00e9 l\u2019expression erron\u00e9e<span style=\"color: #ff0000;\">\u00a0<strong><u>c\u2019\u00e9tait<\/u><\/strong><strong><u>\u00a0<\/u><\/strong><\/span><strong>\u00a0<\/strong>signifiant en grec\u00a0<span style=\"color: #ff0000;\"><strong><u>\u03ae\u03c4\u03b1\u03bd<\/u><\/strong><\/span>\u00a0<strong>.<\/strong><strong>\u00a0<\/strong>Deuxi\u00e8mement, il a substitu\u00e9 le mot<strong>\u00a0<\/strong><span style=\"color: #ff0000;\"><strong><u>du<\/u><\/strong><\/span><strong>\u00a0<\/strong>signifiant dans le texte original grec<strong>\u00a0<\/strong><strong>\u00a0<\/strong><span style=\"color: #ff0000;\"><strong><u>\u03c4\u03bf\u1fe6<\/u><\/strong><\/span>\u00a0par l\u2019expression\u00a0<span style=\"color: #ff0000;\"><strong><u>est en<\/u><\/strong><\/span><strong>\u00a0<\/strong>qui n\u2019existe pas dans la version originale grec<strong>.\u00a0<u>Pourquoi ces f\u00eates, les nouvelles lunes et sabbats sont-ils l\u2019ombre des choses \u00e0 venir<\/u>\u00a0<\/strong>? Parce que les vrais croyants et disciples \u00a0de Yahushua observeront et garderons les f\u00eates solennelles de Yahweh, nouvelles lunes et sabbats dans le royaume de Yahweh lors du Millenium (1000 de r\u00e8gne de Yahushua) et aussi\u00a0 apr\u00e8s le Jugement dernier. (<u>Voir Zacharie: 14, \u00c9sa\u00efe 66:22-23<\/u>).<\/p>\n<p>\u00a0\u00bb <span style=\"color: #ff0000;\"><strong>22-<\/strong><strong>Car, comme les nouveaux cieux Et la nouvelle terre que je vais cr\u00e9er Subsisteront devant moi, dit Yahweh, Ainsi subsisteront votre post\u00e9rit\u00e9 et votre nom. 23-\u00c0\u00a0<u>chaque nouvelle lune et \u00e0 chaque sabbat<\/u>, Toute chair viendra se prosterner devant moi, dit Yahweh.<\/strong><\/span>\u00a0\u00bb (\u00c9saie 66:22-23)<\/p>\n<p>\u00a0\u00bb <strong><span style=\"color: #ff0000;\">16-Tous\u00a0ceux qui resteront de toutes les nations venues contre Yerushalayim <em>(J\u00e9rusalem)<\/em>\u00a0monteront chaque ann\u00e9e pour se prosterner devant le roi, Yahweh des arm\u00e9es, Et\u00a0<u>pour c\u00e9l\u00e9brer la f\u00eate des tabernacles<\/u>. 17-S&rsquo;il y a des familles de la terre qui ne montent pas \u00e0 Yerushalayim pour se prosterner devant le roi, Yahweh des arm\u00e9es, La pluie ne tombera pas sur elles. 18-Si la famille de\u00a0l&rsquo;\u00c9gypte <em>(Mitzrayim)<\/em> ne monte pas, si elle ne vient pas, La pluie ne tombera pas sur elle; Elle sera frapp\u00e9e de la plaie dont Yahweh frappera l<\/span><\/strong><strong style=\"font-family: Lora, Georgia, 'Hiragino Mincho ProN', 'Yu Mincho', Meiryo, serif; font-size: 16px; font-style: normal;\"><span style=\"color: #ff0000;\">es nations qui ne monteront pas <strong><u>pour c\u00e9l\u00e9brer la f\u00eate des tabernacles<\/u><\/strong><\/span><\/strong><strong style=\"font-family: Lora, Georgia, 'Hiragino Mincho ProN', 'Yu Mincho', Meiryo, serif; font-size: 16px; font-style: normal;\"><span style=\"color: #ff0000;\">. 19-Ce sera le ch<\/span><\/strong><strong style=\"font-family: Lora, Georgia, 'Hiragino Mincho ProN', 'Yu Mincho', Meiryo, serif; font-size: 16px; font-style: normal;\"><span style=\"color: #ff0000;\">\u00e2timent de <\/span><\/strong><strong style=\"font-size: 16px;\"><span style=\"color: #ff0000;\">l&rsquo;\u00c9gypte, Le ch\u00e2timent de toutes les nations qui ne monteront pas <strong><u>pour c\u00e9l\u00e9brer la f\u00eate des tabernacles<\/u><\/strong>.<\/span><\/strong><span style=\"color: #000000;\">\u00a0\u00bb (ZekharYah\/Zacharie 14:16-19)<\/span><\/p>\n<p>Voici comment\u00a0<u>Colossiens 2:16-17<\/u>\u00a0devrait se lire:<\/p>\n<p>\u00a0\u00bb <span style=\"color: #ff0000;\"><strong>16-<\/strong><strong>Que personne donc ne vous juge au sujet du manger ou du boire, ou au<\/strong><strong>\u00a0<\/strong><strong><u>sujet d\u2019une f\u00eate, d\u2019une nouvelle lune, ou des sabbats<\/u><\/strong><strong>: 17-<\/strong><em><strong><u>qui SONT<\/u><\/strong><strong>\u00a0<\/strong><\/em><strong><u>l\u2019ombre des choses \u00e0 venir<\/u><\/strong><strong>,<\/strong><strong>\u00a0<\/strong><strong><u>mais <em>le CORPS DU MESSIE<\/em><\/u><\/strong><strong>.<\/strong><\/span><strong>\u00a0<\/strong>\u00a0\u00bb (Colossiens 2:16-17)<\/p>\n<p>En d&rsquo;autres termes, nous devrions laisser seulement le <strong>CORPS DU MESSIE<\/strong> nous juger! Et l\u2019ensemble des croyants en Yahushua forme son CORPS.<\/p>\n<p>Avons-nous donc le droit, en tant que fr\u00e8res dans le <strong>CORPS DU MESSIE<\/strong>, de nous juger les uns des autres? <strong>Oui,<\/strong> <strong>Certainement!<\/strong><\/p>\n<p>\u00a0\u00bb <span style=\"color: #ff0000;\"><strong>11-Maintenant, ce que je vous ai \u00e9crit, c&rsquo;est de ne pas avoir des relations avec quelqu&rsquo;un qui, se nommant fr\u00e8re, est impudique, ou cupide, ou idol\u00e2tre, ou outrageux, ou ivrogne, ou ravisseur, de ne pas m\u00eame manger avec un tel homme. 12-Qu&rsquo;ai-je, en effet, \u00e0 juger ceux du dehors? <u>N&rsquo;est-ce pas ceux du dedans que vous avez \u00e0 juger?<\/u>\u00a013-Pour ceux du dehors, <em>Elohim<\/em>\u00a0les juge. <u>\u00d4tez le m\u00e9chant du milieu de vous.<\/u><\/strong><\/span> \u00a0\u00bb (1 Corinthiens 5:11-13)<\/p>\n<p>Un croyant n\u2019a-t-il pas le droit de passer un jugement \u00e0 son fr\u00e8re lorsqu&rsquo;il voit celui-ci commettre un p\u00e9ch\u00e9? <strong>BIEN S\u00dbR qu\u2019il a le droit<\/strong>! Mais dans ce cas, il doit reprendre son fr\u00e8re dans la douceur:<\/p>\n<p>\u00a0\u00bb <span style=\"color: #ff0000;\"><strong>1-<\/strong><strong><u>Fr\u00e8res, si un homme vient \u00e0 \u00eatre surpris en quelque faute, vous qui \u00eates spirituels, redressez-le avec un esprit de douceur<\/u><\/strong><strong>. Prends garde \u00e0 toi-m\u00eame, de peur que tu ne sois aussi tent\u00e9<\/strong><\/span>\u00a0\u00bb (Galates 6:1)<\/p>\n<p>\u00ab\u00a0<span style=\"color: #ff0000;\">\u00a0<strong>19-Mes fr\u00e8res, si quelqu&rsquo;un parmi vous s&rsquo;est \u00e9gar\u00e9 loin de la v\u00e9rit\u00e9, et qu&rsquo;un autre l&rsquo;y ram\u00e8ne, 20-qu&rsquo;il sache que <u>celui qui ram\u00e8nera un p\u00e9cheur de la voie o\u00f9 il s&rsquo;\u00e9tait \u00e9gar\u00e9 sauvera une \u00e2me de la mort et couvrira une multitude de p\u00e9ch\u00e9s<\/u>.<\/strong><\/span> \u00a0\u00bb (Ya&rsquo;aqov\/Jacques 5:19-20)<\/p>\n<p>Ne laissons pas les pa\u00efens nous juger dans l\u2019observance des f\u00eates de Yahweh. Ces diff\u00e9rents versets prouvent que les pa\u00efens convertis (non juifs) de la cit\u00e9 de Colosse gardaient effectivement \u00a0les commandements de Yahweh comme cela se devait. S&rsquo;il vous pla\u00eet consulter n\u2019importe quel nouveau testament grec pour v\u00e9rifier si ce que je dis au sujet de l\u2019expression \u00ab\u00a0<strong>CORPS DU MESSIE<\/strong>\u00a0\u00bb est vrai ou non.<\/p>\n<p>Continuons avec Colossiens 2:<\/p>\n<p>\u00a0\u00bb <span style=\"color: #ff0000;\"><strong>18-<\/strong><strong><u>Qu&rsquo;aucun homme, sous une apparence d&rsquo;humilit\u00e9 et par un culte des anges<\/u><\/strong><strong>, ne vous ravisse \u00e0 son gr\u00e9 le prix de la course, tandis qu&rsquo;il s&rsquo;abandonne \u00e0 ses visions et qu&rsquo;il est enfl\u00e9 d&rsquo;un vain orgueil par ses pens\u00e9es charnelles, 19-sans s&rsquo;attacher au chef, <u>dont tout le CORPS<\/u> ,<\/strong> <strong>assist\u00e9 et solidement assembl\u00e9 par des jointures et des liens, tire l&rsquo;accroissement que <em>Yahweh<\/em> donne.<\/strong><\/span> \u00a0\u00bb (Colossiens 2:18-19)<\/p>\n<p>Ce passage prouve que <strong>les TRADITIONS et ORDONNANCES<\/strong> <strong>des hommes \u00a0<\/strong>auxquels se referait Paul aux <u>versets<\/u> 8 et 14 n\u2019\u00e9taient pas du tout les commandements de Yahweh, mais c\u2019\u00e9taient plut\u00f4t les commandements d\u2019hommes tels que <strong>le culte des anges &#8230;<\/strong>. Par cons\u00e9quent, <u>les versets<\/u> 18 et 19 sont un miroir des <u>versets<\/u> 8 et 14 ci-dessus. Ceci montre \u00a0donc que le contexte de ce que Paul disait aux <u>versets<\/u> 8 et 14 n&rsquo;a pas chang\u00e9. Par cons\u00e9quent, ces versets nous donne un bon r\u00e9sum\u00e9: <strong>Tenons ferme aux commandements de Yahweh et rejetons les ordonnances et doctrines des hommes<\/strong>.<\/p>\n<p>\u00a0\u00bb <span style=\"color: #ff0000;\"><strong>20-<\/strong><strong><u>Si vous \u00eates morts avec le Messie aux rudiments du monde<\/u><\/strong><strong>, pourquoi, comme si vous viviez dans le monde, vous impose-t-on ces pr\u00e9ceptes:<\/strong> <\/span>\u00a0\u00bb (Colossiens 2:20)<\/p>\n<p>Rappelons-nous plus haut lorsque nous nous posions la question\u00a0de savoir \u00ab\u00a0<strong> de quelles ordonnances des hommes s\u2019agissait- il? <\/strong>\u00a0\u00bb La r\u00e9ponse \u00e0 cette question se trouve dans le prochain verset.<\/p>\n<p>\u00a0\u00bb <span style=\"color: #ff0000;\"><strong>21-<u>Ne prends pas!<\/u><\/strong><strong> <u>ne go\u00fbte pas<\/u>! <u>ne touche pas<\/u>! 22-pr\u00e9ceptes qui tous deviennent pernicieux par l&rsquo;abus, et <u>qui ne sont fond\u00e9s que sur les <\/u><\/strong><strong><u>ordonnances<\/u><\/strong><strong><u> et les doctrines des hommes?<\/u><\/strong><\/span> \u00a0\u00bb (Colossiens 2:21-22)<\/p>\n<p>Ces ordonnances des hommes sont\u00a0 les pr\u00e9ceptes de la pratique du Je\u00fbne dans le paganisme tels que\u00a0: \u00a0\u00bb <span style=\"color: #ff0000;\"><strong>Ne prends pas! ne go\u00fbte pas! ne touche pas<\/strong><\/span>\u00ab\u00a0<strong>. <\/strong>Encore une fois, ce sont les ordonnances des hommes qui ont \u00e9t\u00e9 effac\u00e9es sur le bois par le sacrifice de Yahushua. Mises \u00e0 part, ces ordonnances sont \u00a0tous les commandements et doctrines des hommes et non ceux de Yahweh. Pour mieux prouver ce point, regardons les mots grecs qui sont traduits par \u00ab\u00a0<span style=\"color: #ff0000;\"><strong> ORDONNANCES<\/strong><\/span> \u00a0\u00bb\u00a0:<\/p>\n<p>&#8211; <u>Au verset<\/u>\u00a0 14, le mot grec qui est traduit par \u00ab\u00a0<span style=\"color: #ff0000;\"><strong>ORDONNANCES<\/strong><\/span>\u00a0\u00bb est le mot grec \u00ab\u00a0<span style=\"color: #993300;\"><strong>Dogma<\/strong><\/span>\u00a0\u00bb qui signifie effectivement \u00ab<strong>ordonnances<\/strong>\u00bb<\/p>\n<p>&#8211; <u>Au verset\u00a0<\/u>21, le mot grec qui est traduit par \u00ab<span style=\"color: #ff0000;\"><strong>fond\u00e9s que sur les ordonnances<\/strong><\/span>\u00bb est \u00ab<span style=\"color: #993300;\"><strong>Dogmatizo<\/strong><\/span>\u00bb qui signifie \u00ab<strong>fond\u00e9s que sur les ordonnances<\/strong>\u00bb.<\/p>\n<p>La racine du mot (dogma, ordonnance) reste constante. La seule diff\u00e9rence est dans la phrase.<\/p>\n<p>\u00a0\u00bb <span style=\"color: #ff0000;\"><strong>23-<\/strong><strong>Ils ont, \u00e0 la v\u00e9rit\u00e9, une apparence de sagesse, en ce qu&rsquo;ils indiquent un culte volontaire, de l&rsquo;humilit\u00e9, et le m\u00e9pris du corps, <u>mais ils sont sans aucun m\u00e9rite et contribuent \u00e0 la satisfaction de la chair.<\/u><\/strong><\/span> \u00a0\u00bb (Colossiens 2:23)<\/p>\n<p>\u00ab\u00a0<span style=\"color: #ff0000;\">\u00a0<strong>1-Si donc vous \u00eates ressuscit\u00e9s avec le Messie, cherchez les choses d&rsquo;en haut, o\u00f9 le Messie\u00a0est assis \u00e0 la droite de Yahweh. 2-Affectionnez-vous aux choses d&rsquo;en haut, et non \u00e0 celles qui sont sur la terre. 3-Car vous \u00eates morts, et votre vie est cach\u00e9e avec le Messie en <em>Elohim<\/em>.<\/strong> <\/span>\u00a0\u00bb (Colossiens 3: 1-3)<\/p>\n<p>En conclusion, Sha&rsquo;ul\/Paul nous met en garde de ne pas nous laisser prendre au pi\u00e8ge par les ordonnances, philosophies et doctrines des hommes. Car Yahushua les a ann\u00e9anties en les clouant sur le bois par sa mort et en effa\u00e7ant aussi nos p\u00e9ch\u00e9s. C&rsquo;est pourquoi nous ne devons laisser personne nous juger sur la mise en pratique des commandements de Yahweh, \u00e0 moins que cette personne l\u00e0 fasse partie du CORPS DU MESSIE donc de l&rsquo;assembl\u00e9e des croyants. C&rsquo;est pourquoi nous devons nous attacher \u00e0 la t\u00eate de son corps, \u00e0 savoir Yahushua par qui nous sommes nourris spirituellement et par qui nous ne pouvons point nous soumettre aux ordonnances et doctrines des hommes. Car m\u00eame si ces ordonnances ont une apparence de sagesse, elles n&rsquo;ont aucune valeur. Nous devons donc nous concentrer sur les choses d&rsquo;en haut, et non sur les choses du monde.<\/p>\n","protected":false},"excerpt":{"rendered":"<p>NB\u00a0: Dans les bibles courantes incluant la version Louis segond le nom majestueux d\u2019Elohim supr\u00eame (Dieu supr\u00eame), l&rsquo;Elohim (Dieu) de tous les elohim (dieux), ce nom pr\u00e9cieux le t\u00e9tragramme\u00a0YHWH\u00a0(en h\u00e9breu\u00a0 \u05d9\u05d4\u05d5\u05d4)\u00a0se pronon\u00e7ant\u00a0Yahweh\u00a0a \u00e9t\u00e9 substitu\u00e9 par\u00a0l\u2019\u00c9ternel\u00a0 dans l\u2019ancien testament et parfois\u00a0 par Dieu\u00a0ou Seigneur dans le nouveau Testament. \u00c9galement le nom majestueux de son fils (en [&hellip;]<\/p>\n","protected":false},"author":1,"featured_media":0,"parent":0,"menu_order":0,"comment_status":"closed","ping_status":"closed","template":"","meta":{"footnotes":""},"class_list":["post-354","page","type-page","status-publish","hentry"],"_links":{"self":[{"href":"https:\/\/disciplesdeyahushua.com\/index.php\/wp-json\/wp\/v2\/pages\/354","targetHints":{"allow":["GET"]}}],"collection":[{"href":"https:\/\/disciplesdeyahushua.com\/index.php\/wp-json\/wp\/v2\/pages"}],"about":[{"href":"https:\/\/disciplesdeyahushua.com\/index.php\/wp-json\/wp\/v2\/types\/page"}],"author":[{"embeddable":true,"href":"https:\/\/disciplesdeyahushua.com\/index.php\/wp-json\/wp\/v2\/users\/1"}],"replies":[{"embeddable":true,"href":"https:\/\/disciplesdeyahushua.com\/index.php\/wp-json\/wp\/v2\/comments?post=354"}],"version-history":[{"count":30,"href":"https:\/\/disciplesdeyahushua.com\/index.php\/wp-json\/wp\/v2\/pages\/354\/revisions"}],"predecessor-version":[{"id":2121,"href":"https:\/\/disciplesdeyahushua.com\/index.php\/wp-json\/wp\/v2\/pages\/354\/revisions\/2121"}],"wp:attachment":[{"href":"https:\/\/disciplesdeyahushua.com\/index.php\/wp-json\/wp\/v2\/media?parent=354"}],"curies":[{"name":"wp","href":"https:\/\/api.w.org\/{rel}","templated":true}]}}