{"id":360,"date":"2017-01-15T00:20:11","date_gmt":"2017-01-15T05:20:11","guid":{"rendered":"https:\/\/disciplesdeyahushua.com\/?page_id=360"},"modified":"2026-04-18T16:33:21","modified_gmt":"2026-04-18T20:33:21","slug":"la-fondation-de-notre-foi-yahushua","status":"publish","type":"page","link":"https:\/\/disciplesdeyahushua.com\/index.php\/la-fondation-de-notre-foi-yahushua\/","title":{"rendered":"La Fondation de notre Foi: Yahushua"},"content":{"rendered":"<p><strong>NB\u00a0:<\/strong> Dans les bibles courantes incluant la version Louis segond le nom majestueux d\u2019Elohim supr\u00eame (Dieu supr\u00eame), l&rsquo;Elohim (Dieu) de tous les elohim (dieux), ce nom precieux le t\u00e9tragramme\u00a0<strong>YHWH<\/strong>\u00a0(en h\u00e9breu\u00a0 <strong>\u05d9\u05d4\u05d5<\/strong><strong>\u05d4<\/strong><strong>)<\/strong>\u00a0se pronon\u00e7ant\u00a0<strong>Yahweh<\/strong>\u00a0a \u00e9t\u00e9 substitu\u00e9 par\u00a0<strong>l\u2019\u00c9ternel<\/strong>\u00a0 dans l\u2019ancien testament et parfois\u00a0 par <strong>Dieu<\/strong>\u00a0ou <strong>Seigneur<\/strong> dans le nouveau Testament. Egalement le nom majestueux de son fils (en h\u00e9breu\u00a0<strong>\u05d9\u05d4\u05d5\u05e9\u05d5\u05e2)<\/strong>\u00a0se pronon\u00e7ant\u00a0<strong>Yahushua<\/strong>\u00a0a \u00e9t\u00e9 substitu\u00e9\u00a0par\u00a0<strong>J\u00e9sus<\/strong>\u00a0dans le nouveau testament.<\/p>\n<hr \/>\n<h2 style=\"text-align: center;\"><strong>Yahushua est mort pour nous! Quelle est notre\u00a0r\u00e9ponse?<\/strong><\/h2>\n<p>La Loi (la Torah), les Proph\u00e8tes (le livre des Proph\u00e8tes) et \u00a0<u>Actes 2:38<\/u> montrent que nous devons nous repentir de nos p\u00e9ch\u00e9s et avoir la Foi en Yahushua le Messie. Et qu&rsquo;ensuite, nous devons \u00eatre baptis\u00e9s, chacun de nous, au\u00a0nom de Yahushua pour le pardon de nos p\u00e9ch\u00e9s afin de recevoir les dons de l&rsquo;Esprit Saint de Yahweh.\u00a0 L&rsquo;Esprit Saint qui nous sanctifiera \u00e9galement aussi longtemps que nous marchons dans la repentance.<\/p>\n<p>Qui est Yahweh?<\/p>\n<p>Qui est Yahushua?<\/p>\n<p>Qu&rsquo;est-ce que le p\u00e9ch\u00e9?<\/p>\n<p>Pourquoi avons-nous besoin du pardon?<\/p>\n<p>Que signifie se repentir?<\/p>\n<p>Quelles sont les cons\u00e9quences de ne pas croire en Yahushua et de ne pas se repentir?<\/p>\n<p style=\"text-align: center;\"><strong>La vie est comme une vapeur qui dispara\u00eet!<\/strong><\/p>\n<p style=\"text-align: center;\"><strong>LISONS\u00a0LA PAROLE de Yahweh et apprenons LA V\u00c9RIT\u00c9!<span style=\"color: #000000;\"><a style=\"color: #000000;\" href=\"https:\/\/disciplesdeyahushua.com\/the-parchment-of-the-torah\/\"><img loading=\"lazy\" decoding=\"async\" class=\"aligncenter wp-image-370\" src=\"https:\/\/disciplesdeyahushua.com\/wp-content\/uploads\/2017\/01\/the-Parchment-of-the-Torah-150x150.jpg\" alt=\"the Parchment of the Torah\" width=\"114\" height=\"114\" \/><\/a><\/span><\/strong><\/p>\n<h2><span style=\"color: #339966;\"><strong><u>Qui est Yahweh<\/u><\/strong><strong>?<\/strong><\/span><\/h2>\n<p>Yahweh est notre aimable, doux, gentil, mis\u00e9ricordieux, patient, compatissant et Puissant Cr\u00e9ateur.<br \/>\nYahweh est le P\u00e8re c\u00e9leste parfait.<br \/>\nYahweh est le m\u00eame cr\u00e9ateur qui procr\u00e9e des b\u00e9b\u00e9s ainsi que les papillons.<br \/>\nYahweh est beau et Yahweh est magnifique!<br \/>\nYahweh est notre doux Berger, \u00e0 la recherche de ces brebis perdues.<br \/>\nYahweh hait le p\u00e9ch\u00e9, mais il aime la justice<br \/>\nYahweh est le p\u00e8re de l&rsquo;orphelin, le protecteur de la veuve et de l\u2019\u00e9tranger.<br \/>\nVoyons comment Yahweh a proclam\u00e9 son propre nom dans <u>Exode 34:5-7<\/u>. Il n&rsquo;y a qu&rsquo;un seul qui est vraiment Bon: Yahweh! <u>Luc 18:19<\/u><\/p>\n<p>Le nom de Yahweh a \u00e9t\u00e9 retir\u00e9 dans la majorit\u00e9 des bibles que nous avons aujourd&rsquo;hui. C&rsquo;est tr\u00e8s triste, car dans <u>Exode 20:7<\/u> nous apprenons que le troisi\u00e8me commandement nous enseigne comment\u00a0 aimer Yahweh \u00a0signifie aussi\u00a0: <u>ne point prendre le nom de Yahweh en vain<\/u> ! Voyez-vous le nom de Yahweh dans vos Bibles? Ou bien quelqu&rsquo;un l&rsquo;a-t-il carr\u00e9ment enlev\u00e9?<\/p>\n<p>Nous sommes \u00e9galement avertis dans <u>Deut\u00e9ronome<\/u> 4:2, 12:32, <u>Proverbes<\/u> 30:6 et <u>Apocalypse<\/u> 22:18-19 de ne rien ajouter ni retirer de sa Parole. Ceci est grave aux yeux de Yahweh!<\/p>\n<p>Maintenant que vous connaissez le nom du P\u00e8re c\u00e9leste; Saviez-vous aussi que le P\u00e8re c\u00e9leste Yahweh a un Fils qui a \u00e9t\u00e9 proph\u00e9tis\u00e9 dans Les \u00c9critures, lequel devait venir sauver ses serviteurs?<\/p>\n<p><strong>\u00a0\u00bb <span style=\"color: #ff0000;\">4-Qui est mont\u00e9 aux cieux, et qui en est descendu? Qui a recueilli le vent dans ses mains? Qui a serr\u00e9 les eaux dans son v\u00eatement? Qui a fait para\u00eetre les extr\u00e9mit\u00e9s de la terre? <u>QUEL EST SON NOM<\/u>, et <u>QUEL EST LE NOM DE SON FILS?<\/u> Le sais-tu?<\/span> \u00a0\u00bb <\/strong>(Proverbes 30:4)<\/p>\n<h2><span style=\"color: #339966;\"><strong><u>Qui est Yahushua<\/u><\/strong><strong>?<\/strong><\/span><\/h2>\n<p>Yahushua est le Fils de Yahweh, la Parole faite chair <u>Jean 1:14<\/u>, que Yahweh a envoy\u00e9 il y a environ 2.000 ans &#8211; celui que Mosheh (Mo\u00efse), le Roi Dawid (David), YeshaYahu (\u00c9sa\u00efe), YirmeYahu (J\u00e9r\u00e9mie) Et d&rsquo;autres proph\u00e8tes de Yahweh ont proph\u00e9tis\u00e9 qu\u2019il viendrait.<\/p>\n<p>Yahushua est mort pour nos p\u00e9ch\u00e9s, a \u00e9t\u00e9 enseveli, est ressuscit\u00e9 le troisi\u00e8me jour. Yahushua a \u00e9t\u00e9 vu apr\u00e8s sa r\u00e9surrection\u00a0 d&rsquo;entre les morts par Kepha (Pierre), tous les douze ap\u00f4tres, ensuite plus de cinq cents personnes \u00e0 la fois, apr\u00e8s par Ya&rsquo;aqov (Jacques), et enfin par tous ceux qu&rsquo;il a envoy\u00e9s, y compris Sha&rsquo;ul (Paul) <u>1 Corinthiens 15: 3-8<\/u>.<\/p>\n<p>Yahushua &#8211; C&rsquo;est le vrai Nom du Fils de Yahweh. Yahushua signifie \u00ab\u00a0<strong>Yah (Yahweh) Sauve, ou Yah (Yahweh) est le Salut<\/strong>\u00ab\u00a0. Les rois d\u2019 Yisra&rsquo;el (Isra\u00ebl) \u00e9taient <strong>\u00ab\u00a0Oints\u00a0\u00bb<\/strong> ou\u00a0 <strong>\u00ab\u00a0Choisis\u00a0\u00bb<\/strong> avec de l&rsquo;huile vers\u00e9e sur leur t\u00eate (1 Samuel 10:1). Tandis que Yahushua est <strong>\u00ab\u00a0l\u2019Oint = le Messie\u00a0\u00bb <\/strong>design\u00e9 \u00a0par Yahweh lui-m\u00eame \u00a0<u>Psaumes 2:6<\/u>, <u>Esa\u00efe 61:1-3<\/u>. <strong>[\u00ab\u00a0Christ\u00a0\u00bb (du mot grec \u00ab\u00a0Christos\u00a0\u00bb) traduit du mot h\u00e9breu Mashiach qui signifie \u00ab\u00a0Oint\u00a0\u00bb ]<\/strong><\/p>\n<p>Yahushua a \u00e9t\u00e9 engendr\u00e9 par Yahweh \u00a0<u>Psaumes 2: 7<\/u>.<br \/>\nYahushua est un pr\u00eatre pour toujours selon l&rsquo;ordre de\u00a0 Melchis\u00e9dek <u>Psaumes 110: 4<\/u><strong>. <\/strong><br \/>\nYahushua est la branche, la vigne, <u>J\u00e9r\u00e9mie 23:5-6<\/u>, <u>33:15<\/u>, <u>Zacharie 3:8, 6:11-13<\/u>, <u>\u00c9sa\u00efe 11:1-5, 53:2<\/u><strong>.<\/strong><\/p>\n<p>Yahushua est le Serviteur de Yahweh qui ram\u00e8nera de nouveau Yisra&rsquo;el (Israel) \u00e0 Yahweh <u>\u00c9sa\u00efe 49:5<\/u>. Yahushua est le Serviteur de Yahweh qui a \u00e9t\u00e9 donn\u00e9 comme lumi\u00e8re pour toutes les nations ou tous les gentils (pa\u00efens). \u00a0<u>\u00c9sa\u00efe 49:6<\/u><\/p>\n<p>Yahushua est le bras de Yahweh\u00a0 <u>\u00c9sa\u00efe 53:1<\/u><strong>. <\/strong><br \/>\nYahushua a \u00e9t\u00e9 m\u00e9pris\u00e9 et abandonn\u00e9 des hommes <u>\u00c9sa\u00efe 53:2-3<\/u>.<br \/>\nYahushua a port\u00e9 en lui, nos douleurs, a \u00e9t\u00e9 transperc\u00e9 pour nos transgressions, et par ses souffrances, ses plaies, ses meurtrissures, nous sommes gu\u00e9ris\u00a0 <u>\u00c9sa\u00efe 53: 4-5<\/u>.<br \/>\nNous nous sommes tous \u00e9gar\u00e9s comme des brebis en transgressant\u00a0les commandements de Yahweh qui nous enseignent comment aimer. Et Yahweh a fait retomber sur Yahushua nos iniquit\u00e9s. <u>Esa\u00efe 53:6.<\/u><br \/>\nYahushua a \u00e9t\u00e9 opprim\u00e9 et afflig\u00e9 pour les transgressions du peuple de Yahweh.\u00a0<u>\u00c9sa\u00efe 53:7-8<\/u>.<br \/>\nYahushua a re\u00e7u une tombe de m\u00eame que les coupables, avec le riche \u00e0 sa mort, bien qu&rsquo;il n&rsquo;e\u00fbt point \u00e9t\u00e9 violent, et qu&rsquo;il n&rsquo;e\u00fbt eu aucun mensonge dans sa bouche.\u00a0<span style=\"text-decoration: underline;\">\u00c9sa\u00efe 53:9<\/span><\/p>\n<p>Mais \u00e7a a plu Yahweh d&rsquo;\u00e9craser Yahushua. Yahweh a mis la mal\u00e9diction sur Yahushua, afin que Yahushua en s\u2019offrant comme sacrifice d\u2019expiation pour le p\u00e9ch\u00e9, puisse voir sa post\u00e9rit\u00e9, puisse prolonger ses jours et afin que l\u2019\u0153uvre de Yahweh puisse prosp\u00e9rer entre ses mains <u>\u00c9sa\u00efe 53:10<\/u>.<br \/>\nYahushua verrait le r\u00e9sultat de la souffrance de sa vie et serait satisfait. Par sa connaissance, il a rendu beaucoup de personnes justes; et il a port\u00e9 les p\u00e9ch\u00e9s ou iniquit\u00e9s du peuple de Yahweh. <u>Esa\u00efe 53:11<\/u><br \/>\nC&rsquo;est pourquoi Yahweh donne \u00e0 Yahushua une part parmi les grands, Yahushua partagera le butin avec les forts, parce qu\u2019il s\u2019est livr\u00e9 lui-m\u00eame \u00e0 la mort pour nous, il a \u00e9t\u00e9 condamn\u00e9 avec les transgresseurs, il a port\u00e9 le p\u00e9ch\u00e9 de beaucoup d\u2019Hommes et a interc\u00e9d\u00e9 pour ceux qui ont transgress\u00e9 les commandements\u00a0parfaites de Yahweh qui nous enseignent comment aimer. <strong>\u00a0<\/strong><u>\u00c9sa\u00efe 53:12<\/u><\/p>\n<p>Nous voyons que, m\u00eame le peuple de Yahweh dans certains passages de\u00a0la Bible s&rsquo;\u00e9cartent des commandements parfaits de Yahweh qui nous enseignent comment aimer (lire 2 Chroniques 21:11, 2 Chroniques 33:9 et Amos 2:4).<br \/>\nLa Loi de Yahweh nous enseigne deux choses principales \u00e0 savoir:<\/p>\n<ul>\n<li><strong>Aimez Yahweh de tout notre c\u0153ur, de toute notre \u00e2me et de toute notre force.<\/strong><\/li>\n<li><strong>Aimez notre prochain comme nous-m\u00eame.<\/strong><\/li>\n<\/ul>\n<h2><span style=\"color: #ff0000;\"><strong><u>Prendre garde aux Mensonges, Deceptions, &amp; Fausses Doctrines!<\/u><\/strong><\/span><\/h2>\n<p>La Loi de Yahweh recommande que nous \u00e9coutions Yahushua. <span style=\"text-decoration: underline;\">Deut\u00e9ronome<\/span> 18:15-19 Certaines personnes enseignent que toutes les religions adorent le m\u00eame Elohim, mais ceci n&rsquo;est rien d\u2019autre qu&rsquo;un <strong>mensonge &#8211; une tromperie<\/strong>. Il n&rsquo;existe aucun autre moyen d&rsquo;\u00eatre pardonn\u00e9 pour nos p\u00e9ch\u00e9s que de mettre notre Foi en Yahushua!<\/p>\n<p><span style=\"color: #ff0000;\"><strong><u>ATTENTION<\/u><\/strong><\/span>! Certaines personnes qui croient en Yahushua enseignent \u00e0 d&rsquo;autres de transgresser les commandements de Yahweh.<span style=\"color: #ff0000;\"> <strong>Ceux qui enseignent cela ont \u00e9t\u00e9 terriblement\u00a0s\u00e9duits<\/strong><\/span>. M\u00eame si ob\u00e9ir \u00e0 la Loi ne nous sauve pas, la Loi demeure toujours Juste, Sainte et Bonne \u00e0 observer. Yahushua a donn\u00e9 un avertissement \u00e0 ceux des croyants qui transgressent la Loi! Nous devons pr\u00eater attention \u00e0 ses avertissements, Nous devons <strong>l\u2019\u00e9couter et l&rsquo;ob\u00e9ir<\/strong>! (voir Matthieu 5: 17-19, 7: 21-23, 23: 1-3)<\/p>\n<h2><span style=\"color: #339966;\"><strong><u>Qu\u2019est ce que le p\u00e9ch\u00e9<\/u><\/strong><strong>?<\/strong><\/span><\/h2>\n<p>Poursuivant notre \u00a0\u00e9tude au sujet de Yahushua et la Loi de Yahweh qui nous enseigne comment aimer:\u00a0 Nous pouvons r\u00e9pondre \u00e0 la question de savoir, \u00a0qu&rsquo;est-ce que le p\u00e9ch\u00e9 selon la Bible?<\/p>\n<ol>\n<li><strong>Tout ce qui n&rsquo;\u00e9mane pas de la foi.\u00a0<\/strong>(Romains 14:23)<\/li>\n<li><strong>Savoir faire le bien et ne pas le faire.\u00a0<\/strong>(Jacques \u00a04:17)<\/li>\n<li><strong>La transgression de la Loi de Yahweh.\u00a0<\/strong>(1 Jean 3: 4)<\/li>\n<\/ol>\n<h2><span style=\"color: #339966;\"><strong><u>Le pouvoir et l&rsquo;autorit\u00e9 de Yahushua<\/u><\/strong><\/span><\/h2>\n<p>Apr\u00e8s que Yahushua ait donn\u00e9 sa vie volontairement, Il a \u00e9t\u00e9 ressuscit\u00e9 le troisi\u00e8me jour et est maintenant assis \u00e0 la droite de Yahweh. Il est le Roi des Rois!<br \/>\nToute autorit\u00e9 dans le Ciel et sur la Terre a \u00e9t\u00e9 donn\u00e9e \u00e0 Yahushua par Son P\u00e8re Yahweh. Yahushua reviendra une seconde fois, et Il r\u00e9gnera dans son Royaume, sur la Terre toute enti\u00e8re pendant \u00a01000 ans.<br \/>\nYahushua a \u00e9t\u00e9 nomm\u00e9 par Yahweh pour \u00eatre le Juge des Vivants et des Morts. Il est n\u00e9cessaire pour nous tous de vraiment croire en Lui, de nous d\u00e9tourner du p\u00e9ch\u00e9, et de le suivre! Il est notre Sauveur!<\/p>\n<h2><span style=\"color: #339966;\"><strong><u>Que signifie se repentir?<\/u><\/strong><\/span><\/h2>\n<p>Se repentir signifie prendre la d\u00e9cision de se d\u00e9tourner du p\u00e9ch\u00e9 et de suivre Yahushua. Puisque c\u2019est un p\u00e9ch\u00e9 de transgresser la Loi de Yahweh, se repentir signifie aussi, prendre la d\u00e9cision d&rsquo;arr\u00eater de transgresser\u00a0la Loi de Yahweh.<\/p>\n<h2><span style=\"color: #339966;\"><strong><u>Quelles Commandements\u00a0 ai-je besoin de cesser de transgresser en tant que nouveau croyant?<\/u><\/strong><\/span><\/h2>\n<ol>\n<li><strong>M\u2019Abstenir des viandes\/aliments sacrifi\u00e9es aux morts\/id\u00f4les\/d\u00e9mons en ne participant point \u00e0 ce rituel <\/strong><em>(Psaumes 106:28; Psaumes 106:36-39; 1 Corinthiens10:20; Apocalypse 2:14; Apocalypse 2:20)<\/em>&#8211; Nous ne devrions point participer aux sacril\u00e8ges, aux pratiques idol\u00e2tres. Yahweh est le seul Cr\u00e9ateur et nous ne devrions pas avoir d&rsquo;autres elohim\/dieux devant sa face.<\/li>\n<li><strong>M\u2019Abstenir de la fornication<\/strong> &#8211; La seule relation sexuelle autoris\u00e9e se trouve\u00a0dans le mariage entre l\u2019homme et sa femme. Tout autre type de relation sexuel est interdit.<\/li>\n<li><strong>M\u2019Abstenir de manger les animaux \u00e9touff\u00e9s ou \u00e9trangl\u00e9s<\/strong> &#8211; Tous les animaux purs\u00a0<em>(L\u00e9vitique 11)<\/em> que nous sommes autoris\u00e9s \u00e0 manger\u00a0 doivent \u00eatre \u00e9gorg\u00e9s.<\/li>\n<li><strong>M\u2019Abstenir de boire ou manger du sang<\/strong> <em>(L\u00e9vitique 3:17, L\u00e9vitique 7:26-27, L\u00e9vitique 17:10-11, 17-12, 17-14; Deuteronome 12:23<\/em>)- Tous les animaux purs <em>(L\u00e9vitique 11)\u00a0<\/em>que nous sommes autoris\u00e9s \u00e0 manger\u00a0 doivent \u00eatre bien cuits et de plus nous ne devons pas consommer\u00a0 les parties internes des animaux purs\u00a0 conservant du sang\u00a0 telles que<strong> les reins, le foie, le coeur et les poumons <\/strong><em>(L\u00e9vitique 19:26)<\/em><strong>.\u00a0<\/strong><\/li>\n<\/ol>\n<p>Selon le livre des <u>Actes <\/u>chap 15:19-21 (<strong>o\u00f9 ces 4 commandements ci dessus sont \u00e9num\u00e9r\u00e9s<\/strong>), les croyants apprendront le reste des autres commandements de la Loi quand ils se rassembleront le 7\u00e8me jour (Jour du \u00a0Shabbat). Le shabbat du 7e jour est le jour de repos hebdomadaire o\u00f9 tous les croyants sont command\u00e9s \u00e0 se reposer et \u00e0 se rassembler avec d&rsquo;autres croyants pour glorifier Yahweh<\/p>\n<h2><span style=\"color: #339966;\"><strong><u>Maintenant que je me suis repenti!, que dois-je faire?<\/u><\/strong><\/span><\/h2>\n<p>Une des premi\u00e8res choses qu&rsquo;un nouveau croyant en <span style=\"color: #000000;\">Yahushua<\/span> doit faire apr\u00e8s s&rsquo;\u00eatre repenti, c&rsquo;est de se faire baptiser dans l&rsquo;eau par immersion au nom de <span style=\"color: #339966;\"><span style=\"color: #000000;\">Yahushua<\/span><\/span><strong><span style=\"color: #339966;\">\u00a0<\/span><\/strong><span style=\"color: #339966;\"><span style=\"color: #000000;\">par un autre croyant <span style=\"color: #339966;\"><span style=\"color: #000000;\">qui a d\u00e9j\u00e0 \u00e9t\u00e9 baptis\u00e9 auparavant, et qui marche aussi selon les voies de<\/span><\/span> Yahweh <span style=\"color: #339966;\"><span style=\"color: #000000;\">.\u00a0<\/span><\/span><\/span><\/span><br \/>\n<span style=\"color: #339966;\"><span style=\"color: #000000;\"><span style=\"color: #339966;\"><span style=\"color: #000000;\">Le Bapt\u00eame dans l&rsquo;eau au nom de Yahushua symbolise la mort de notre ancienne vie p\u00e9cheresse lorsque l&rsquo;on nous immerge dans l&rsquo;eau, et lorsque l&rsquo;on nous remonte de l&rsquo;eau, elle symbolise notre r\u00e9surrection avec lui \u00e0 une vie nouvelle par la foi de l&rsquo;\u0153uvre de Yahweh qui le ressuscita aussi d&rsquo;entre les morts.<br \/>\nApr\u00e8s notre Bapt\u00eame au nom de Yahushua, nous pourrons recevoir les dons de l&rsquo;Esprit Saint de Yahweh qui nous aidera\u00a0durant notre marche spirituel tandis que nous apprenions avec d&rsquo;autres croyants lors des saintes convocations (incluant chaque 7\u00e8me Jour de la Semaine) , comment aimer Yahweh et comment aimer notre prochain d&rsquo;apr\u00e8s les saintes \u00e9critures. Et ceci dans le but de manifester cet amour d&rsquo;Elohim par nos \u0153uvres au courant de notre vie!<\/span><\/span><\/span><\/span><\/p>\n<h2><span style=\"color: #339966;\"><strong><u>Qu\u2019est ce qui se passera, si je ne crois pas en Yahushua et que je ne me repente pas?<\/u><\/strong><\/span><\/h2>\n<p>Apr\u00e8s notre mort, nous serons tous ressuscit\u00e9s :<br \/>\n<strong>Soit pour la Vie \u00e9ternelle, ou soit pour le ch\u00e2timent \u00e9ternel dans le lac de Feu.<\/strong><\/p>\n<p><strong>\u00a0\u00bb <span style=\"color: #ff0000;\">2-Plusieurs de ceux qui dorment dans la poussi\u00e8re de la terre se r\u00e9veilleront, les uns pour <u>la vie \u00e9ternelle<\/u>, et les autres pour l&rsquo;opprobre, <u>pour la honte \u00e9ternelle<\/u>.<\/span> \u00a0\u00bb <\/strong>(Daniel 12:2)<\/p>\n<p><span class=\"highl\"><strong>\u00a0\u00bb <span style=\"color: #ff0000;\">9-Ne savez-vous pas que les injustes n&rsquo;h\u00e9riteront point le royaume d&rsquo;Elohim? 10-Ne vous y trompez pas: ni les fornicateurs, ni les idol\u00e2tres, ni les adult\u00e8res, ni les eff\u00e9min\u00e9s, ni les homosexuels,\u00a0<\/span><\/strong><\/span><strong><span style=\"color: #ff0000;\">ni les voleurs, ni les cupides, ni les ivrognes, ni les outrageux, ni les ravisseurs, n&rsquo;h\u00e9riteront le royaume d&rsquo;Elohim<\/span>\u00a0\u00bb <\/strong>(1 Corinthiens 6:9-10)<\/p>\n<p>\u00a0\u00bb <span style=\"color: #ff0000;\"><strong>19-Or, <span style=\"text-decoration: underline;\">les oeuvres de la chair<\/span> sont manifest\u00e9es, ce sont <span style=\"text-decoration: underline;\">l&rsquo;impudicit\u00e9<\/span> <em>(l\u2019immoralit\u00e9 sexuelle, la fornication)<\/em>, <span style=\"text-decoration: underline;\">l&rsquo;impuret\u00e9<\/span> <em>(consommation des animaux impurs)<\/em>, <span style=\"text-decoration: underline;\">la dissolution<\/span> <em>(la prostitution, la d\u00e9bauche)<\/em>, 20-<span style=\"text-decoration: underline;\">l&rsquo;idol\u00e2trie<\/span> <em>(adoration d\u2019un autre Elohim ou idole autre que le vrai Elohim \u00ab\u00a0Yahweh\u00a0\u00bb)<\/em> ,<span style=\"text-decoration: underline;\"> la magie,<\/span> <span style=\"text-decoration: underline;\">les inimiti\u00e9s<\/span> <em>(les haines)<\/em>, <span style=\"text-decoration: underline;\">les querelles<\/span>, <span style=\"text-decoration: underline;\">les jalousies<\/span>, <span style=\"text-decoration: underline;\">les animosit\u00e9s<\/span> <em>(les col\u00e8res ou violences)<\/em>, <span style=\"text-decoration: underline;\">les disputes<\/span>, <span style=\"text-decoration: underline;\">les divisions<\/span>, <span style=\"text-decoration: underline;\">les sectes<\/span>, 21-<span style=\"text-decoration: underline;\">l&rsquo;envie<\/span>, <span style=\"text-decoration: underline;\">l&rsquo;ivrognerie<\/span>, <span style=\"text-decoration: underline;\">les orgies\u00a0<\/span>\u00a0<em>(festivals avec des d\u00e9bordements sexuels accompagn\u00e9s de la beuverie ou exc\u00e8s de table) <\/em>et les choses semblables. Je vous dis d&rsquo;avance, comme je l&rsquo;ai d\u00e9j\u00e0 dit, <span style=\"text-decoration: underline;\">que ceux qui pratiquent de telles choses n&rsquo;h\u00e9riteront point le royaume d\u00a0\u00bbElohim.<\/span><\/strong><\/span> \u00a0\u00bb (Galates 5:19-21)<\/p>\n<p><strong>\u00a0\u00bb <span style=\"color: #ff0000;\">15-Quiconque ne fut pas trouv\u00e9 \u00e9crit dans le livre de vie <u>fut jet\u00e9 dans l&rsquo;\u00e9tang de feu.<\/u> <\/span>\u00a0\u00bb <\/strong>(Apocalypse 20:15)<\/p>\n<p><strong>\u00a0\u00bb <span style=\"color: #ff0000;\">8-Mais pour les l\u00e2ches, les incr\u00e9dules, les abominables, les meurtriers, les fornicateurs, les magiciens, les idol\u00e2tres, et tous les menteurs, <u>leur part sera dans l&rsquo;\u00e9tang ardent de feu et de soufre, ce qui est la seconde mort.<\/u><\/span>\u00a0\u00bb <\/strong>(Apocalypse 21:8)<\/p>\n<p>Le salaire du p\u00e9ch\u00e9 est la mort. Nous avons besoin de Yahushua pour pouvoir \u00eatre pardonn\u00e9 de nos p\u00e9ch\u00e9s! Lisons attentivement \u00a0<u>Matthieu 5: 17-19<\/u>, <u>Matthieu 7:19-23<\/u>, <u>Marc 16:16<\/u>, <u>Luc 13:2-5<\/u> et \u00a0<u>Jean 3:18<\/u> qui parlent tr\u00e8s s\u00e9rieusement de croire, de se repentir et d&rsquo;\u00eatre immerg\u00e9s au nom de Yahushua L&rsquo;Oint (Le Messie) pour le pardon des p\u00e9ch\u00e9s!<\/p>\n<p><strong>\u00a0\u00bb <span style=\"color: #ff0000;\">11-Dis-leur: je suis vivant! <u>dit Adona\u00ef\u00a0(<em>le Souverain<\/em>) Yahweh, ce que je d\u00e9sire, ce n&rsquo;est pas que le m\u00e9chant meure, c&rsquo;est qu&rsquo;il change de conduite et qu&rsquo;il vive<\/u>. Revenez, revenez de votre mauvaise voie; et pourquoi mourriez-vous, maison d&rsquo;Isra\u00ebl?<\/span> \u00a0\u00bb <\/strong>(Ez\u00e9chiel 33:11)<\/p>\n<p>D\u2019apr\u00e8s ce verset, nous constatons que <span style=\"color: #339966;\"><strong>Yahweh<\/strong><\/span> ne prend point plaisir \u00e0 la mort du m\u00e9chant. <span style=\"color: #339966;\"><strong>Yahweh<\/strong><\/span> nous aime et Il voudrait que tous ceux qui ont fait du mal en transgressant sa Loi<strong>, <u>croient en Son Fils<\/u> <u>Yahushua Ha Mashiach<\/u>, <\/strong>qu\u2019ils <strong><u>se repentent \u00a0de leurs iniquit\u00e9s<\/u> <\/strong>et soient<strong> <u>Immerg\u00e9s \u00e0 travers le Bapt\u00eame au Nom de Yahushua le Messie<\/u> <\/strong>pour le pardon de leurs p\u00e9ch\u00e9s! Prenons cette d\u00e9cision aujourd&rsquo;hui! Donnons-lui notre vie!<\/p>\n<p>Cette vie est<strong> courte, \u00e9ph\u00e9m\u00e8re, et temporaire! <\/strong>Croyons et suivons notre Maitre <strong><span style=\"color: #339966;\">Yahushua<\/span> <span style=\"color: #ff0000;\">avant que notre dur\u00e9e de vie ici-bas puisse \u00eatre \u00e9coul\u00e9e<\/span><\/strong><span style=\"color: #ff0000;\">!<\/span><\/p>\n<p><strong><span style=\"color: #339966;\">Yahweh<\/span><\/strong> a d\u00e9j\u00e0 montr\u00e9 son amour en envoyant son Fils Yahushua mourir pour nous. <strong>Quelle est notre\u00a0r\u00e9ponse pour son amour envers nous? Avons-nous pris la d\u00e9cision de nous repentir du p\u00e9ch\u00e9, de suivre Yahushua, et d&rsquo;\u00eatre immerg\u00e9 par le Bapt\u00eame en son nom pour le pardon de nos p\u00e9ch\u00e9s?<\/strong><br \/>\nIl nous a d\u00e9j\u00e0 montr\u00e9 qu&rsquo;il nous aime; Mais la question maintenant est de savoir:<\/p>\n<h2 style=\"text-align: center;\"><strong>L\u2019aimerons-nous en retour?<\/strong><\/h2>\n","protected":false},"excerpt":{"rendered":"<p>NB\u00a0: Dans les bibles courantes incluant la version Louis segond le nom majestueux d\u2019Elohim supr\u00eame (Dieu supr\u00eame), l&rsquo;Elohim (Dieu) de tous les elohim (dieux), ce nom precieux le t\u00e9tragramme\u00a0YHWH\u00a0(en h\u00e9breu\u00a0 \u05d9\u05d4\u05d5\u05d4)\u00a0se pronon\u00e7ant\u00a0Yahweh\u00a0a \u00e9t\u00e9 substitu\u00e9 par\u00a0l\u2019\u00c9ternel\u00a0 dans l\u2019ancien testament et parfois\u00a0 par Dieu\u00a0ou Seigneur dans le nouveau Testament. Egalement le nom majestueux de son fils (en [&hellip;]<\/p>\n","protected":false},"author":1,"featured_media":0,"parent":0,"menu_order":0,"comment_status":"closed","ping_status":"closed","template":"","meta":{"footnotes":""},"class_list":["post-360","page","type-page","status-publish","hentry"],"_links":{"self":[{"href":"https:\/\/disciplesdeyahushua.com\/index.php\/wp-json\/wp\/v2\/pages\/360","targetHints":{"allow":["GET"]}}],"collection":[{"href":"https:\/\/disciplesdeyahushua.com\/index.php\/wp-json\/wp\/v2\/pages"}],"about":[{"href":"https:\/\/disciplesdeyahushua.com\/index.php\/wp-json\/wp\/v2\/types\/page"}],"author":[{"embeddable":true,"href":"https:\/\/disciplesdeyahushua.com\/index.php\/wp-json\/wp\/v2\/users\/1"}],"replies":[{"embeddable":true,"href":"https:\/\/disciplesdeyahushua.com\/index.php\/wp-json\/wp\/v2\/comments?post=360"}],"version-history":[{"count":43,"href":"https:\/\/disciplesdeyahushua.com\/index.php\/wp-json\/wp\/v2\/pages\/360\/revisions"}],"predecessor-version":[{"id":2288,"href":"https:\/\/disciplesdeyahushua.com\/index.php\/wp-json\/wp\/v2\/pages\/360\/revisions\/2288"}],"wp:attachment":[{"href":"https:\/\/disciplesdeyahushua.com\/index.php\/wp-json\/wp\/v2\/media?parent=360"}],"curies":[{"name":"wp","href":"https:\/\/api.w.org\/{rel}","templated":true}]}}