{"id":454,"date":"2017-04-12T21:55:21","date_gmt":"2017-04-13T01:55:21","guid":{"rendered":"https:\/\/disciplesdeyahushua.com\/?page_id=454"},"modified":"2025-01-04T15:11:58","modified_gmt":"2025-01-04T20:11:58","slug":"aime-ton-frere-dans-le-corps-du-messie","status":"publish","type":"page","link":"https:\/\/disciplesdeyahushua.com\/index.php\/aime-ton-frere-dans-le-corps-du-messie\/","title":{"rendered":"Aime ton fr\u00e8re dans le corps du Messie"},"content":{"rendered":"<p><strong>NB\u00a0:<\/strong> Dans les bibles courantes incluant la version Louis Segond le nom majestueux d\u2019Elohim supr\u00eame (Dieu supr\u00eame), l&rsquo;Elohim (Dieu) de tous les elohim (dieux), ce nom pr\u00e9cieux le t\u00e9tragramme\u00a0<strong>YHWH<\/strong>\u00a0(en h\u00e9breu\u00a0 <strong>\u05d9\u05d4\u05d5<\/strong><strong>\u05d4<\/strong><strong>)<\/strong>\u00a0se pronon\u00e7ant\u00a0<strong>Yahweh<\/strong>\u00a0a \u00e9t\u00e9 substitu\u00e9 par\u00a0<strong>l\u2019\u00c9ternel<\/strong>\u00a0 dans l\u2019ancien testament et parfois\u00a0 par <strong>Dieu<\/strong>\u00a0ou <strong>Seigneur<\/strong> dans le nouveau Testament. \u00c9galement le nom majestueux de son fils (en h\u00e9breu\u00a0<strong>\u05d9\u05d4\u05d5\u05e9\u05d5\u05e2)<\/strong>\u00a0se pronon\u00e7ant\u00a0<strong>Yahushua<\/strong>\u00a0a \u00e9t\u00e9 substitu\u00e9\u00a0par\u00a0<strong>J\u00e9sus<\/strong>\u00a0dans le nouveau testament.<\/p>\n<hr \/>\n<p>&nbsp;<\/p>\n<p>Il existe plusieurs passages des \u00e9critures qui nous disent que nous devons aimer\u00a0 notre fr\u00e8re dans le corps du Messie.<\/p>\n<p>Yahushua nous l&rsquo;a command\u00e9:<\/p>\n<p>\u00a0\u00bb <span style=\"color: #ff0000;\"><strong>17-Ce que je vous commande, c&rsquo;est de vous aimer les uns les autres.<\/strong><\/span> \u00a0\u00bb\u00a0 (Yahuchanan\/Jean 15:17)<\/p>\n<p>Par seulement en parole mais en actions comme il l\u2019a fait.<\/p>\n<p>\u00a0\u00bb <span style=\"color: #ff0000;\"><strong>34-Je vous donne un commandement nouveau: Aimez-vous les uns les autres; comme je vous ai aim\u00e9s, vous aussi, aimez-vous les uns les autres.<\/strong><\/span> \u00a0\u00bb\u00a0 (Yahuchanan\/Jean 13:34)<\/p>\n<p>Il nous a aim\u00e9s&#8230; et ses \u0153uvres l&rsquo;ont prouv\u00e9. Ce n&rsquo;\u00e9tait pas seulement en disant: \u00ab<strong>Je vous aime mes fr\u00e8res <\/strong>\u00bb qu\u2019il r\u00e9v\u00e9la son amour pour nous, mais c\u2019est aussi par son action.<\/p>\n<p>\u00a0\u00bb <span style=\"color: #ff0000;\"><strong>13-<\/strong><strong>Il n&rsquo;y a pas de plus grand amour que de donner sa vie pour ses amis.<\/strong><\/span> \u00a0\u00bb (Yahuchanan\/Jean 15:13)<\/p>\n<p>Quel amour pourrait-il encore nous donner de plus? Les \u00e9critures sont remplies de commandements qui nous disent d&rsquo;aimer notre fr\u00e8re.<\/p>\n<p>\u00a0\u00bb <span style=\"color: #ff0000;\"><strong>35-<\/strong><strong>\u00c0<span style=\"color: #ff0000;\">\u00a0<\/span>ceci tous conna\u00eetront que vous \u00eates mes disciples, si vous avez de l&rsquo;amour les uns pour les autres.<\/strong><\/span> \u00a0\u00bb (Yahuchanan\/Jean 13:35)<\/p>\n<p>Cet amour pour l&rsquo;autre devrait \u00eatre une lumi\u00e8re et t\u00e9moigner aux yeux du monde que nous sommes comme Yahushua, qui nous a aim\u00e9s jusqu\u2019\u00e0 la mort en restant ob\u00e9issant \u00e0 son p\u00e8re. Quels types d&rsquo;actes prouvent cet amour?<\/p>\n<p>\u00a0\u00bb <span style=\"color: #ff0000;\"><strong>10-<\/strong><strong>Par l\u2019amour fraternel, soyez pleins d&rsquo;affection les uns pour les autres; par honneur, usez de pr\u00e9venances r\u00e9ciproques. 11-Ayez du z\u00e8le, et non de la paresse. Soyez fervents d&rsquo;esprit. Servez le Seigneur <em>(le Ma\u00eetre<\/em>).<\/strong> <\/span>\u00a0\u00bb (Romains 12:10-11)<\/p>\n<p>Notre amour les uns pour les autres serait aussi de servir Yahweh. Rappelons-nous que Yahushua a fait ces d\u00e9clarations:<\/p>\n<p>\u00a0\u00bb <span style=\"color: #ff0000;\"><strong>26-Il n&rsquo;en sera pas de m\u00eame au milieu de vous. Mais quiconque veut \u00eatre grand parmi vous, qu&rsquo;il soit votre serviteur;<\/strong>\u00a0<strong>27-et quiconque veut \u00eatre le premier parmi vous, qu&rsquo;il soit votre esclave.<\/strong><\/span> \u00a0\u00bb (Matthieu 20:26-27)<\/p>\n<p>\u00a0\u00bb <span style=\"color: #ff0000;\"><strong>8-<\/strong><strong>Ne devez rien \u00e0 personne, si ce n&rsquo;est de vous aimer les uns les autres; car celui qui aime les autres a accompli la loi.<\/strong><\/span> \u00a0\u00bb (Romains 13:8)<\/p>\n<p>Rappelons-nous que cet amour n\u2019est pas juste des paroles vides mais un service actif. Que faisons-nous pour nos fr\u00e8res? Quelles sont les bonnes \u0153uvres que nous montrons? Sommes-nous seulement entrain de nous servir\u00a0 nous m\u00eames? Ou nos propres familles seulement? Prions-nous pour chacun d\u2019entre nous dans le corps du Messie tous les jours? Lorsque nous voyons notre fr\u00e8re dans le corps du Messie \u00eatre dans le besoin est-ce que nous lui venons en aide?<\/p>\n<p>\u00a0\u00bb <span style=\"color: #ff0000;\"><strong>17-<\/strong><strong>Si quelqu&rsquo;un poss\u00e8de les biens du monde, et que, voyant son fr\u00e8re dans le besoin, il lui ferme son c\u0153ur, comment l&rsquo;amour d&rsquo;Elohim\u00a0demeure-t-il en lui? <\/strong><\/span>\u00a0\u00a0\u00bb (1 Yahuchanan\/Jean 3:17)<\/p>\n<p>Nous devrions donc aimer notre fr\u00e8re \u00a0dans le corps du Messie&#8230; car \u00a0Yahweh le fait. Si l&rsquo;amour de Yahweh demeure vraiment en nous &#8230; nous aimerons notre fr\u00e8re comme il le fait.<\/p>\n<p>\u00a0\u00bb <span style=\"color: #ff0000;\"><strong>1-Je vous exhorte donc, moi, le prisonnier dans le Seigneur <em>(Ma\u00eetre)<\/em>, \u00e0 marcher d&rsquo;une mani\u00e8re digne de la vocation qui vous a \u00e9t\u00e9 adress\u00e9e, 2-en toute humilit\u00e9 et douceur, avec patience, vous supportant les uns les autres avec charit\u00e9, 3-vous effor\u00e7ant de conserver l&rsquo;unit\u00e9 de l&rsquo;esprit par le lien de la paix.<\/strong><\/span> \u00a0\u00bb (Eph\u00e9siens 4:1-3)<\/p>\n<p>Nous ne pouvons pas avoir l&rsquo;unit\u00e9 pure dans la doctrine &#8230; mais nous pouvons avoir l&rsquo;unit\u00e9 de l&rsquo;Esprit. Si, en effet, le m\u00eame Esprit est en chacun de nous &#8230; et \u00e7a devrait l&rsquo;\u00eatre! C&rsquo;est une belle chose que nous soyons dans l\u2019unit\u00e9 de L\u2019Esprit \u00e0 travers sa Parole<\/p>\n<p>\u00a0\u00bb <span style=\"color: #ff0000;\"><strong>1-<\/strong><strong>Voici, oh! Qu&rsquo;il est agr\u00e9able, qu&rsquo;il est doux Pour des fr\u00e8res de demeurer ensemble! 2-C&rsquo;est comme l&rsquo;huile pr\u00e9cieuse qui, r\u00e9pandue sur la t\u00eate, descend sur la barbe, sur la barbe d&rsquo;Aharon, Qui descend sur le bord de ses v\u00eatements. 3-C&rsquo;est comme la ros\u00e9e de l&rsquo;Hermon, Qui descend sur les montagnes de Tzyyon <em>(Sion)<\/em>; Car c&rsquo;est l\u00e0 que Yahweh envoie la b\u00e9n\u00e9diction, La vie, pour l&rsquo;\u00e9ternit\u00e9.<\/strong> <\/span>\u00a0\u00bb (Psaumes 133:1-3)<\/p>\n<p>Nous devrions apprendre de Yahweh \u00e0 nous aimer les uns les autres. Quand son Esprit habite en nous &#8230; Par nous, il nous instruit \u00e0 aimer notre fr\u00e8re ou notre s\u0153ur dans le corps du Messie.<\/p>\n<p>\u00a0\u00bb <span style=\"color: #ff0000;\"><strong>9-<\/strong><strong>Pour ce qui est de l&rsquo;amour fraternel, vous n&rsquo;avez pas besoin qu&rsquo;on vous en \u00e9crive; car vous avez vous-m\u00eames appris d&rsquo;Elohim \u00e0 vous aimer les uns les autres, et 10-c&rsquo;est aussi ce que vous faites envers tous les fr\u00e8res dans la Mac\u00e9doine enti\u00e8re. Mais nous vous exhortons, fr\u00e8res, \u00e0 abonder toujours plus dans cet amour,<\/strong> <\/span>\u00a0\u00bb (1 Thessaloniciens 4:9-10)<\/p>\n<p>Et comme la fin des temps est proche, nous aurons certainement besoin de veiller les uns sur les autres.<\/p>\n<p>\u00a0\u00bb <span style=\"color: #ff0000;\"><strong>23-<\/strong><strong>Retenons fermement la profession de notre esp\u00e9rance, car celui qui a fait la promesse est fid\u00e8le. 24-Veillons les uns sur les autres, pour nous exciter \u00e0 l\u2019amour et aux bonnes oeuvres. 25-N&rsquo;abandonnons pas notre assembl\u00e9e, comme c&rsquo;est la coutume de quelques-uns; mais exhortons-nous r\u00e9ciproquement, et cela d&rsquo;autant plus que vous voyez s&rsquo;approcher le jour.<\/strong> <\/span>\u00a0\u00bb (H\u00e9breux 10:23-25)<\/p>\n<p>Il est clair qu\u2019\u00e0 la fin des temps les serviteurs de Yahweh seront ensemble &#8230; se parlant souvent les uns aux autres<\/p>\n<p>\u00a0\u00bb <span style=\"color: #ff0000;\"><strong>16-<\/strong><strong>Alors ceux qui craignent YAHWEH se parl\u00e8rent l&rsquo;un \u00e0 l&rsquo;autre; YAHWEH f\u00fbt attentif, et il \u00e9couta; Et un livre de souvenir f\u00fbt \u00e9crit devant lui pour ceux qui craignent YAHWEH Et qui honorent son nom. 17-Ils seront \u00e0 moi, dit YAHWEH des Arm\u00e9es, Ils m&rsquo;appartiendront, au jour que je pr\u00e9pare; J&rsquo;aurai compassion d&rsquo;eux, Comme un homme a compassion de son fils qui le sert. 18-Et vous verrez de nouveau la diff\u00e9rence Entre le juste et le m\u00e9chant, entre celui qui sert Elohim et celui qui ne le sert pas.<\/strong><\/span> \u00a0\u00bb (Malachie 3:16-18)<\/p>\n<p>\u00a0\u00bb <span style=\"color: #ff0000;\"><strong>8-<\/strong><strong>Enfin, soyez tous anim\u00e9s des m\u00eames pens\u00e9es et des m\u00eames sentiments, pleins d&rsquo;amour fraternel, de compassion, d&rsquo;humilit\u00e9. 9-Ne rendez point mal pour mal, ou injure pour injure; b\u00e9nissez, au contraire, car c&rsquo;est \u00e0 cela que vous avez \u00e9t\u00e9 appel\u00e9s, afin d&rsquo;h\u00e9riter la b\u00e9n\u00e9diction.<\/strong><\/span> \u00a0\u00bb\u00a0 (1 Pierre 3:8-9)<\/p>\n<p><strong>Le mal pour le mal<\/strong> &#8230; <strong>injure pour injure<\/strong> &#8230;Voil\u00e0 les choses que nous devons mettre de c\u00f4t\u00e9! Enterrons-les! Notre ennemi n&rsquo;est pas notre fr\u00e8re! Notre fr\u00e8re est le serviteur de YAHWEH! Alors, s&rsquo;il n&rsquo;est pas parfait, est \u2013ce que toi tu l\u2019est aussi?<\/p>\n<p>\u00a0\u00bb <span style=\"color: #ff0000;\"><strong>23-<\/strong><strong>Et c&rsquo;est ici son commandement: que nous croyions au nom de son Fils Yahushua Le Messie, et que nous nous aimions les uns les autres, selon le commandement qu&rsquo;il nous a donn\u00e9<\/strong>.<\/span> \u00a0\u00bb\u00a0 (1 Jean 3:23)<\/p>\n<p>\u00a0\u00bb <span style=\"color: #ff0000;\"><strong>7-<\/strong><strong>Bien-aim\u00e9s, aimons nous les uns les autres; car l&rsquo;amour est d&rsquo;Elohim, et quiconque aime est n\u00e9 d&rsquo;Elohim<em>\u00a0<\/em>et conna\u00eet Yahweh.<\/strong><\/span> \u00a0\u00bb (1 Jean 4:7)<\/p>\n<p>\u00a0\u00bb <span style=\"color: #ff0000;\"><strong>11-<\/strong><strong>Bien-aim\u00e9s, si Yahweh nous a ainsi aim\u00e9s, nous devons aussi nous aimer les uns les autres. 12-<\/strong><strong>Personne n&rsquo;a jamais vu Yahweh; si nous nous aimons les uns les autres, Elohim demeure en nous, et son amour est parfait en nous.<\/strong> <\/span>\u00a0\u00bb (1 Yahuchanan\/Jean 4:11-12)<\/p>\n<p>\u00a0\u00bb <span style=\"color: #ff0000;\"><strong>5-<\/strong><strong>Et maintenant, ce que je te demande, Kuria <em>(Kyria<\/em>), -non comme te prescrivant un commandement nouveau, mais celui que nous avons eu d\u00e8s le commencement, -c&rsquo;est que nous nous aimions les uns les autres. 6-Et l&rsquo;amour consiste \u00e0 marcher selon ses commandements. C&rsquo;est l\u00e0 le commandement dans lequel vous devez marcher, comme vous l&rsquo;avez appris d\u00e8s le commencement.<\/strong> <\/span>\u00a0\u00bb (2 Yahuchanan\/Jean 1:5-6)<\/p>\n<p>\u00a0\u00bb <span style=\"color: #ff0000;\"><strong>8-<\/strong><strong>Avant tout, ayez les uns pour les autres un amour ardent, car l\u2019amour couvre une multitude de p\u00e9ch\u00e9s<\/strong>.<\/span> \u00a0\u00bb\u00a0 (1 Kepha\/Pierre 4:8)<\/p>\n<p>\u00a0\u00bb <span style=\"color: #ff0000;\"><strong>18-<\/strong><strong>Petits enfants, n&rsquo;aimons pas en paroles et avec la langue, mais en actions et avec v\u00e9rit\u00e9.<\/strong> <\/span>\u00a0\u00bb (1 Yahuchanan\/Jean 3:18)<\/p>\n<p>\u00a0\u00bb <span style=\"color: #ff0000;\"><strong>18-<\/strong><strong>Tu ne te vengeras point, et tu ne garderas point de rancune contre les enfants de ton peuple. Tu aimeras ton prochain comme toi-m\u00eame. Je suis Yahweh.<\/strong> <\/span>\u00a0\u00bb (L\u00e9vitique 19:18)<\/p>\n<p>Qui sont nos fr\u00e8res, nos s\u0153urs dans le corps du Messie? S\u2019interrogerons-nous. \u00a0Yahushua nous l\u2019a d\u00e9j\u00e0 fait savoir.<\/p>\n<p>\u00a0\u00bb <span style=\"color: #ff0000;\"><strong>47-<\/strong><strong>Quelqu&rsquo;un lui dit: Voici, ta m\u00e8re et tes fr\u00e8res sont dehors, et ils cherchent \u00e0 te parler.\u00a0 \u00a048-Mais Yahushua r\u00e9pondit \u00e0 celui qui le lui disait:\u00a0Qui est ma m\u00e8re, et qui sont mes fr\u00e8res? 49-Puis, \u00e9tendant la main sur ses disciples, il dit:\u00a0Voici ma m\u00e8re et mes fr\u00e8res. 50-Car, quiconque fait la volont\u00e9 de mon P\u00e8re qui est dans les cieux, celui-l\u00e0 est mon fr\u00e8re, et ma soeur, et ma m\u00e8re.<\/strong> <\/span>\u00a0\u00bb (MattithYahu\/Matthieu \u00a012:47-50)<\/p>\n<p>\u00a0\u00bb <span style=\"color: #ff0000;\"><strong>35-<\/strong><strong>Car, quiconque fait la volont\u00e9 d&rsquo;Elohim<\/strong><\/span><span style=\"color: #ff0000;\"><strong>, celui-l\u00e0 est mon fr\u00e8re, ma soeur, et ma m\u00e8re.<\/strong> <\/span><span style=\"font-size: 16px;\">\u00a0\u00bb (Markos\/Marc 3:35)<\/span><\/p>\n<p>\u00a0\u00bb <span style=\"color: #ff0000;\"><strong>21-<\/strong><strong>Mais il r\u00e9pondit:\u00a0Ma m\u00e8re et mes fr\u00e8res, ce sont ceux qui \u00e9coutent la parole de Yahweh, et qui la mettent en pratique<\/strong><\/span>\u00a0\u00bb (Loukas\/Luc 8:21)<\/p>\n<p>Maintenant, quelqu\u2019un pourrait dire &#8230; \u00ab\u00a0<strong>Cette personne pr\u00e9tend \u00eatre un fr\u00e8re mais d\u00e9sob\u00e9it \u00e0 la parole de Yahweh<\/strong>\u00a0\u00bb ; \u00ab\u00a0<strong>Par cons\u00e9quent, je ne peux pas le consid\u00e9rer comme un fr\u00e8re<\/strong> \u00ab\u00a0. Si l&rsquo;on choisit de faire ce jugement &#8230; on devrait \u00eatre tr\u00e8s prudent! Car Yahweh connait ceux qui lui appartiennent:<\/p>\n<p>\u00a0\u00bb <span style=\"color: #ff0000;\"><strong>19-<\/strong><strong>N\u00e9anmoins, le solide fondement d&rsquo;Elohim reste debout, avec ces paroles qui lui servent de sceau: Yahweh conna\u00eet ceux qui lui appartiennent; et: Quiconque prononce le nom du Messie, qu&rsquo;il s&rsquo;\u00e9loigne de l&rsquo;iniquit\u00e9.<\/strong><\/span> \u00a0\u00bb (2 Timotheos\/Timoth\u00e9e 2:19)<\/p>\n<p>Mais que faire si notre fr\u00e8re p\u00e8che continuellement contre nous &#8230; est-il toujours notre fr\u00e8re?<\/p>\n<p>\u00ab\u00a0<span style=\"color: #ff0000;\">\u00a0<strong>15-Si ton fr\u00e8re a p\u00e9ch\u00e9, va et reprends-le entre toi et lui seul. S&rsquo;il t&rsquo;\u00e9coute, tu as gagn\u00e9 ton fr\u00e8re.<\/strong><\/span> \u00a0\u00bb (MattithYahu\/Matthieu 18:15)<\/p>\n<p>Et s&rsquo;il demande pardon, pardonnes-lui.<\/p>\n<p>\u00a0\u00bb <span style=\"color: #ff0000;\"><strong>3-<\/strong><strong>Prenez garde \u00e0 vous-m\u00eames. Si ton fr\u00e8re a p\u00e9ch\u00e9, reprends-le; et, s&rsquo;il se repent, pardonne-lui. 4-Et s&rsquo;il a p\u00e9ch\u00e9 contre toi <u>sept fois<\/u> dans un jour et que <u>sept fois <\/u>il revienne \u00e0 toi, disant: Je me repens, &#8211; tu lui pardonneras.<\/strong><\/span> \u00a0\u00bb (Loukas\/Luc 17:3-4)<\/p>\n<p><strong>Lui pardonner seulement \u00a0sept fois?<\/strong><\/p>\n<p>\u00ab\u00a0<span style=\"color: #ff0000;\"><strong> 21-<\/strong><strong>Alors Kepha <em>(Pierre)<\/em> s&rsquo;approcha de lui, et dit: Seigneur <em>(Ma\u00eetre)<\/em>, combien de fois pardonnerai-je \u00e0 mon fr\u00e8re, lorsqu&rsquo;il p\u00e9chera contre moi? Sera-ce jusqu&rsquo;\u00e0 sept fois? 22-Yahushua lui dit:\u00a0Je ne te dis pas jusqu&rsquo;\u00e0 sept fois, mais <u>jusqu&rsquo;\u00e0 septante fois sept fois<\/u>. 23-C&rsquo;est pourquoi, le royaume des cieux est semblable \u00e0 un roi qui voulut avoir un compte rendu de ses serviteurs. 24-Quand il se mit \u00e0 compter, on lui en amena un qui devait dix mille talents. 25-Comme il n&rsquo;avait pas de quoi payer, son ma\u00eetre ordonna qu&rsquo;il f\u00fbt vendu, lui, sa femme, ses enfants, et tout ce qu&rsquo;il avait, et que la dette f\u00fbt acquitt\u00e9e. 25-Le serviteur, se jetant \u00e0 terre, se prosterna devant lui, et dit: Ma\u00eetre, aie de la patience envers moi, et je te paierai tout. 27-\u00c9mu de compassion, le ma\u00eetre de ce serviteur le laissa aller, et lui remit la dette. 28-Apr\u00e8s qu&rsquo;il fut sorti, ce serviteur rencontra un de ses compagnons qui lui devait cent deniers. Il le saisit et l&rsquo;\u00e9tranglait, en disant: Paie ce que tu me dois. 29-Son compagnon, se jetant \u00e0 terre, le suppliait, disant: Aie de la patience envers moi, et je te paierai. 30-Mais l&rsquo;autre ne voulut pas, et il alla le jeter en prison, jusqu&rsquo;\u00e0 ce qu&rsquo;il e\u00fbt pay\u00e9 ce qu&rsquo;il devait. 31-Ses compagnons, ayant vu ce qui \u00e9tait arriv\u00e9, furent profond\u00e9ment attrist\u00e9s, et ils all\u00e8rent raconter \u00e0 leur ma\u00eetre tout ce qui s&rsquo;\u00e9tait pass\u00e9. 32-Alors le ma\u00eetre fit appeler ce serviteur, et lui dit: M\u00e9chant serviteur, je t&rsquo;avais remis en entier ta dette, parce que tu m&rsquo;en avais suppli\u00e9; 33-ne devais-tu pas aussi avoir piti\u00e9 de ton compagnon, comme j&rsquo;ai eu piti\u00e9 de toi?\u00a0 \u00a034-Et son ma\u00eetre, irrit\u00e9, le livra aux bourreaux, jusqu&rsquo;\u00e0 ce qu&rsquo;il e\u00fbt pay\u00e9 tout ce qu&rsquo;il devait.\u00a0 \u00a035-C&rsquo;est ainsi que mon P\u00e8re c\u00e9leste vous traitera, si chacun de vous ne pardonne \u00e0 son fr\u00e8re de tout son coeur.<\/strong> <\/span>\u00a0\u00bb (Matthieu 18:21-35)<\/p>\n<p>Voulons-nous \u00eatre livr\u00e9s aux mains des bourreaux pour subir notre ch\u00e2timent dans le lac de Feu? Alors, pardonnons donc \u00e0 notre fr\u00e8re du fond de notre c\u0153ur! Mais s&rsquo;il refuse de nous entendre &#8230;<\/p>\n<p>\u00ab\u00a0<span style=\"color: #ff0000;\"><strong> 16-<\/strong><strong>Mais, s&rsquo;il ne t&rsquo;\u00e9coute pas, prends avec toi une ou deux personnes, afin que toute l&rsquo;affaire se r\u00e8gle sur la d\u00e9claration de deux ou de trois t\u00e9moins.<\/strong>\u00a0<strong>17-S&rsquo;il refuse de les \u00e9couter, dis-le \u00e0 la congr\u00e9gation; et s&rsquo;il refuse aussi d&rsquo;\u00e9couter la congr\u00e9gation, qu&rsquo;il soit pour toi comme un pa\u00efen et un publicain.<\/strong>\u00a0<strong>18-Je vous le dis en v\u00e9rit\u00e9, tout ce que vous lierez sur la terre sera li\u00e9 dans le ciel, et tout ce que vous d\u00e9lierez sur la terre sera d\u00e9li\u00e9 dans le ciel.<\/strong>\u00a0<strong>19-Je vous dis encore que, si deux d&rsquo;entre vous s&rsquo;accordent sur la terre pour demander une chose quelconque, elle leur sera accord\u00e9e par mon P\u00e8re qui est dans les cieux.<\/strong>\u00a0<strong>20-Car l\u00e0 o\u00f9 deux ou trois sont assembl\u00e9s en mon nom, je suis au milieu d&rsquo;eux.<\/strong> <\/span>\u00a0\u00bb (MattithYahu\/Matthieu 18:16-20)<\/p>\n<p>Que faites-vous si vous voyez votre fr\u00e8re p\u00e9cher?<\/p>\n<p>\u00ab\u00a0<span style=\"color: #ff0000;\"><strong> 19-<\/strong><strong>Mes fr\u00e8res, si quelqu&rsquo;un parmi vous s&rsquo;est \u00e9gar\u00e9 loin de la v\u00e9rit\u00e9, et qu&rsquo;un autre l&rsquo;y ram\u00e8ne, 20-qu&rsquo;il sache que celui qui ram\u00e8nera un p\u00e9cheur de la voie o\u00f9 il s&rsquo;\u00e9tait \u00e9gar\u00e9 sauvera une \u00e2me de la mort et couvrira une multitude de p\u00e9ch\u00e9s.<\/strong><\/span> \u00a0\u00bb (Ya&rsquo;aqov\/Jacques 5:19-20)<\/p>\n<p>\u00a0\u00bb 1-<span style=\"color: #ff0000;\"><strong>Fr\u00e8res, si un homme vient \u00e0 \u00eatre surpris dans une offense, vous qui \u00eates spirituels, redressez-le avec un esprit de douceur. Prends garde \u00e0 toi-m\u00eame, de peur que tu ne sois aussi tent\u00e9 <\/strong><\/span>\u00a0\u00bb (Galates 6:1)<\/p>\n<p>C&rsquo;est une tentation de Satan de se consid\u00e9rer comme quelqu\u2019un de plus grand ou plus Juste quand on va vers un fr\u00e8re pour le r\u00e9pudier de son p\u00e9ch\u00e9. Par cons\u00e9quent, nous devons d\u00e9poser tout orgueil en nous et lui faire part de son p\u00e9ch\u00e9 ou sa transgression dans la douceur &#8230; en nous souvenant de ceci &#8230;<\/p>\n<p>\u00a0\u00bb <span style=\"color: #ff0000;\"><strong>3-<\/strong><strong>Ne faites rien par esprit de parti ou par vaine gloire, mais que l&rsquo;humilit\u00e9 vous fasse regarder les autres comme \u00e9tant au-dessus de vous-m\u00eames.<\/strong><\/span> \u00a0\u00bb (Philippiens 2:3)<\/p>\n<p>Si nous pouvions pratiquer ceci<\/p>\n<p>\u00a0\u00bb <span style=\"color: #ff0000;\"><strong>4-<\/strong><strong>Que chacun de vous, au lieu de consid\u00e9rer ses propres int\u00e9r\u00eats, consid\u00e8re aussi ceux des autres<\/strong>.<\/span> \u00a0\u00bb (Philippiens 2:4)<\/p>\n<p>\u00a0\u00bb <span style=\"color: #ff0000;\"><strong>11-<\/strong><strong>Ne parlez point mal les uns des autres, fr\u00e8res. Celui qui parle mal d&rsquo;un fr\u00e8re, ou qui juge son fr\u00e8re, parle mal de la Loi et juge la Loi. Or, si tu juges la Loi, tu n&rsquo;es pas observateur de la Loi, mais tu en es juge. 12-Un seul est l\u00e9gislateur et juge, c&rsquo;est celui qui peut sauver et d\u00e9truire; mais toi, qui es-tu, qui juges le prochain?<\/strong><\/span> \u00a0\u00bb (Ya&rsquo;aqov\/Jacques 4:11-12)<\/p>\n<p>Par cons\u00e9quent, fr\u00e8res, marchons \u00a0dans l\u2019amour, l\u2019humilit\u00e9, et la justice, avec un amour sinc\u00e8re pour les fr\u00e8res.<\/p>\n<p>Car si nous ne le faisons pas, alors nous ne sommes pas des enfants de Yahweh:<\/p>\n<p>\u00a0\u00bb <span style=\"color: #ff0000;\"><strong>14-<\/strong><strong>Nous savons que nous sommes pass\u00e9s de la mort \u00e0 la vie, parce que nous aimons les fr\u00e8res. Celui qui n&rsquo;aime pas demeure dans la mort. 15-Quiconque hait son fr\u00e8re est un meurtrier, et vous savez qu&rsquo;aucun meurtrier n&rsquo;a la vie \u00e9ternelle demeurant en lui. 16-Nous avons connu l&rsquo;amour, en ce qu&rsquo;il a donn\u00e9 sa vie pour nous; nous aussi, nous devons donner notre vie pour les fr\u00e8res.<\/strong> <\/span>\u00a0\u00bb (1 Yahuchanan\/Jean 3:14-16)<\/p>\n<p>\u00a0\u00bb <span style=\"color: #ff0000;\"><strong>7-<\/strong><strong>Bien-aim\u00e9s, ce n&rsquo;est pas un commandement nouveau que je vous \u00e9cris, mais un commandement ancien que vous avez eu d\u00e8s le commencement; ce commandement ancien, c&rsquo;est la parole que vous avez entendue. 8-Toutefois, c&rsquo;est un commandement nouveau que je vous \u00e9cris, ce qui est vrai en lui et en vous, car les t\u00e9n\u00e8bres se dissipent et la lumi\u00e8re v\u00e9ritable para\u00eet d\u00e9j\u00e0. 9-Celui qui dit qu&rsquo;il est dans la lumi\u00e8re, et qui hait son fr\u00e8re, est encore dans les t\u00e9n\u00e8bres. 10-Celui qui aime son fr\u00e8re demeure dans la lumi\u00e8re, et aucune occasion de chute n&rsquo;est en lui. 11-Mais celui qui hait son fr\u00e8re est dans les t\u00e9n\u00e8bres, il marche dans les t\u00e9n\u00e8bres, et il ne sait o\u00f9 il va, parce que les t\u00e9n\u00e8bres ont aveugl\u00e9 ses yeux<\/strong>.<\/span> \u00ab\u00a0(1 Yahuchanan\/Jean 2:7-11)<\/p>\n<p><strong>Quelles paroles authentiques! Nous disons que nous marchons dans la lumi\u00e8re! Si tel est le cas, permettons-nous de nous rendre service mutuellement dans la v\u00e9rit\u00e9 et dans la joie, sans grogner ni se plaindre? \u00a0Yahweh se plaint-il lorsqu\u2019il nous rend service? <\/strong><br \/>\n<strong>Si nous avons vraiment l&rsquo;Esprit de Yahweh &#8230; alors nous porterons de bons fruits! Pas seulement envers le monde. Mais envers nos fr\u00e8res et s\u0153urs aussi! Et pas seulement nos fr\u00e8res et s\u0153urs dans le corps du messie, mais aussi nos fr\u00e8res et s\u0153urs biologiques! Ainsi que les membres de notre famille.<\/strong><\/p>\n<p><strong>Dans tout ce que nous faisons, Marchons dans l&rsquo;Esprit! Dans la lumi\u00e8re! Pas dans les t\u00e9n\u00e8bres. Heureux ceux qui font cela lorsque que reviendra notre Ma\u00eetre et Sauveur Yahushua. Si nous avons une rancune? \u00c9loignons-le de notre c\u0153ur!<\/strong><\/p>\n<p>\u00a0\u00bb <span style=\"color: #ff0000;\"><strong>18-<\/strong><strong>Tu ne te vengeras point, et tu ne garderas point de rancune contre les enfants de ton peuple. Tu aimeras ton prochain comme toi-m\u00eame. Je suis Yahweh.<\/strong><\/span> \u00a0\u00bb (L\u00e9vitique 19:18)<\/p>\n<p><strong>Car c\u2019est un p\u00e9ch\u00e9. <\/strong><br \/>\n<strong>Je crois que Yahushua reviendra pour une mari\u00e9e pure! Par cons\u00e9quent, purifions-nous pour l&rsquo;av\u00e8nement de Yahushua et soyons sans t\u00e2che ou d\u00e9faut. Parlons souvent les uns aux autres &#8230; dans la joie &#8230; dans la paix &#8230; dans l\u2019harmonie&#8230; dans le respect et aussi et surtout dans l\u2019amour!<\/strong><\/p>\n<p><strong>Que Yahweh nous b\u00e9nisse et qu\u2019il nous accorde sa gr\u00e2ce en son Fils Yahushua Ha Mashiach. <\/strong><\/p>\n<p><strong>\u00a0<\/strong><\/p>\n<p>&nbsp;<\/p>\n","protected":false},"excerpt":{"rendered":"<p>NB\u00a0: Dans les bibles courantes incluant la version Louis Segond le nom majestueux d\u2019Elohim supr\u00eame (Dieu supr\u00eame), l&rsquo;Elohim (Dieu) de tous les elohim (dieux), ce nom pr\u00e9cieux le t\u00e9tragramme\u00a0YHWH\u00a0(en h\u00e9breu\u00a0 \u05d9\u05d4\u05d5\u05d4)\u00a0se pronon\u00e7ant\u00a0Yahweh\u00a0a \u00e9t\u00e9 substitu\u00e9 par\u00a0l\u2019\u00c9ternel\u00a0 dans l\u2019ancien testament et parfois\u00a0 par Dieu\u00a0ou Seigneur dans le nouveau Testament. \u00c9galement le nom majestueux de son fils (en [&hellip;]<\/p>\n","protected":false},"author":1,"featured_media":0,"parent":0,"menu_order":0,"comment_status":"closed","ping_status":"closed","template":"","meta":{"footnotes":""},"class_list":["post-454","page","type-page","status-publish","hentry"],"_links":{"self":[{"href":"https:\/\/disciplesdeyahushua.com\/index.php\/wp-json\/wp\/v2\/pages\/454","targetHints":{"allow":["GET"]}}],"collection":[{"href":"https:\/\/disciplesdeyahushua.com\/index.php\/wp-json\/wp\/v2\/pages"}],"about":[{"href":"https:\/\/disciplesdeyahushua.com\/index.php\/wp-json\/wp\/v2\/types\/page"}],"author":[{"embeddable":true,"href":"https:\/\/disciplesdeyahushua.com\/index.php\/wp-json\/wp\/v2\/users\/1"}],"replies":[{"embeddable":true,"href":"https:\/\/disciplesdeyahushua.com\/index.php\/wp-json\/wp\/v2\/comments?post=454"}],"version-history":[{"count":26,"href":"https:\/\/disciplesdeyahushua.com\/index.php\/wp-json\/wp\/v2\/pages\/454\/revisions"}],"predecessor-version":[{"id":2120,"href":"https:\/\/disciplesdeyahushua.com\/index.php\/wp-json\/wp\/v2\/pages\/454\/revisions\/2120"}],"wp:attachment":[{"href":"https:\/\/disciplesdeyahushua.com\/index.php\/wp-json\/wp\/v2\/media?parent=454"}],"curies":[{"name":"wp","href":"https:\/\/api.w.org\/{rel}","templated":true}]}}