{"id":601,"date":"2017-10-02T03:02:17","date_gmt":"2017-10-02T07:02:17","guid":{"rendered":"https:\/\/disciplesdeyahushua.com\/?page_id=601"},"modified":"2025-01-04T14:55:34","modified_gmt":"2025-01-04T19:55:34","slug":"limportance-de-veiller-sur-sa-bouche-en-tant-que-croyant","status":"publish","type":"page","link":"https:\/\/disciplesdeyahushua.com\/index.php\/limportance-de-veiller-sur-sa-bouche-en-tant-que-croyant\/","title":{"rendered":"L\u2019importance de veiller sur sa Bouche en tant que croyant"},"content":{"rendered":"<p><strong>NB\u00a0:<\/strong>\u00a0Dans les bibles courantes incluant la version Louis segond le nom majestueux d\u2019Elohim supr\u00eame (Dieu supr\u00eame), l&rsquo;Elohim (Dieu) de tous les elohim (dieux), ce nom precieux le t\u00e9tagramme\u00a0<strong>YHWH<\/strong>\u00a0(En h\u00e9breu\u00a0\u00a0<strong>\u05d9\u05d4\u05d5<\/strong><strong>\u05d4<\/strong><strong>)<\/strong>\u00a0se pronon\u00e7ant\u00a0<strong>Yahweh<\/strong>\u00a0a \u00e9t\u00e9 substitu\u00e9 par\u00a0<strong>l\u2019\u00c9ternel<\/strong>\u00a0 dans l\u2019ancien testament et parfois\u00a0 par\u00a0<strong>Dieu<\/strong>\u00a0ou\u00a0<strong>Seigneur<\/strong>\u00a0dans le nouveau Testament. \u00c9galement le nom majestueux de son fils en h\u00e9breu\u00a0<strong>\u05d9\u05d4\u05d5\u05e9\u05d5\u05e2<\/strong>\u00a0se pronon\u00e7ant\u00a0<strong>Yahushua<\/strong>\u00a0a \u00e9t\u00e9 substitu\u00e9\u00a0par\u00a0<strong>J\u00e9sus<\/strong>\u00a0dans le nouveau testament.<\/p>\n<hr \/>\n<p>&nbsp;<\/p>\n<p>Il est \u00e9crit dans le livre des proverbes:<\/p>\n<p>\u00ab\u00a0<span style=\"color: #ff0000;\"><strong>\u00a03-Celui qui veille sur sa bouche garde son \u00e2me; <u>Celui qui ouvre de grandes l\u00e8vres court \u00e0 sa perte<\/u>.<\/strong><\/span> \u00a0\u00bb (Proverbes 13:3)<\/p>\n<p>Voici quelques \u00e9critures \u00e0 consid\u00e9rer:<\/p>\n<p>\u00a0\u00bb <span style=\"color: #ff0000;\"><strong>2-<\/strong><strong>Car, si des songes naissent \u00a0la multitude des occupations, <u>la voix de l&rsquo;insens\u00e9 se fait entendre dans la multitude des paroles<\/u>.<\/strong><\/span> \u00a0\u00bb (Eccl\u00e9siaste 5:2)<\/p>\n<p>\u00ab\u00a0<span style=\"color: #ff0000;\"><strong> 2-La langue des sages utilise correctement la connaissance, et <u>la bouche des insens\u00e9s r\u00e9pand la folie<\/u>.<\/strong>\u00a0<strong>3-<\/strong><\/span><strong><span style=\"color: #ff0000;\">Les yeux de Yahweh sont en tout lieu, observant les m\u00e9chants et les bons. La langue douce est un arbre de vie, <u>Mais la langue perverse brise l&rsquo;\u00e2me<\/u>.<\/span><\/strong>\u00a0\u00bb (Proverbes 15:2-3)<\/p>\n<p>Aimez-vous la vie?<\/p>\n<p>\u00ab\u00a0<span style=\"color: #ff0000;\"><strong>\u00a012-Quel est l&rsquo;homme qui aime la vie, Qui d\u00e9sire la prolonger pour jouir du bonheur? 13-<u>Pr\u00e9serve ta langue du mal, Et tes l\u00e8vres des paroles trompeuses<\/u>; \u00c9loigne-toi du mal, et fais le bien; Recherche et poursuis la paix. <\/strong><\/span>\u00a0\u00bb (Psaumes 34:12-14)<\/p>\n<p>Veiller sur notre bouche est presque impossible sans le soutien de Yahweh:<\/p>\n<p>\u00ab\u00a0<span style=\"color: #ff0000;\"><strong>\u00a01-Mes fr\u00e8res, qu&rsquo;il n&rsquo;y ait pas parmi vous un grand nombre de personnes qui se mettent \u00e0 enseigner, car vous savez que nous serons jug\u00e9s plus s\u00e9v\u00e8rement. 2-<u>Nous bronchons tous de plusieurs mani\u00e8res. <\/u>Si quelqu&rsquo;un ne bronche (<em>ne se plaint<\/em>) point en paroles, c&rsquo;est un homme parfait, capable de tenir tout son corps en bride.<\/strong><\/span> \u00a0\u00bb (Ya&rsquo;aqov\/Jacques 3:1-2)<\/p>\n<p>Si nous pouvons contr\u00f4ler notre langue, nous pouvons aussi contr\u00f4ler tout notre corps!<\/p>\n<p>\u00a0\u00bb <strong><span style=\"color: #ff0000;\">3-<\/span><span style=\"color: #ff0000;\">Si nous mettons le mors dans la bouche des chevaux pour qu&rsquo;ils nous ob\u00e9issent, nous dirigeons aussi leur corps tout entier. 4-Voici, m\u00eame les navires, qui sont si grands et que poussent des vents imp\u00e9tueux, sont dirig\u00e9s par un tr\u00e8s petit gouvernail, au gr\u00e9 du pilote. 5-De m\u00eame, la langue est un petit membre, et elle se vante de grandes choses. Voici, comment un petit feu peut embraser une grande for\u00eat. 6-<u>La langue aussi est un feu; c&rsquo;est le monde de l&rsquo;iniquit\u00e9<\/u>. La langue est plac\u00e9e parmi nos membres, <u>souillant tout le corps, et enflammant le cours de la vie<\/u>, \u00e9tant elle-m\u00eame enflamm\u00e9e par la g\u00e9henne<\/span>.<\/strong> \u00a0\u00bb (Ya&rsquo;aqov\/Jacques 3:3-6)<\/p>\n<p>Cependant, la langue faisant partie de nos membres, \u00a0souille constamment tout notre corps!<\/p>\n<p>\u00a0\u00bb <span style=\"color: #ff0000;\"><strong>27-L&rsquo;homme pervers pr\u00e9pare le malheur, <u>Et il y a sur ses l\u00e8vres comme un feu ardent<\/u>. <\/strong><\/span>\u00a0\u00bb (Proverbes 16:27)<\/p>\n<p>Continuons avec le livre de Jacques<\/p>\n<p>\u00a0\u00bb <span style=\"color: #ff0000;\"><strong>7-Toutes les esp\u00e8ces de b\u00eates et d&rsquo;oiseaux, de reptiles et d&rsquo;animaux marins, sont dompt\u00e9s et ont \u00e9t\u00e9 dompt\u00e9s par la nature humaine; 8-<u>mais la langue, aucun homme ne peut la dompter<\/u>; c&rsquo;est un mal qu&rsquo;on ne peut r\u00e9primer; <u>elle est pleine d&rsquo;un venin mortel<\/u>. 9-Par elle nous b\u00e9nissons <em>Yahweh<\/em> notre P\u00e8re, et par elle nous maudissons les hommes faits \u00e0 l&rsquo;image d&rsquo;Elohim. 10-<u>De la m\u00eame bouche sortent la b\u00e9n\u00e9diction et la mal\u00e9diction<\/u>. Il ne faut pas, mes fr\u00e8res, qu&rsquo;il en soit ainsi. 11-La source fait-elle jaillir par la m\u00eame ouverture l&rsquo;eau douce et l&rsquo;eau am\u00e8re? 12-Un figuier, mes fr\u00e8res, peut-il produire des olives, ou une vigne des figues? De l&rsquo;eau sal\u00e9e ne peut pas non plus produire de l&rsquo;eau douce. 13-<u>Lequel d&rsquo;entre vous est sage et intelligent? Qu&rsquo;il montre ses \u0153uvres par une bonne conduite avec la douceur de la sagesse<\/u>.<\/strong> <\/span>\u00a0\u00bb (Ya&rsquo;aqov\/Jacques 3:7-13)<\/p>\n<p>Donc, dans le contexte, il existe un danger qui existe pour ceux qui sont enseignants de la parole de Yahweh ainsi que tous les serviteurs de Yahweh. Faites attention \u00e0 l&rsquo;avertissement de Yahushua:<\/p>\n<p>\u00ab\u00a0<strong><span style=\"color: #ff0000;\"> 35-<\/span><span style=\"color: #ff0000;\"><strong>L<\/strong>&lsquo;homme bon tire de bonnes choses de son bon tr\u00e9sor, et l&rsquo;homme m\u00e9chant tire de mauvaises choses de son mauvais tr\u00e9sor. 36-<u>Je vous le dis: au jour du jugement, les hommes rendront compte de toute parole vaine qu&rsquo;ils auront prof\u00e9r\u00e9e<\/u>. 37-Car par tes paroles tu seras justifi\u00e9, et par tes paroles tu seras condamn\u00e9<\/span>.<\/strong> \u00a0\u00bb (MattithYahu\/Matthieu 12:35-37)<\/p>\n<p>En v\u00e9rit\u00e9, c&rsquo;est une affirmation puissante! Il est important de savoir que chaque parole que nous prof\u00e9rons sera pr\u00e9sent\u00e9e devant le vrai Juge. Pourrions-nous avoir l\u2019audace de faire face au fils d\u2019Elohim au Jugement dernier si nous ne parvenons \u00e0 contr\u00f4ler notre la langue? Sinc\u00e8rement, qui de nous le pourra? Pour cette raison, nous devons toujours \u00eatre humble et demander \u00e0 Yahweh de mettre une garde sur notre bouche&#8230;<\/p>\n<p>\u00a0\u00bb <span style=\"color: #ff0000;\"><strong>3<\/strong><strong><span style=\"color: #ff0000;\">&#8211;<\/span><u><span style=\"color: #ff0000;\"><strong>Y<\/strong><\/span>ahweh, mets une garde \u00e0 ma bouche, Veille sur la porte de mes l\u00e8vres<\/u>! 4-N&rsquo;entra\u00eene pas mon c\u0153ur \u00e0 des choses mauvaises, \u00e0 des actions coupables avec les hommes qui font le mal, Et que je ne prenne aucune part \u00e0 leurs festins!<\/strong> <\/span>\u00a0\u00bb (Psaumes 141:3-4)<\/p>\n<p>Avec Yahweh prot\u00e9geant notre bouche, nous pouvons \u00eatre pr\u00e9serv\u00e9s.<\/p>\n<p>\u00a0\u00bb <span style=\"color: #ff0000;\"><strong>3-Celui qui veille sur sa bouche garde son \u00e2me; <u>Celui qui ouvre de grandes l\u00e8vres court \u00e0 sa perte<\/u>.<\/strong> <\/span>\u00a0\u00bb (Proverbes 13:3)<\/p>\n<p>Notre propre bouche peut \u00eatre un pi\u00e8ge!<\/p>\n<p>\u00ab\u00a0<span style=\"color: #ff0000;\"><strong> 13-<u>Il y&rsquo; a dans le p\u00e9ch\u00e9 des l\u00e8vres un pi\u00e8ge pernicieux<\/u>, Mais le juste se tire de la d\u00e9tresse. <\/strong><\/span>\u00a0\u00bb (Proverbes 12:13)<\/p>\n<p>Lorsque nous faisons attention \u00e0 ce qui sort de nos l\u00e8vres, nous nous pr\u00e9servons des potentiels ennuis:<\/p>\n<p>\u00ab\u00a0<span style=\"color: #ff0000;\"><strong> 23-Celui qui veille sur sa bouche et sur sa langue, <u>Pr\u00e9serve son \u00e2me des angoisses<\/u>. <\/strong><\/span>\u00a0\u00bb (Proverbes 21:23)<\/p>\n<p>David savait cette sage affirmation:<\/p>\n<p>\u00ab\u00a0<strong><span style=\"color: #ff0000;\">\u00a01-Je disais: Je veillerai sur mes voies, <u>de peur de p\u00e9cher par ma langue; Je mettrai un frein \u00e0 ma bouche, tant que le m\u00e9chant sera devant moi<\/u>. 2-Je suis rest\u00e9 muet, dans le silence; Je me suis tu, quoique malheureux; Et ma douleur n&rsquo;\u00e9tait pas moins vive.<\/span><\/strong>\u00a0\u00bb (Psaumes 39:1-2)<\/p>\n<p>Yahushua savait \u00e7a aussi<\/p>\n<p>\u00ab\u00a0<span style=\"color: #ff0000;\"><strong>\u00a07-Il a \u00e9t\u00e9 maltrait\u00e9 et opprim\u00e9, <u>et il n&rsquo;a point ouvert la bouche<\/u>, semblable \u00e0 un agneau qu&rsquo;on m\u00e8ne \u00e0 la boucherie, \u00e0 une brebis muette devant ceux qui la tondent; <u>Il n&rsquo;a point ouvert la bouche<\/u>. <\/strong><\/span>\u00a0\u00bb (YeshaYahu\/\u00c9sa\u00efe 53:7)<\/p>\n<p><strong>\u00ab\u00a0<\/strong><span style=\"color: #ff0000;\"><strong>8-Lorsque H\u00e9rode vit Yahushua, il en eut une grande joie; car depuis longtemps, il d\u00e9sirait le voir, \u00e0 cause de ce qu&rsquo;il avait entendu dire de lui, et il esp\u00e9rait qu&rsquo;il le verrait faire quelques miracles. 9-Il lui adressa beaucoup de questions; <u>mais Yahushua ne lui r\u00e9pondit pas<\/u><\/strong>.<\/span> \u00a0\u00bb (Loukas\/Luc 23:8-9)<\/p>\n<p>Nous devons demander \u00e0 Yahweh de nous aider \u00e0 \u00eatre comme Yahushua afin d&rsquo;apprendre souvent \u00e0 retenir notre langue lorsque cela est n\u00e9cessaire.<\/p>\n<p><strong>\u00ab\u00a0<span style=\"color: #ff0000;\"> 20-<u>Si tu vois un homme irr\u00e9fl\u00e9chi dans ses paroles<\/u>, Il y a plus \u00e0 esp\u00e9rer d&rsquo;un insens\u00e9 que de lui.<\/span><\/strong> <strong>\u00a0\u00bb <\/strong>(Proverbes 29:20)<\/p>\n<p>Consid\u00e9rons ceci un instant! Parmi le nombre de fois qu\u2019on trouve le mot \u00ab<span style=\"color: #ff0000;\"><strong>insens\u00e9<\/strong><\/span>\u00bb dans les \u00c9critures, \u00e0 environ 55% ce m\u00eame mot \u00a0appara\u00eet dans le livre des Proverbes o\u00f9 il a un qualificatif n\u00e9gatif! Cependant la parole nous dit qu\u2019il y a plus \u00e0 esp\u00e9rer d\u2019un \u00ab<span style=\"color: #ff0000;\"><strong>insens\u00e9<\/strong><\/span>\u00bb \u00a0dans la voie de repentance qu&rsquo; \u00ab<span style=\"color: #ff0000;\"><strong>un homme irr\u00e9fl\u00e9chi dans ses paroles<\/strong><\/span>\u00bb!<\/p>\n<p>Examinons maintenant attentivement un autre passage de Jacques:<\/p>\n<p>\u00ab\u00a0<span style=\"color: #ff0000;\"><strong> 26-<u>Si quelqu&rsquo;un croit \u00eatre religieux, sans tenir sa langue en bride<\/u>, mais en trompant son c\u0153ur, <u>la religion de cet homme est vaine.<\/u><\/strong><\/span> \u00a0\u00bb (Ya&rsquo;aqov\/Jacques 1:26)<\/p>\n<p>Le lexique grec r\u00e9v\u00e8le dans ce passage que le mot grec <span style=\"color: #993300;\"><strong>#2357 \u03b8\u03c1\u1fc6\u03c3\u03ba\u03bf\u03c2 threskos<\/strong> <strong>{se pronon\u00e7ant thrace&rsquo;-kos}<\/strong><\/span> duquel est traduit le mot \u00ab<span style=\"color: #ff0000;\"><strong>religieux<\/strong><\/span>\u00bb signifie normalement \u00ab<span style=\"color: #ff0000;\"><strong>craindre Dieu<\/strong><\/span>\u00bb ou plus correctement \u00ab<span style=\"color: #ff0000;\"><strong>craindre Elohim<\/strong><\/span>\u00bb. Tandis que le mot grec <span style=\"color: #993300;\"><strong>#2356 \u03b8\u03c1\u03b7\u03c3\u03ba\u03b5\u1f77\u03b1 threskeia {se pronon\u00e7ant thrace-ki&rsquo;-ah} <\/strong><\/span>duquel est traduit le mot \u00ab<span style=\"color: #ff0000;\"><strong>religion<\/strong><\/span>\u00bb dans ce contexte signifie normalement \u00ab<span style=\"color: #ff0000;\"><strong>Adoration<\/strong><\/span>\u00bb. Par cons\u00e9quent, une traduction plus pr\u00e9cise \u00e0 ce verset serait la suivante:<\/p>\n<p>\u00ab\u00a0<span style=\"color: #ff0000;\">\u00a0<strong>26-<u>Si quelqu&rsquo;un croit avoir la crainte d&rsquo;Elohim, sans tenir sa langue en bride<\/u>, mais en trompant son c\u0153ur, <u>l\u2019adoration de cet homme est vaine<\/u>.<\/strong><\/span> \u00a0\u00bb (Ya&rsquo;aqov\/Jacques 1:26)<\/p>\n<p>Wow fr\u00e8res, c&rsquo;est SERIEUX! Consid\u00e9rons les paroles de Yahushua<\/p>\n<p>\u00a0\u00bb <span style=\"color: #ff0000;\"><strong>7-<u>C&rsquo;est en vain qu&rsquo;ils m&rsquo;honorent<\/u>, En donnant des pr\u00e9ceptes qui sont des commandements d&rsquo;hommes<\/strong>.<\/span>\u00a0\u00bb (Markos\/Marc 7:7)<\/p>\n<p>\u2018Les paroles et les enseignements des scribes et des pharisiens n&rsquo;\u00e9taient pas ceux de Yahweh. Par cons\u00e9quent, leur culte d\u2019adoration f\u00fbt en vain. Donc, si quelqu&rsquo;un dit qu&rsquo;il craint Yahweh, et qu\u2019il ne tient pas sa langue en bride, alors il se trompe lui-m\u00eame et son \u00ab<strong>Adoration est en vain<\/strong>\u00bb<\/p>\n<p>\u00a0\u00bb <span style=\"color: #ff0000;\"><strong>8-<\/strong><strong>Celui qui est sage de c\u0153ur re\u00e7oit les pr\u00e9ceptes, <u>Mais celui qui est insens\u00e9 des l\u00e8vres court \u00e0 sa perte<\/u>.<\/strong><\/span> \u00a0\u00bb (Proverbes 10:8)<\/p>\n<p>\u00a0\u00bb <span style=\"color: #ff0000;\"><strong>19-Sachez-le, mes fr\u00e8res bien-aim\u00e9s. Ainsi, que <u>tout homme soit prompt \u00e0 \u00e9couter<\/u>, <u>lent \u00e0 parler<\/u>, <u>lent \u00e0 se mettre en col\u00e8re;<\/u><\/strong><\/span> \u00a0\u00bb (Jacques 1:19)<\/p>\n<p>\u00a0\u00bb <span style=\"color: #ff0000;\"><strong>20-<\/strong><strong>La langue du juste est comme l\u2019argent de choix; <u>Le c\u0153ur des m\u00e9chants vaut peu de valeur<\/u><\/strong><\/span> \u00a0\u00bb (Proverbes 10:20)<\/p>\n<p>Notre parole doit \u00eatre comme une nourriture spirituelle. Si nous parlons, \u00e0 quoi devrait \u00eatre compar\u00e9 notre parole?<\/p>\n<p>\u00ab\u00a0<span style=\"color: #ff0000;\"><strong>\u00a011-<u>Si quelqu&rsquo;un parle, que ce soit comme annon\u00e7ant les oracles de <em>Yahweh<\/em><\/u>; si quelqu&rsquo;un remplit un minist\u00e8re, qu&rsquo;il le remplisse selon la force qu&rsquo;Elohim\u00a0communique, <u>afin qu&rsquo;en toutes choses Yahweh soit glorifi\u00e9 par Yahushua le Messie<\/u>, \u00e0 qui appartiennent la gloire et la puissance, aux si\u00e8cles des si\u00e8cles. Amen! <\/strong><\/span>\u00a0\u00bb (1 Kepha\/Pierre 4:11)<\/p>\n<p>Effectivement, si on parle, cela devrait \u00eatre comme annon\u00e7ant les oracles de Yahweh!<\/p>\n<p>\u00ab\u00a0<span style=\"color: #ff0000;\"><strong>\u00a029-<u>Qu&rsquo;il ne sorte de votre bouche aucune parole mauvaise<\/u>, mais, s&rsquo;il y a lieu, <u>que de la bonne parole, qui serve \u00e0 l&rsquo;\u00e9dification<\/u> et communique une gr\u00e2ce \u00e0 ceux qui l&rsquo;entendent.<\/strong><\/span> \u00a0\u00bb (\u00c9ph\u00e9siens 4:29)<\/p>\n<p>\u00a0\u00bb <span style=\"color: #ff0000;\"><strong>6-<\/strong><strong><u>Que votre parole soit toujours accompagn\u00e9e de gr\u00e2ce<\/u>, assaisonn\u00e9e de sel, afin que vous sachiez comment il faut r\u00e9pondre \u00e0 chacun.<\/strong><\/span> \u00a0\u00bb (Colossiens 4:6)<\/p>\n<p>Yahushua commente sur \u00a0la conduite verbale de quelqu\u2019un:<\/p>\n<p>\u00a0\u00bb <span style=\"color: #ff0000;\"><strong>46-Nethan&rsquo;el <em>(Nathana\u00ebl)<\/em> lui dit: Peut-il venir de Nazareth quelque chose de bon? Philippos <em>(Phillipe)\u00a0 l<\/em>ui r\u00e9pondit: Viens, et vois. 47-Yahushua, voyant venir \u00e0 lui Nethan&rsquo;el, dit de lui: <u>Voici vraiment un Isra\u00e9lite, dans lequel il n&rsquo;y a point de fraude.<\/u><\/strong> <\/span>\u00a0\u00bb (Jean 1:46-47)<\/p>\n<p>\u00a0\u00bb <span style=\"color: #ff0000;\"><strong>3-<\/strong><strong>Que <em>la fornicatio<\/em><\/strong><\/span><strong style=\"font-family: Lora, Georgia, 'Hiragino Mincho ProN', 'Yu Mincho', Meiryo, serif; font-size: 16px; font-style: normal; color: #ff0000;\"><em>n<\/em>,<\/strong><span style=\"color: #ff0000;\"><strong>\u00a0qu&rsquo;aucune esp\u00e8ce d&rsquo;impuret\u00e9, et que la cupidit\u00e9, ne soient pas m\u00eame nomm\u00e9es parmi vous, ainsi qu&rsquo;il convient \u00e0 des saints. 4-Qu&rsquo;on n&rsquo;entende <u>ni paroles d\u00e9shonn\u00eates<\/u>, <u>ni propos insens\u00e9s<\/u>, <u>ni plaisanteries<\/u>, choses qui sont contraires \u00e0 la biens\u00e9ance; qu&rsquo;on entende plut\u00f4t des actions<\/strong> <strong>de gr\u00e2ces.<\/strong><\/span><span style=\"font-size: 16px;\"> \u00a0\u00bb (\u00c9ph\u00e9siens 5:3-4)<\/span><\/p>\n<p>La plaisanterie est quelque chose de populaire aujourd\u2019hui, Mais Yahweh dit ceci par rapport\u00a0\u00e0 \u00e7a:<\/p>\n<p>\u00a0\u00bb <span style=\"color: #ff0000;\"><strong>18-<\/strong><strong>Comme un furieux qui lance des flammes, des fl\u00e8ches et la mort, 19-<u>Ainsi est un homme qui trompe son prochain, Et qui dit: N&rsquo;\u00e9tait-ce pas pour plaisanter<\/u>? <\/strong><\/span>\u00a0\u00bb (Proverbes 26:18-19)<\/p>\n<p>Nous devons faire attention \u00e0 nos paroles ainsi qu\u2019\u00e0 nos discours surtout le jour du sabbat de Yahweh:<\/p>\n<p>\u00a0\u00bb <span style=\"color: #ff0000;\"><strong>13-<\/strong><strong>Si tu retiens ton pied pendant le sabbat, <u>Pour ne pas faire ta volont\u00e9 en mon Saint Jour<\/u>, Si tu fais du sabbat tes d\u00e9lices, Pour sanctifier Yahweh en le glorifiant, Et si tu l&rsquo;honores en ne suivant point tes voies, En ne te livrant pas \u00e0 tes penchants et <u>\u00e0 de vains discours<\/u>,<\/strong><\/span> \u00a0\u00bb (YeshaYahu\/\u00c9sa\u00efe 58:13)<\/p>\n<p>\u00ab\u00a0<strong>Ne te livre pas \u00e0 <span style=\"color: #ff0000;\">de vains discours<\/span><\/strong>\u00ab\u00a0. <strong>Parle comme annon\u00e7ant les oracles de Yahweh! La nourriture spirituelle! Comme l\u2019argent de choix&#8230; \u00e9pur\u00e9 7 fois!<\/strong><\/p>\n<p>\u00ab\u00a0<span style=\"color: #ff0000;\"><strong>\u00a014-Alors tu mettras ton plaisir en Yahweh, Et je te ferai monter sur les hauteurs du pays, Je te ferai jouir de l&rsquo;h\u00e9ritage de Ya&rsquo;aqov, ton p\u00e8re; Car la bouche de Yahweh a parl\u00e9.<\/strong><\/span> \u00a0\u00bb (YeshaYahu\/\u00c9sa\u00efe 58:14)<\/p>\n<p>L\u2019h\u00e9ritage de Ya&rsquo;aqov\/Jacob est la vie \u00e9ternelle<\/p>\n<p>\u00a0\u00bb <span style=\"color: #ff0000;\"><strong>7-<\/strong><strong>Les paroles de Yahweh sont des paroles pures, <u>Un argent \u00e9prouv\u00e9 sur terre<\/u> au creuset, <u>Et sept fois \u00e9pur\u00e9<\/u>. <\/strong><\/span>\u00a0\u00bb (Psaumes 12:7)<\/p>\n<p>Par cons\u00e9quent &#8230; Prenons garde de ne pas tomber dans la condamnation!<\/p>\n<p>\u00a0\u00bb <span style=\"color: #ff0000;\"><strong>14-<\/strong><strong>Car Elohim am\u00e8nera toute \u0153uvre en jugement, <u>au sujet de tout ce qui est cach\u00e9<\/u>, <u>soit bien<\/u>, <u>soit mal<\/u><\/strong><\/span> \u00a0\u00bb (Eccl\u00e9siaste 12:14)<\/p>\n<p><strong>Consid\u00e9rons donc les voies sur lesquelles nous marchons. Consid\u00e9rons les paroles que nous prof\u00e9rons. Sont-elles agr\u00e9ables \u00e0 Yahweh? Si non?\u00a0 Repentons-nous! maintenant. Moi, je me repens maintenant. Et voici ma pri\u00e8re:<\/strong><\/p>\n<p>\u00ab\u00a0<span style=\"color: #ff0000;\"><strong>\u00a019-<u>Re\u00e7ois favorablement les paroles de ma bouche<\/u> et les m\u00e9ditations de mon c\u0153ur, \u00d4 Yahweh, mon rocher et mon lib\u00e9rateur!<\/strong><\/span> \u00a0\u00bb (Psaumes 19:14)<\/p>\n","protected":false},"excerpt":{"rendered":"<p>NB\u00a0:\u00a0Dans les bibles courantes incluant la version Louis segond le nom majestueux d\u2019Elohim supr\u00eame (Dieu supr\u00eame), l&rsquo;Elohim (Dieu) de tous les elohim (dieux), ce nom precieux le t\u00e9tagramme\u00a0YHWH\u00a0(En h\u00e9breu\u00a0\u00a0\u05d9\u05d4\u05d5\u05d4)\u00a0se pronon\u00e7ant\u00a0Yahweh\u00a0a \u00e9t\u00e9 substitu\u00e9 par\u00a0l\u2019\u00c9ternel\u00a0 dans l\u2019ancien testament et parfois\u00a0 par\u00a0Dieu\u00a0ou\u00a0Seigneur\u00a0dans le nouveau Testament. \u00c9galement le nom majestueux de son fils en h\u00e9breu\u00a0\u05d9\u05d4\u05d5\u05e9\u05d5\u05e2\u00a0se pronon\u00e7ant\u00a0Yahushua\u00a0a \u00e9t\u00e9 substitu\u00e9\u00a0par\u00a0J\u00e9sus\u00a0dans le [&hellip;]<\/p>\n","protected":false},"author":1,"featured_media":0,"parent":0,"menu_order":0,"comment_status":"closed","ping_status":"closed","template":"","meta":{"footnotes":""},"class_list":["post-601","page","type-page","status-publish","hentry"],"_links":{"self":[{"href":"https:\/\/disciplesdeyahushua.com\/index.php\/wp-json\/wp\/v2\/pages\/601","targetHints":{"allow":["GET"]}}],"collection":[{"href":"https:\/\/disciplesdeyahushua.com\/index.php\/wp-json\/wp\/v2\/pages"}],"about":[{"href":"https:\/\/disciplesdeyahushua.com\/index.php\/wp-json\/wp\/v2\/types\/page"}],"author":[{"embeddable":true,"href":"https:\/\/disciplesdeyahushua.com\/index.php\/wp-json\/wp\/v2\/users\/1"}],"replies":[{"embeddable":true,"href":"https:\/\/disciplesdeyahushua.com\/index.php\/wp-json\/wp\/v2\/comments?post=601"}],"version-history":[{"count":14,"href":"https:\/\/disciplesdeyahushua.com\/index.php\/wp-json\/wp\/v2\/pages\/601\/revisions"}],"predecessor-version":[{"id":2117,"href":"https:\/\/disciplesdeyahushua.com\/index.php\/wp-json\/wp\/v2\/pages\/601\/revisions\/2117"}],"wp:attachment":[{"href":"https:\/\/disciplesdeyahushua.com\/index.php\/wp-json\/wp\/v2\/media?parent=601"}],"curies":[{"name":"wp","href":"https:\/\/api.w.org\/{rel}","templated":true}]}}