{"id":62,"date":"2015-11-18T08:52:53","date_gmt":"2015-11-18T13:52:53","guid":{"rendered":"http:\/\/localhost\/WORDPRESS\/?page_id=62"},"modified":"2024-12-28T19:15:31","modified_gmt":"2024-12-29T00:15:31","slug":"le-peche-de-lorgueil","status":"publish","type":"page","link":"https:\/\/disciplesdeyahushua.com\/index.php\/le-peche-de-lorgueil\/","title":{"rendered":"LE P\u00c9CH\u00c9 DE L\u2019ORGUEIL"},"content":{"rendered":"<p><strong>NB\u00a0:<\/strong> Dans les bibles courantes incluant la version Louis segond le nom majestueux d\u2019Elohim supr\u00eame (Dieu supr\u00eame), l&rsquo;Elohim (Dieu) de tous les elohim (dieux), ce nom precieux le tetagramm\u00a0<strong>YHWH<\/strong>\u00a0(En h\u00e9breu\u00a0 <strong>\u05d9\u05d4\u05d5<\/strong><strong>\u05d4<\/strong><strong>)<\/strong>\u00a0se prononcant\u00a0<strong>Yahweh<\/strong>\u00a0a \u00e9t\u00e9 substitu\u00e9 par\u00a0<strong>l\u2019Eternel<\/strong>\u00a0 dans l\u2019ancien testament et parfois\u00a0 par <strong>Dieu<\/strong>\u00a0ou <strong>Seigneur<\/strong> dans le nouveau Testament. Egalement le nom majestueux de son fils en h\u00e9breu\u00a0<strong>\u05d9\u05d4\u05d5\u05e9\u05d5\u05e2<\/strong>\u00a0se prononcant\u00a0<strong>Yahushua<\/strong>\u00a0a \u00e9t\u00e9 substitu\u00e9\u00a0par\u00a0<strong>J\u00e9sus<\/strong>\u00a0dans le nouveau testament.<\/p>\n<hr \/>\n<p><strong>\u00a0<\/strong><\/p>\n<p><strong>LE P\u00c9CH\u00c9 DE L\u2019ORGUEIL<\/strong><\/p>\n<p><strong>Il y\u2019a un p\u00e9ch\u00e9<\/strong><strong> qui est pr\u00e9sent partout o\u00f9 les humains se retrouvent.\u00a0 Avant de commencer, je voudrais que vous aussi \u00a0sachiez que moi aussi dans certaines situations je me suis retrouv\u00e9 \u00eatre entrains de commettre ce p\u00e9ch\u00e9 \u00e0 diff\u00e9rentes occasions. Je dis cela pour ne pas \u00a0para\u00eetre comme un hypocrite devant Yahweh. Mais je voudrais \u00a0partager certaines choses dans sa parole \u00e0 propos de ce p\u00e9ch\u00e9 qui demeure souvent silencieux. Ce p\u00e9ch\u00e9 demeure silencieux parce qu&rsquo;il est le p\u00e9ch\u00e9 en l\u2019\u00catre humain qui l\u2019emp\u00eache\u00a0 de l&rsquo;admettre le plus souvent. <u>Ce p\u00e9ch\u00e9 est en fait l\u2019Orgueil.<\/u><\/strong><\/p>\n<p>\u00a0\u00bb <span style=\"color: #ff0000;\"><strong>30-\u00a0<\/strong><strong><u>Si l&rsquo;orgueil te pousse \u00e0 des actes de folie<\/u>, Et si tu as de <u>mauvaises pens\u00e9es<\/u>, mets la main sur la bouche:<\/strong><\/span> \u00a0\u00bb\u00a0 (Proverbes 30:32)<\/p>\n<p><strong>En v\u00e9rit\u00e9 si l\u2019orgueil nous pousse \u00e0 des actes de folie\u2026.alors fermons nos bouches.<\/strong><\/p>\n<p>\u00a0\u00bb <span style=\"color: #ff0000;\"><strong>18-<\/strong><strong>L&rsquo;arrogance pr\u00e9c\u00e8de la ruine, Et <u>l&rsquo;orgueil pr\u00e9c\u00e8de la chute.<\/u><\/strong><\/span><strong> \u00ab\u00a0<\/strong> \u00a0\u00a0(Proverbes 16:18)<\/p>\n<p><strong>L&rsquo;orgueil est <\/strong><strong>\u00a0trompeuse et nous m\u00e8ne \u00e0 la perdition.<\/strong><\/p>\n<p>\u00a0\u00bb <span style=\"color: #ff0000;\"><strong>3-<\/strong><strong><u>L&rsquo;orgueil de ton coeur\u00a0 t&rsquo;a \u00e9gar\u00e9<\/u><\/strong><strong>, Toi qui habites le creux des rochers, Qui t&rsquo;assieds sur les hauteurs, <u>Et qui dis en toi-m\u00eame: Qui me pr\u00e9cipitera jusqu&rsquo;\u00e0 terre?<\/u><\/strong>\u00a0<strong>4-<u>Quand tu placerais ton nid aussi haut que celui de l&rsquo;aigle, Quand tu le placerais parmi les \u00e9toiles, Je t&rsquo;en pr\u00e9cipiterai, dit Yahweh.<\/u><\/strong><\/span> \u00a0\u00bb\u00a0 (Abdias 1:3-4)<\/p>\n<p>\u00a0\u00bb <span style=\"color: #ff0000;\"><strong>13-La crainte de Yahweh, c&rsquo;est la haine du mal; <u>L&rsquo;arrogance et l&rsquo;orgueil<\/u>, la voie du mal, Et la bouche perverse, <u>voil\u00e0 ce que je hais<\/u>.<\/strong><\/span> \u00a0\u00bb\u00a0 (Proverbes 8:13)<\/p>\n<p><strong>Yahweh<\/strong><strong> d\u00e9teste l&rsquo;orgueil. M\u00eame un regard hautain est abominable \u00e0 ses yeux.<\/strong><\/p>\n<p>\u00a0\u00bb <span style=\"color: #ff0000;\"><strong>16-<\/strong><strong style=\"color: #ff0000;\"><u>Il y a six choses que hait Yahweh<\/u><\/strong><b style=\"color: #ff0000;\">, Et m\u00eame <\/b><u style=\"color: #ff0000; font-weight: bold;\">sept qu&rsquo;il a en horreur<\/u><b style=\"color: #ff0000;\">; 17-<\/b><u style=\"color: #ff0000; font-weight: bold;\">Les yeux hautains<\/u><b style=\"color: #ff0000;\">, la langue menteuse, Les mains qui r\u00e9pandent le sang innocent, 18-Le <\/b><span style=\"color: #ff0000;\"><b>c\u0153ur<\/b><\/span><b style=\"color: #ff0000;\">\u00a0qui m\u00e9dite des projets iniques, Les pieds qui se h\u00e2tent de courir au mal, 19-Le faux t\u00e9moin qui dit des mensonges, Et celui qui excite des querelles entre fr\u00e8res.<\/b><\/span> \u00a0\u00bb (Proverbes\u00a0 6:16-19)<\/p>\n<p><strong>Les yeux hautains ou encore les regards hautains<\/strong><strong>? Oui. M\u00eame \u00a0les regards hautains! Pourquoi?<\/strong><\/p>\n<p><strong>Je pense<\/strong><strong> que l&rsquo;orgueil est un des p\u00e9ch\u00e9s les plus nocifs qu&rsquo;une personne peut commettre. Il nous s\u00e9duit. Souvent, nous pensons que nous ne l&rsquo;avons pas et plus tard, nous nous rendons compte que nous le pratiquons. Cependant l\u2019orgueil peut conduire un Homme \u00e0 faire presque tout ce qu\u2019il d\u00e9sire. Il peut conduire un homme \u00e0 devenir riche, \u00e0 devenir un talentueux artiste (art, musique), \u00e0 devenir quelqu\u2019un de c\u00e9l\u00e8bre, puissant, intellectuel, voir m\u00eame tr\u00e8s religieux.<\/strong><\/p>\n<p><strong>Pourquoi<\/strong><strong> Yahweh d\u00e9teste tellement l\u2019Orgueil ? Eh bien, il n&rsquo;y a vraiment rien ici bas que nous devrons nous glorifier d\u2019avoir r\u00e9alis\u00e9 de nous m\u00eame? Pensez-y, Yahweh a cr\u00e9\u00e9 les cieux et la terre et tout ce qui s\u2019y trouve. L&rsquo;Homme s\u2019est r\u00e9volt\u00e9 contre son Cr\u00e9ateur depuis le commencement du temps. Oui, du jardin d\u2019Eden tout au long jusqu&rsquo;\u00e0 aujourd&rsquo;hui \u00e0 notre \u00e9poque&#8230; Entre temps, Yahweh a m\u00eame envoy\u00e9 son propre Fils Yahushua mourir pour nous qui \u00e9tions p\u00e9cheurs afin que nous soyons racheter du salaire du p\u00e9ch\u00e9 \u2013 La mort dans le Lac de Feu (l\u2019Enfer). Et Cependant beaucoup sont trop arrogant de l\u2019accepter! Nous devons \u00eatre prudents lorsque nous disons &#8230; Nous faisons ou avons fait ceci ou cela. C\u2019est Yahweh qui nous a donn\u00e9 le souffle de vie. Rappelez \u00a0vous du serviteur Job?<\/strong><\/p>\n<p>\u00a0\u00bb <span style=\"color: #ff0000;\"><strong>1-<u>Yahweh r\u00e9pondit \u00e0 Iyyov (Job) du milieu de la temp\u00eate et dit<\/u><\/strong><strong>: 2-<u>Qui est celui qui obscurcit mes desseins Par des discours sans intelligence<\/u>? 3-Ceins tes reins comme un vaillant homme; Je t&rsquo;interrogerai, et tu m&rsquo;instruiras. 4-<u>O\u00f9 \u00e9tais-tu quand je fondais la terre? Dis-le, si tu as de l&rsquo;intelligence<\/u><\/strong><\/span> \u00a0\u00bb (Job 38\u00a0:1-4)<\/p>\n<p><strong>Yahweh<\/strong><strong> passe les deux prochains chapitres suivants le chap 38 du livre \u00a0de Job d\u00e9clarant sa dignit\u00e9 et notre incapacit\u00e9 m\u00eame de se rapprocher de sa force et de puissance.<\/strong><\/p>\n<p>\u00ab\u00a0<span style=\"color: #ff0000;\">\u00a0<strong>12-Car il y a un jour pour Yahweh des arm\u00e9es\u00a0 Contre <u>tout Homme orgueilleux et hautain<\/u>, Contre quiconque s&rsquo;\u00e9l\u00e8ve, afin qu&rsquo;il soit abaiss\u00e9;<\/strong><\/span> \u00a0\u00bb (Esaie 2:12)<\/p>\n<p><strong>En<\/strong><strong> lisant les diff\u00e9rentes \u00e9critures dans Proverbes faisant allusion au fou ou l\u2019insens\u00e9, nous verrons toujours qu\u2019il se trouve dans une situation d\u00e9sagr\u00e9able\u2026<\/strong><strong> Cependant m\u00eame le fou ou l\u2019insens\u00e9 a plus d\u2019espoir pour le royaume de cieux qu\u2019un homme hautain, un homme qui se croit toujours sage.<\/strong><\/p>\n<p>\u00a0\u00bb <span style=\"color: #ff0000;\"><strong>12-<u><strong><span style=\"color: #ff0000;\">Si<\/span><\/strong> tu vois un homme qui se croit sage, Il y a plus \u00e0 esp\u00e9rer d&rsquo;un insens\u00e9 que de lui.<\/u><\/strong> \u00a0\u00bb <span style=\"color: #000000;\">(Pro<\/span><\/span>verbes\u00a0 26:12)<\/p>\n<p>\u00a0\u00bb <span style=\"color: #ff0000;\"><strong>34<\/strong><\/span>&#8211;<span style=\"color: #ff0000;\"><strong><u>Il se moque des moqueurs, Mais il fait gr\u00e2ce aux humbles;<\/u><\/strong> <\/span>\u00a0\u00bb (Proverbes\u00a0 3:34)<\/p>\n<p><strong>Yahweh aime les personnes humbles et il s\u2019oppose ou r\u00e9siste aux orgueilleux.<\/strong><\/p>\n<p>\u00a0\u00bb <span style=\"color: #ff0000;\"><strong>5-De m\u00eames, vous qui \u00eates jeunes, soyez soumis aux anciens. Et tous, dans vos rapports mutuels, rev\u00eatez-vous d&rsquo;humilit\u00e9; <u>car Yahweh r\u00e9siste aux orgueilleux, Mais il fait gr\u00e2ce aux humbles.<\/u><\/strong><\/span> \u00a0\u00bb (1 Pierre 5:5)<\/p>\n<p><strong>Avec<\/strong><strong> de l\u2019arrogance ou l\u2019orgueil en nous&#8230; il ne peut y avoir de place pour notre cr\u00e9ateur, notre Elohim Yahweh.<\/strong><\/p>\n<p>\u00a0\u00bb <span style=\"color: #ff0000;\"><strong>4-<\/strong><strong><u>Le m\u00e9chant dit avec arrogance<\/u><\/strong><strong>: Il ne punit pas! Il n&rsquo;y a point d\u2019Elohim! &#8211;<u>Voil\u00e0 toutes ses pens\u00e9es.<\/u><\/strong><\/span> \u00a0\u00bb\u00a0 (Psaumes 10:4)<\/p>\n<p><strong>Si nous<\/strong><strong> nous\u00a0 croyons assez grands \u00e0 nos propres yeux &#8230; Est-ce que Yahweh nous r\u00e9v\u00e9lera encore la v\u00e9rit\u00e9 \u00e0 travers sa parole? Ou \u00a0Accepterions-nous encore de marcher dans ses voies?<\/strong><\/p>\n<p>\u00a0\u00bb <span style=\"color: #ff0000;\"><strong>13-\u00c0 vous maintenant, qui dites: Aujourd&rsquo;hui ou demain nous irons dans telle ville, nous y passerons une ann\u00e9e, nous trafiquerons, et nous gagnerons! 14-Vous qui ne savez pas ce qui arrivera demain! car, qu&rsquo;est-ce votre vie? Vous \u00eates une vapeur qui para\u00eet pour un peu de temps, et qui ensuite dispara\u00eet. 15-Vous devriez dire, au contraire: <u>Si Yahweh le veut, nous vivrons, et nous ferons ceci ou cela<\/u>. 16-Mais <u>maintenant vous vous glorifiez dans vos pens\u00e9es orgueilleuses<\/u>. C&rsquo;est chose mauvaise que de se glorifier de la sorte. 17-<u>Celui donc qui sait faire ce qui est bien, et qui ne le fait pas, commet un p\u00e9ch\u00e9.<\/u><\/strong> <\/span>\u00a0\u00bb (Jacques 4:13-17)<\/p>\n<p><strong>N<\/strong><strong>ous devons continuellement <\/strong><strong>glorifier Yahweh ou faire des actions de grace \u00e0 Yahweh dans tout ce que nous faisons. Si nous agissons autrement ce sera en vain. Lorsque nous chantons des cantiques ou des Louanges, nous devrons le faire pour honorer Yahweh, et non pour ceux qui nous regardent. Lorsque nous effectuons une t\u00e2che quelconque \u00e7a doit toujours \u00eatre dans l\u2019optique de rendre gloire \u00e0 Yahweh. Regardons un peu l\u2019attitude de \u00a0David &#8230; Lorsqu\u2019il allait combattre Goliath, le Philistin &#8230; s\u2019appuyait-il sur ses propres forces ou sur la puissance de Yahweh?<\/strong><\/p>\n<p>\u00a0\u00bb <span style=\"color: #ff0000;\"><strong>45-David dit au Philistin: Tu marches contre moi avec l&rsquo;\u00e9p\u00e9e, la lance et le javelot; et moi, <u>je marche contre toi au nom de Yahweh des arm\u00e9es, du Elohim de l&rsquo;arm\u00e9e d&rsquo;Isra\u00ebl, que tu as insult\u00e9e.<\/u><\/strong> <\/span>\u00a0\u00bb (1 Samuel 17:45)<\/p>\n<p><strong>David n\u2019\u00e9tait pas impressionn\u00e9 \u00e0 l\u2019apparence corporelle de son adversaire<\/strong><strong>. Bien que David f\u00fbt tr\u00e8s petit en face de ce dernier , il avait toute sa confiance en Yahweh. N\u2019Est-ce pas ce que Yahweh fait souvent? Il se sert parfois des plus petits ou des humbles&#8230; et r\u00e9alise \u00e0 travers eux \u00a0de grands exploits afin que son nom soit glorifi\u00e9 \u00e0 travers les nations. On peut citer d\u2019autres exemples \u00e0 travers les \u00e9critures comme Noach\/No\u00e9, Avraham\/Abraham, Ya&rsquo;aqov\/Jacob, Iyyov\/Job, Yahusef\/Joseph, Mosheh\/Moise, Daniel, Yahushua (son fils unique), les ap\u00f4tres etc\u2026<\/strong><\/p>\n<p>\u00ab\u00a0<span style=\"color: #ff0000;\"><strong> 8-<u>On t&rsquo;a fait conna\u00eetre, \u00f4 homme, ce qui est bien; Et ce que Yahweh demande de toi,<\/u><\/strong><strong> C&rsquo;est que tu pratiques la justice, Que tu aimes la mis\u00e9ricorde, <u>Et que tu marches humblement avec ton Elohim.<\/u><\/strong><\/span> \u00a0\u00bb (Mich\u00e9e 6:8)<\/p>\n<p>\u00a0\u00bb <span style=\"color: #ff0000;\"><strong>1-Ainsi parle Yahweh: Le ciel est mon tr\u00f4ne, Et la terre mon marchepied. Quelle maison pourriez-vous me b\u00e2tir, Et quel lieu me donneriez-vous pour demeure? 2-Toutes ces choses, ma main les a faites, Et toutes ont re\u00e7u l&rsquo;existence, dit Yahweh. <u>Voici sur qui je porterai mes regards: Sur celui qui souffre et qui a l&rsquo;esprit abattu, Sur celui qui craint ma parole<\/u>.<\/strong><\/span>\u00a0\u00bb\u00a0 (Esaie 66:1-2)<\/p>\n<p><strong>Tremblons-nous r\u00e9ellement \u00e0 sa parole? Ou la sondons nous\u2026juste dans le but de faire des accusations contre d\u2019autres personnes\u00a0? \u00a0Ou la \u00a0lisons nous en cherchant des choses qui pourraient mettre en conviction notre c\u0153ur ou notre conscience sur nos p\u00e9ch\u00e9s? Ou alors\u00a0 examinons nous sa parole tout simplement\u00a0 dans le d\u00e9sir de trouver des passages que nous pourrions utiliser pour prouver aux autres que nous avons toujours raison?<\/strong><br \/>\n<strong>Cependant, il est bon<\/strong><strong> de chercher la v\u00e9rit\u00e9 et la partager avec les autres &#8230; mais je pense qu&rsquo;il serait encore mieux lorsque cette v\u00e9rit\u00e9 nous convint ou nous persuade sinc\u00e8rement en premier.<br \/>\nRabaisser les autres personnes parce qu\u2019on croit d\u00e9tenir la v\u00e9rit\u00e9 n\u2019est rien d\u2019autre que l\u2019Orgueil. J\u2019ai parfois eu \u00e0 rencontrer des croyants au Messie ayant toujours cet intention \u00e0 vouloir\u00a0 rabaisser les autres lors des \u00e9tudes bibliques ou des pr\u00e9dications afin d\u2019apparaitre aux yeux des autres personnes comme des gens sans reproche et tr\u00e8s sages spirituellement. Parfois ils vont jusqu\u2019\u00e0 faire des fausses accusations sur d\u2019autres\u00a0 afin de paraitre justes aux yeux de tous.<\/strong><\/p>\n<p><strong>L\u2019orgueil cause le plus souvent les divisions et les querelles dans le corps du Mashiach (Christ). <\/strong><\/p>\n<p>\u00a0\u00bb <span style=\"color: #ff0000;\"><strong>25-<u>L&rsquo;orgueilleux excite les querelles<\/u><\/strong><strong>, Mais celui qui se confie en Yahweh est rassasi\u00e9.<\/strong><\/span> \u00a0\u00bb (Proverbes 28:25)<\/p>\n<p>\u00a0\u00bb <span style=\"color: #ff0000;\"><strong>3-<u>Si quelqu&rsquo;un enseigne de fausses doctrines, et ne s&rsquo;attache pas aux saines paroles de notre <em>Ma\u00eetre (seigneur)<\/em> Yahushua Ha Mashiach <\/u><\/strong><strong>et \u00e0 la doctrine qui est selon la pi\u00e9t\u00e9<u>, 4-il est enfl\u00e9 d&rsquo;orgueil, il ne sait rien, et il a la maladie des questions oiseuses et des disputes de mots, d&rsquo;o\u00f9 naissent l&rsquo;envie, les querelles, les calomnies, les mauvais soup\u00e7ons, 5-les vaines discussions d&rsquo;hommes corrompus d&rsquo;entendement, priv\u00e9s de la v\u00e9rit\u00e9, et croyant que la pi\u00e9t\u00e9 est une source de gain<\/u>.<\/strong><\/span>\u00a0\u00bb (1 Timoth\u00e9e 6:3-5)<\/p>\n<p><strong>L\u2019orgueil est<\/strong><strong> souvent \u00e0 l&rsquo;origine des enfants de la r\u00e9bellion. Qu\u2019est qui\u00a0 a retenu\u00a0 les \u00a0pharisiens d&rsquo;accepter \u00a0Yahushua comme le Messie? \u00a0N\u2019\u00e9tait- ce pas l&rsquo;orgueil?<\/strong><\/p>\n<p>\u00a0\u00bb <span style=\"color: #ff0000;\"><strong>42-Cependant, m\u00eame parmi les chefs, plusieurs crurent en lui; mais, <u>\u00e0 cause des pharisiens<\/u>, ils n&rsquo;en faisaient pas l&rsquo;aveu, dans la crainte d&rsquo;\u00eatre exclus de la synagogue. 43-<u>Car ils aim\u00e8rent la gloire des hommes plus que la gloire de Yahweh.<\/u><\/strong><\/span> \u00a0\u00bb (Jean 12:42-43)<\/p>\n<p><strong>On remarque d\u2019apr\u00e8s les versets pr\u00e9c\u00e9dents que l\u2019orgueil y \u00e9tait en eux.<\/strong><strong> M\u00eame une pri\u00e8re peut \u00eatre conduite par un esprit d\u2019orgueil. Je pense que lorsque nous commen\u00e7ons \u00e0 parler dans nos pri\u00e8res,\u00a0 nous ne devons pas agir comme si Yahweh n\u2019occupait pas d\u00e9j\u00e0 la premi\u00e8re place dans notre vie &#8230;. Souvent l\u2019orgueil \u00a0pousse les gens \u00e0 \u00eatre ingrat ou m\u00e9prisant \u00e0 l\u2019\u00e9gard de Yahweh, il effectue souvent des pri\u00e8res accentu\u00e9es seulement sur leurs personnalit\u00e9s ou sur leur d\u00e9sirs. Et \u00e0 un certain point leurs pri\u00e8res ne s\u2019adressent plus \u00e0\u00a0 Yahweh , elle deviennent\u00a0 plut\u00f4t des performances agr\u00e9ables aux hommes au lieu d\u2019\u00eatre une offrande sainte, pure, \u00a0sans t\u00e2che agr\u00e9able \u00e0 Yahweh. Dans la pri\u00e8re, n\u2019oublions pas que nous\u00a0 nous adressons \u00e0 Yahweh afin qu\u2019il nous serve. Consid\u00e9rons cet exemple biblique.<\/strong><\/p>\n<p>\u00a0\u00bb <span style=\"color: #ff0000;\"><strong>10-Deux hommes mont\u00e8rent au temple pour prier; l&rsquo;un \u00e9tait pharisien, et l&rsquo;autre publicain. 11-Le pharisien, debout, priait ainsi en lui-m\u00eame: \u00d4 Elohim, je te rends gr\u00e2ces de ce que je ne suis pas comme le reste des hommes, qui sont ravisseurs, injustes, adult\u00e8res, ou m\u00eame comme ce publicain\u2026<\/strong><\/span>\u00a0\u00bb (Luc 18:10-11)<\/p>\n<p><strong>Ce pharisien a pri\u00e9 ainsi pour se glorifier lui-m\u00eame,<\/strong><\/p>\n<p><strong>\u00ab\u00a0<span style=\"color: #ff0000;\">\u2026<\/span><\/strong><span style=\"color: #ff0000;\"><strong>;12-<\/strong><strong> je je\u00fbne deux fois la semaine, je donne la d\u00eeme de tous mes revenus. 13-Le publicain, se tenant \u00e0 distance, n&rsquo;osait m\u00eame pas lever les yeux au ciel; mais il se frappait la poitrine, en disant: \u00d4 Elohim, sois apais\u00e9 envers moi, qui suis un p\u00e9cheur. 14-Je vous le dis, celui-ci descendit dans sa maison justifi\u00e9, plut\u00f4t que l&rsquo;autre. <u>Car quiconque s&rsquo;\u00e9l\u00e8ve sera abaiss\u00e9, et celui qui s&rsquo;abaisse sera \u00e9lev\u00e9.<\/u><\/strong> <\/span>\u00a0\u00bb (Luc 18:12-14)<\/p>\n<p><strong>Tandis que ce publicain s\u2019est humili\u00e9 dans sa pri\u00e8re. On s\u2019aper\u00e7oit ici que Yahweh a accept\u00e9 la pri\u00e8re du publicain et a rejet\u00e9\u00a0 celui du pharisien.<\/strong><\/p>\n<p>\u00ab\u00a0<span style=\"color: #ff0000;\"><strong> 7-<\/strong><strong>Il adressa ensuite une parabole aux convi\u00e9s, en voyant qu&rsquo;ils choisissaient les premi\u00e8res places; et il leur dit: 8-Lorsque tu seras invit\u00e9 par quelqu&rsquo;un \u00e0 des noces, ne te mets pas \u00e0 la premi\u00e8re place, de peur qu&rsquo;il n&rsquo;y ait parmi les invit\u00e9s une personne plus consid\u00e9rable que toi, 9-et que celui qui vous a invit\u00e9s l&rsquo;un et l&rsquo;autre ne vienne te dire: C\u00e8de la place \u00e0 cette personne-l\u00e0. Tu aurais alors la honte d&rsquo;aller occuper la derni\u00e8re place. 10-<u>Mais, lorsque tu seras invit\u00e9, va te mettre \u00e0 la derni\u00e8re place, afin que, quand celui qui t&rsquo;a invit\u00e9 viendra, il te dise: Mon ami, monte plus haut<\/u>. Alors cela te fera honneur devant tous ceux qui seront \u00e0 table avec toi. 11-<u>Car quiconque s&rsquo;\u00e9l\u00e8ve sera abaiss\u00e9, et quiconque s&rsquo;abaisse sera \u00e9lev\u00e9.<\/u><\/strong> <\/span>\u00a0\u00bb (Luc 14:7-11)<\/p>\n<p><strong>De m\u00eame, il<\/strong><strong> serait pr\u00e9f\u00e9rable de s\u2019humilier dans cette vie \u00e9ph\u00e9m\u00e8re que de se voir humilier le jour du Jugement dernier apr\u00e8s la seconde r\u00e9surrection ! Car toute chose cach\u00e9e ou s\u00e9cr\u00e8te sera expos\u00e9e ce jour l\u00e0.<br \/>\nAvant de cl\u00f4turer, je tiens \u00e0 partager une \u00e9criture qui montre la seule sorte d\u2019orgueil ci-n\u00e9cessaire\u00a0 que Yahweh agr\u00e9e. <\/strong><\/p>\n<p>\u00a0\u00bb <span style=\"color: #ff0000;\"><strong>23-<\/strong><strong>Ainsi parle Yahweh: <u>Que le sage ne se glorifie pas de sa sagesse,<\/u> <u>Que le fort ne se glorifie pas de sa force<\/u>, <u>Que le riche ne se glorifie pas de sa richesse<\/u>.<\/strong>\u00a0<strong>24<\/strong>&#8211;<strong><u>Mais que celui qui veut se glorifier se glorifie d&rsquo;avoir de l&rsquo;intelligence et de me conna\u00eetre, De savoir que je suis Yahweh, Qui exerce la bont\u00e9, le droit et la justice sur la terre; Car c&rsquo;est \u00e0 cela que je prends plaisir, dit Yahweh<\/u><\/strong>.<\/span> \u00a0\u00bb (J\u00e9r\u00e9mie 9:23-24)<\/p>\n<p><strong>Et m\u00eame si on parvenait \u00e0 connaitre Yahweh \u00e0 travers sa parole, je ne<\/strong><strong> pense pas que \u00e7a nous donnerait le feu vert pour nous conduire comme les scribes et les pharisiens, voulant nous glorifier par nos propres pens\u00e9es \u00a0et oeuvres&#8230; Plut\u00f4t,\u00a0 nous devons laisser notre honneur se manifester dans l\u2019humilit\u00e9, \u00e9tant donn\u00e9 que nous sommes des serviteurs de Yahweh. Ce n\u2019est pas une chose honteuse de servir Yahweh, notre cr\u00e9ateur. Au contraire c\u2019est une chose honorable \u00e0 servir le Roi, HalleluYah! Et nous sommes b\u00e9nis d&rsquo;\u00eatre Ses serviteurs. Toute la patience et la mis\u00e9ricorde et l&rsquo;amour qu&rsquo;il a eu pour nous, juste pour que nous puissions \u00eatre les siens. Nous sommes plus que b\u00e9nis d&rsquo;\u00eatre des serviteurs du Tr\u00e8s-Haut. Yahushua a pay\u00e9 le prix ultime afin que nous puissions servir son p\u00e8re. Ne gaspillons pas notre temps ici bas sur les vanit\u00e9s de ce\u00a0 monde inspir\u00e9es par Satan, Exaltons plut\u00f4t notre p\u00e8re c\u00e9leste Yahweh dans nos vies \u00e0 l\u2019exemple de Yahushua notre mod\u00e8le!<\/strong><\/p>\n<p>\u00ab\u00a0<span style=\"color: #ff0000;\"><strong> 1-<\/strong><strong>Non pas \u00e0 nous, Yahweh, non pas \u00e0 nous, <u>Mais \u00e0 ton nom donne gloire<\/u>, \u00c0<u>\u00a0cause de ta bont\u00e9, \u00e0 cause de ta fid\u00e9lit\u00e9<\/u>!<\/strong><\/span> \u00a0\u00bb (Psaumes 115:1)<\/p>\n<p><strong>Que nous puissions dor\u00e9navant servir\u00a0 notre p\u00e8re c\u00e9leste avec un c\u0153ur pur, au nom de Yahushua Ha Mashiach. Amen<\/strong><\/p>\n","protected":false},"excerpt":{"rendered":"<p>NB\u00a0: Dans les bibles courantes incluant la version Louis segond le nom majestueux d\u2019Elohim supr\u00eame (Dieu supr\u00eame), l&rsquo;Elohim (Dieu) de tous les elohim (dieux), ce nom precieux le tetagramm\u00a0YHWH\u00a0(En h\u00e9breu\u00a0 \u05d9\u05d4\u05d5\u05d4)\u00a0se prononcant\u00a0Yahweh\u00a0a \u00e9t\u00e9 substitu\u00e9 par\u00a0l\u2019Eternel\u00a0 dans l\u2019ancien testament et parfois\u00a0 par Dieu\u00a0ou Seigneur dans le nouveau Testament. Egalement le nom majestueux de son fils en [&hellip;]<\/p>\n","protected":false},"author":1,"featured_media":0,"parent":0,"menu_order":0,"comment_status":"closed","ping_status":"closed","template":"","meta":{"footnotes":""},"class_list":["post-62","page","type-page","status-publish","hentry"],"_links":{"self":[{"href":"https:\/\/disciplesdeyahushua.com\/index.php\/wp-json\/wp\/v2\/pages\/62","targetHints":{"allow":["GET"]}}],"collection":[{"href":"https:\/\/disciplesdeyahushua.com\/index.php\/wp-json\/wp\/v2\/pages"}],"about":[{"href":"https:\/\/disciplesdeyahushua.com\/index.php\/wp-json\/wp\/v2\/types\/page"}],"author":[{"embeddable":true,"href":"https:\/\/disciplesdeyahushua.com\/index.php\/wp-json\/wp\/v2\/users\/1"}],"replies":[{"embeddable":true,"href":"https:\/\/disciplesdeyahushua.com\/index.php\/wp-json\/wp\/v2\/comments?post=62"}],"version-history":[{"count":16,"href":"https:\/\/disciplesdeyahushua.com\/index.php\/wp-json\/wp\/v2\/pages\/62\/revisions"}],"predecessor-version":[{"id":2105,"href":"https:\/\/disciplesdeyahushua.com\/index.php\/wp-json\/wp\/v2\/pages\/62\/revisions\/2105"}],"wp:attachment":[{"href":"https:\/\/disciplesdeyahushua.com\/index.php\/wp-json\/wp\/v2\/media?parent=62"}],"curies":[{"name":"wp","href":"https:\/\/api.w.org\/{rel}","templated":true}]}}